{"id":92400,"date":"2021-03-19T12:44:10","date_gmt":"2021-03-19T12:44:10","guid":{"rendered":"https:\/\/cernelic.hr\/katalog\/Bez%20kategorije\/salona-by-cernelic-2\/"},"modified":"2023-12-08T02:32:34","modified_gmt":"2023-12-08T02:32:34","slug":"salona-by-cernelic","status":"publish","type":"product","link":"https:\/\/cernelic.hr\/en\/proizvod\/salona-by-cernelic\/","title":{"rendered":"SALONA by \u010cerneli\u0107"},"content":{"rendered":"<p>\u201eSalona\u201c kolekcija apelira na Va\u0161u te\u017enju za udobno\u0161\u0107u i elegancijom!<br \/>\nSkupina stolica \u201eSalona\u201c stvorena je za boravak na otvorenom kombinacijom kataforeze, elektrostati\u010dki-pra\u0161kasto obojanog metalnog tijela i pufastog jastuka. Ova kolekcija ima vode\u0107u ulogu u stvaranju jednostavnih, spokojnih i ugodnih prostora. Sjedalice kakve su pultovi na otvorenom \u010dekali!<\/p>\n","protected":false},"excerpt":{"rendered":"<p>\u201eSalona\u201c kolekcija apelira na Va\u0161u te\u017enju za udobno\u0161\u0107u i elegancijom! Skupina stolica \u201eSalona\u201c stvorena je za boravak na otvorenom kombinacijom kataforeze, elektrostati\u010dki-pra\u0161kasto obojanog metalnog tijela i pufastog jastuka. Ova kolekcija ima vode\u0107u ulogu u stvaranju jednostavnih, spokojnih i ugodnih prostora. Sjedalice kakve su pultovi na otvorenom \u010dekali!<\/p>\n","protected":false},"featured_media":92050,"template":"","meta":{"_acf_changed":false},"product_brand":[],"product_cat":[2111,2062,2105,2513,2061,2082,2066,2068,2117,2112,2101,2071,2108,2141,2079,2103,2074,2094,2073,2092],"product_tag":[],"berocket_brand":[521],"class_list":{"0":"post-92400","1":"product","2":"type-product","3":"status-publish","4":"has-post-thumbnail","6":"product_cat-dvorane","7":"product_cat-fotelje-i-garniture-za-sjedenje","8":"product_cat-javni","9":"product_cat-outdoor","10":"product_cat-proizvodi","11":"product_cat-proizvodi-fotelje-garniture-fotelje-i-garniture-unutarnje-prostore","12":"product_cat-proizvodi-fotelje-garniture-fotelje-i-garniture-za-vanjske-prostore","13":"product_cat-prostori","14":"product_cat-prostori-dvorane-fotelje-i-garniture-za-unutarnje-prostore","15":"product_cat-prostori-dvorane-fotelje-i-garniture-za-vanjske-prostore","16":"product_cat-prostori-horeca-fotelje-i-garniture-za-unutarnje-prostore","17":"product_cat-prostori-horeca-fotelje-i-garniture-za-vanjske-prostore","18":"product_cat-prostori-javni-fotelje-i-garniture-za-unutarnje-prostore","19":"product_cat-prostori-javni-fotelje-i-garniture-za-vanjske-prostore","20":"product_cat-prostori-outdoor-fotelje-i-garniture-za-vanjske-prostore","21":"product_cat-prostori-rezidencijalni-fotelje-i-garniture-za-unutarnje-prostore","22":"product_cat-prostori-rezidencijalni-fotelje-i-garniture-za-vanjske-prostore","23":"product_cat-prostori-uredi-fotelje-i-garniture-za-sjedenje","24":"product_cat-rezidencijalni","25":"product_cat-uredi","26":"berocket_brand-cernelic","28":"first","29":"instock","30":"product-type-grouped"},"acf":[],"_links":{"self":[{"href":"https:\/\/cernelic.hr\/en\/wp-json\/wp\/v2\/product\/92400","targetHints":{"allow":["GET"]}}],"collection":[{"href":"https:\/\/cernelic.hr\/en\/wp-json\/wp\/v2\/product"}],"about":[{"href":"https:\/\/cernelic.hr\/en\/wp-json\/wp\/v2\/types\/product"}],"wp:featuredmedia":[{"embeddable":true,"href":"https:\/\/cernelic.hr\/en\/wp-json\/wp\/v2\/media\/92050"}],"wp:attachment":[{"href":"https:\/\/cernelic.hr\/en\/wp-json\/wp\/v2\/media?parent=92400"}],"wp:term":[{"taxonomy":"product_brand","embeddable":true,"href":"https:\/\/cernelic.hr\/en\/wp-json\/wp\/v2\/product_brand?post=92400"},{"taxonomy":"product_cat","embeddable":true,"href":"https:\/\/cernelic.hr\/en\/wp-json\/wp\/v2\/product_cat?post=92400"},{"taxonomy":"product_tag","embeddable":true,"href":"https:\/\/cernelic.hr\/en\/wp-json\/wp\/v2\/product_tag?post=92400"},{"taxonomy":"berocket_brand","embeddable":true,"href":"https:\/\/cernelic.hr\/en\/wp-json\/wp\/v2\/berocket_brand?post=92400"}],"curies":[{"name":"wp","href":"https:\/\/api.w.org\/{rel}","templated":true}]}}