{"id":92401,"date":"2021-03-19T12:44:10","date_gmt":"2021-03-19T12:44:10","guid":{"rendered":"https:\/\/cernelic.hr\/katalog\/Bez%20kategorije\/scardona-by-cernelic-2\/"},"modified":"2023-12-08T02:32:36","modified_gmt":"2023-12-08T02:32:36","slug":"scardona-by-cernelic","status":"publish","type":"product","link":"https:\/\/cernelic.hr\/en\/proizvod\/scardona-by-cernelic\/","title":{"rendered":"SCARDONA by \u010cerneli\u0107"},"content":{"rendered":"<p>Izradite svoje garniture za sjedenje!<br \/>\n\u201eScardona\u201c garnitura mo\u017ee se proizvesti u neograni\u010denoj raznolikosti konfiguracija, lako ju je postaviti u razli\u010ditim kombinacijama ovisno o prostoru zahvaljuju\u0107i modularnom sustavu, mo\u017ee se organizirati kao dvosjed ili trosjed, a povezivanjem modela mogu\u0107e je oblikovati kutnu garnituru. \u201eScardona\u201c ima robusnu metalnu podlogu i chic izbor tkanina pretvara ju u namje\u0161taj po mjeri za unutarnju i vanjsku upotrebu.<br \/>\nStolovi su proizvodi u kojima se spajaju lako\u0107a, elegancija i jednostavnost. \u010ciste linije u njihovim tankim okvirima, vrhunskim materijalima i skladnim oblicima izra\u017eeni su u \u0161armantnom dizajnu. Pogodno za unutarnje i vanjske prostore.<\/p>\n","protected":false},"excerpt":{"rendered":"<p>Izradite svoje garniture za sjedenje! \u201eScardona\u201c garnitura mo\u017ee se proizvesti u neograni\u010denoj raznolikosti konfiguracija, lako ju je postaviti u razli\u010ditim kombinacijama ovisno o prostoru zahvaljuju\u0107i modularnom sustavu, mo\u017ee se organizirati kao dvosjed ili trosjed, a povezivanjem modela mogu\u0107e je oblikovati kutnu garnituru. \u201eScardona\u201c ima robusnu metalnu podlogu i chic izbor tkanina pretvara ju u namje\u0161taj [&hellip;]<\/p>\n","protected":false},"featured_media":92051,"template":"","meta":{"_acf_changed":false},"product_brand":[],"product_cat":[2111,2062,2105,2142,2119,2513,2061,2082,2066,2068,2117,2112,2101,2071,2138,2144,2108,2141,2140,2147,2079,2186,2103,2074,2121,2146,2139,2145,2094,2073,2118,2092],"product_tag":[],"berocket_brand":[521],"class_list":{"0":"post-92401","1":"product","2":"type-product","3":"status-publish","4":"has-post-thumbnail","6":"product_cat-dvorane","7":"product_cat-fotelje-i-garniture-za-sjedenje","8":"product_cat-javni","9":"product_cat-proizvodi-stolovi-niski-stolovi-vanjske-prostore","10":"product_cat-proizvodi-stolovi-niski-stolovi-za-unutarnje-prostore","11":"product_cat-outdoor","12":"product_cat-proizvodi","13":"product_cat-proizvodi-fotelje-garniture-fotelje-i-garniture-unutarnje-prostore","14":"product_cat-proizvodi-fotelje-garniture-fotelje-i-garniture-za-vanjske-prostore","15":"product_cat-prostori","16":"product_cat-prostori-dvorane-fotelje-i-garniture-za-unutarnje-prostore","17":"product_cat-prostori-dvorane-fotelje-i-garniture-za-vanjske-prostore","18":"product_cat-prostori-horeca-fotelje-i-garniture-za-unutarnje-prostore","19":"product_cat-prostori-horeca-fotelje-i-garniture-za-vanjske-prostore","20":"product_cat-prostori-horeca-stolovi-za-unutarnje-prostore","21":"product_cat-prostori-horeca-stolovi-za-vanjske-prostore","22":"product_cat-prostori-javni-fotelje-i-garniture-za-unutarnje-prostore","23":"product_cat-prostori-javni-fotelje-i-garniture-za-vanjske-prostore","24":"product_cat-prostori-javni-stolovi-za-unutarnje-prostore","25":"product_cat-prostori-javni-stolovi-za-vanjske-prostore","26":"product_cat-prostori-outdoor-fotelje-i-garniture-za-vanjske-prostore","27":"product_cat-prostori-outdoor-stolovi","28":"product_cat-prostori-rezidencijalni-fotelje-i-garniture-za-unutarnje-prostore","29":"product_cat-prostori-rezidencijalni-fotelje-i-garniture-za-vanjske-prostore","30":"product_cat-prostori-rezidencijalni-niski-klubski-stolici-za-unutarnje-prostore","31":"product_cat-prostori-rezidencijalni-niski-klubski-stolici-za-vanjske-prostore","32":"product_cat-prostori-rezidencijalni-stolovi-za-unutarnje-prostore","33":"product_cat-prostori-rezidencijalni-stolovi-za-vanjske-prostore","34":"product_cat-prostori-uredi-fotelje-i-garniture-za-sjedenje","35":"product_cat-rezidencijalni","36":"product_cat-stolovi","37":"product_cat-uredi","38":"berocket_brand-cernelic","40":"first","41":"instock","42":"product-type-grouped"},"acf":[],"_links":{"self":[{"href":"https:\/\/cernelic.hr\/en\/wp-json\/wp\/v2\/product\/92401","targetHints":{"allow":["GET"]}}],"collection":[{"href":"https:\/\/cernelic.hr\/en\/wp-json\/wp\/v2\/product"}],"about":[{"href":"https:\/\/cernelic.hr\/en\/wp-json\/wp\/v2\/types\/product"}],"wp:featuredmedia":[{"embeddable":true,"href":"https:\/\/cernelic.hr\/en\/wp-json\/wp\/v2\/media\/92051"}],"wp:attachment":[{"href":"https:\/\/cernelic.hr\/en\/wp-json\/wp\/v2\/media?parent=92401"}],"wp:term":[{"taxonomy":"product_brand","embeddable":true,"href":"https:\/\/cernelic.hr\/en\/wp-json\/wp\/v2\/product_brand?post=92401"},{"taxonomy":"product_cat","embeddable":true,"href":"https:\/\/cernelic.hr\/en\/wp-json\/wp\/v2\/product_cat?post=92401"},{"taxonomy":"product_tag","embeddable":true,"href":"https:\/\/cernelic.hr\/en\/wp-json\/wp\/v2\/product_tag?post=92401"},{"taxonomy":"berocket_brand","embeddable":true,"href":"https:\/\/cernelic.hr\/en\/wp-json\/wp\/v2\/berocket_brand?post=92401"}],"curies":[{"name":"wp","href":"https:\/\/api.w.org\/{rel}","templated":true}]}}