{"id":92406,"date":"2021-03-19T12:47:19","date_gmt":"2021-03-19T12:47:19","guid":{"rendered":"https:\/\/cernelic.hr\/katalog\/Bez%20kategorije\/trius-by-cernelic-2\/"},"modified":"2023-12-08T02:32:50","modified_gmt":"2023-12-08T02:32:50","slug":"trius-by-cernelic","status":"publish","type":"product","link":"https:\/\/cernelic.hr\/en\/proizvod\/trius-by-cernelic\/","title":{"rendered":"TRIUS by \u010cerneli\u0107"},"content":{"rendered":"<p>\u201eTrius\u201c polivalentni stolovi nude mno\u0161tvo razli\u010ditih interpretacija zahvaljuju\u0107i velikom izboru materijala za stolne povr\u0161ine i savr\u0161eno uskla\u0111enih dizajnerskih stolica oko njega, daju\u0107i prostoru da\u0161ak elegancije i karaktera. Izaberite \u201eTrius\u201c i pustite da ideje za ure\u0111enje krenu same od sebe.<\/p>\n","protected":false},"excerpt":{"rendered":"<p>\u201eTrius\u201c polivalentni stolovi nude mno\u0161tvo razli\u010ditih interpretacija zahvaljuju\u0107i velikom izboru materijala za stolne povr\u0161ine i savr\u0161eno uskla\u0111enih dizajnerskih stolica oko njega, daju\u0107i prostoru da\u0161ak elegancije i karaktera. Izaberite \u201eTrius\u201c i pustite da ideje za ure\u0111enje krenu same od sebe.<\/p>\n","protected":false},"featured_media":92058,"template":"","meta":{"_acf_changed":false},"product_brand":[],"product_cat":[2105,2513,2061,2068,2138,2144,2140,2147,2186,2139,2145,2073,2118,2135,2143],"product_tag":[],"berocket_brand":[521],"class_list":{"0":"post-92406","1":"product","2":"type-product","3":"status-publish","4":"has-post-thumbnail","6":"product_cat-javni","7":"product_cat-outdoor","8":"product_cat-proizvodi","9":"product_cat-prostori","10":"product_cat-prostori-horeca-stolovi-za-unutarnje-prostore","11":"product_cat-prostori-horeca-stolovi-za-vanjske-prostore","12":"product_cat-prostori-javni-stolovi-za-unutarnje-prostore","13":"product_cat-prostori-javni-stolovi-za-vanjske-prostore","14":"product_cat-prostori-outdoor-stolovi","15":"product_cat-prostori-rezidencijalni-stolovi-za-unutarnje-prostore","16":"product_cat-prostori-rezidencijalni-stolovi-za-vanjske-prostore","17":"product_cat-rezidencijalni","18":"product_cat-stolovi","19":"product_cat-proizvodi-stolovi-stolovi-za-unutarnje-prostore","20":"product_cat-proizvodi-stolovi-stolovi-za-vanjske-prostore","21":"berocket_brand-cernelic","23":"first","24":"instock","25":"product-type-grouped"},"acf":[],"_links":{"self":[{"href":"https:\/\/cernelic.hr\/en\/wp-json\/wp\/v2\/product\/92406","targetHints":{"allow":["GET"]}}],"collection":[{"href":"https:\/\/cernelic.hr\/en\/wp-json\/wp\/v2\/product"}],"about":[{"href":"https:\/\/cernelic.hr\/en\/wp-json\/wp\/v2\/types\/product"}],"wp:featuredmedia":[{"embeddable":true,"href":"https:\/\/cernelic.hr\/en\/wp-json\/wp\/v2\/media\/92058"}],"wp:attachment":[{"href":"https:\/\/cernelic.hr\/en\/wp-json\/wp\/v2\/media?parent=92406"}],"wp:term":[{"taxonomy":"product_brand","embeddable":true,"href":"https:\/\/cernelic.hr\/en\/wp-json\/wp\/v2\/product_brand?post=92406"},{"taxonomy":"product_cat","embeddable":true,"href":"https:\/\/cernelic.hr\/en\/wp-json\/wp\/v2\/product_cat?post=92406"},{"taxonomy":"product_tag","embeddable":true,"href":"https:\/\/cernelic.hr\/en\/wp-json\/wp\/v2\/product_tag?post=92406"},{"taxonomy":"berocket_brand","embeddable":true,"href":"https:\/\/cernelic.hr\/en\/wp-json\/wp\/v2\/berocket_brand?post=92406"}],"curies":[{"name":"wp","href":"https:\/\/api.w.org\/{rel}","templated":true}]}}