{"id":92427,"date":"2021-03-19T12:50:26","date_gmt":"2021-03-19T12:50:26","guid":{"rendered":"https:\/\/cernelic.hr\/katalog\/Bez%20kategorije\/coffee-bean-by-2tec2-2\/"},"modified":"2023-12-07T15:47:48","modified_gmt":"2023-12-07T15:47:48","slug":"coffee-bean-bytec2","status":"publish","type":"product","link":"https:\/\/cernelic.hr\/en\/proizvod\/coffee-bean-bytec2\/","title":{"rendered":"COFFEE BEAN by 2tec2"},"content":{"rendered":"<p>KOLEKCIJA INFINITE<\/p>\n<p>2tec2 je dizajniran za lokacije poput radnih prostora, ugostiteljskih lokacija, javnih prostora, zdravstvenih objekata i du\u0107ana. Zato je iznimno izdr\u017eljiv, s vremenom gotovo nepromjenjiv, otporan na mrlje, vodootporan i lagan za \u010di\u0161\u0107enje. 2tec2 je izvrsna hibridna podloga koja kombinira najbolje karakteristike \u010dvrstih podloga i tepiha. Sve prednosti podova od tkanog vinila \u2013 \u010di\u0161\u0107enje, higijena, izdr\u017eljivost i estetika \u2013 sada su dostupne s izvrsnim akusti\u010dnim svojstvima i pobolj\u0161anom no\u017enom ugodom zahvaljuju\u0107i \u201eComfort Backingu\u201c.Ta izvrsna podr\u0161ka smanjuje ambijentalne, kao i udarne zvukove, \u010dine\u0107i akusti\u010dna svojstva 2tec2-a puno boljima od tvrdih podova i u rasponu ve\u0107ine tekstilnih podloga poput tepiha.<br \/>\nSuvremeni dizajn omogu\u0107ava gotovo neograni\u010denu dizajnersku fleksibilnost. Sve role i selekcija kvadrata (Cracked Earth, Colourful, Lustre i Seamless) ne pokazuju nikakve vidljive prijelaze kad su instalirani kao jedna monolitna podloga u velikim prostorijama. Podlo\u017eni kvadrati su dostupni u obliku kvadrata (50x50cm), mini kvadrata (25x25cm), dijamanata, \u0161esterokuta, trokuta i dasaka.<br \/>\nPremi\u0161ljanja o okoli\u0161u \u010dine 2tec2 primjerenim projektima osmi\u0161ljenim u skladu s BREEAM-om i LEED-om. Svi 2tec2 proizvodi sadr\u017ee 10% recikliranih materijala.<\/p>\n","protected":false},"excerpt":{"rendered":"<p>KOLEKCIJA INFINITE 2tec2 je dizajniran za lokacije poput radnih prostora, ugostiteljskih lokacija, javnih prostora, zdravstvenih objekata i du\u0107ana. Zato je iznimno izdr\u017eljiv, s vremenom gotovo nepromjenjiv, otporan na mrlje, vodootporan i lagan za \u010di\u0161\u0107enje. 2tec2 je izvrsna hibridna podloga koja kombinira najbolje karakteristike \u010dvrstih podloga i tepiha. Sve prednosti podova od tkanog vinila \u2013 \u010di\u0161\u0107enje, [&hellip;]<\/p>\n","protected":false},"featured_media":41040,"template":"","meta":{"_acf_changed":false},"product_brand":[],"product_cat":[2111,2105,2187,2061,2188,2068,2193,2190,2192,2191,2189,2073,2092],"product_tag":[],"berocket_brand":[519],"class_list":{"0":"post-92427","1":"product","2":"type-product","3":"status-publish","4":"has-post-thumbnail","6":"product_cat-dvorane","7":"product_cat-javni","8":"product_cat-podne-obloge","9":"product_cat-proizvodi","10":"product_cat-proizvodi-podne-obloge-obloge-od-isprepletenih-pvc-vlakana","11":"product_cat-prostori","12":"product_cat-prostori-dvorane-podne-obloge","13":"product_cat-prostori-horeca-podne-obloge","14":"product_cat-prostori-javni-podne-obloge","15":"product_cat-prostori-rezidencijalni-podne-obloge","16":"product_cat-prostori-uredi-podne-obloge","17":"product_cat-rezidencijalni","18":"product_cat-uredi","19":"berocket_brand-2tec2","21":"first","22":"instock","23":"product-type-grouped"},"acf":[],"_links":{"self":[{"href":"https:\/\/cernelic.hr\/en\/wp-json\/wp\/v2\/product\/92427","targetHints":{"allow":["GET"]}}],"collection":[{"href":"https:\/\/cernelic.hr\/en\/wp-json\/wp\/v2\/product"}],"about":[{"href":"https:\/\/cernelic.hr\/en\/wp-json\/wp\/v2\/types\/product"}],"wp:featuredmedia":[{"embeddable":true,"href":"https:\/\/cernelic.hr\/en\/wp-json\/wp\/v2\/media\/41040"}],"wp:attachment":[{"href":"https:\/\/cernelic.hr\/en\/wp-json\/wp\/v2\/media?parent=92427"}],"wp:term":[{"taxonomy":"product_brand","embeddable":true,"href":"https:\/\/cernelic.hr\/en\/wp-json\/wp\/v2\/product_brand?post=92427"},{"taxonomy":"product_cat","embeddable":true,"href":"https:\/\/cernelic.hr\/en\/wp-json\/wp\/v2\/product_cat?post=92427"},{"taxonomy":"product_tag","embeddable":true,"href":"https:\/\/cernelic.hr\/en\/wp-json\/wp\/v2\/product_tag?post=92427"},{"taxonomy":"berocket_brand","embeddable":true,"href":"https:\/\/cernelic.hr\/en\/wp-json\/wp\/v2\/berocket_brand?post=92427"}],"curies":[{"name":"wp","href":"https:\/\/api.w.org\/{rel}","templated":true}]}}