{"id":92451,"date":"2021-03-19T12:53:37","date_gmt":"2021-03-19T12:53:37","guid":{"rendered":"https:\/\/cernelic.hr\/katalog\/Bez%20kategorije\/magellan-by-2tec2-2\/"},"modified":"2023-12-07T15:48:41","modified_gmt":"2023-12-07T15:48:41","slug":"magellan-bytec2","status":"publish","type":"product","link":"https:\/\/cernelic.hr\/en\/proizvod\/magellan-bytec2\/","title":{"rendered":"MAGELLAN by 2tec2"},"content":{"rendered":"<p>KOLEKCIJA HYBRID<\/p>\n<p>2tec2 \u201eHybrid\u201c kolekcija inspirirana je filozofijom biofilnog dizajna. Biofilija je uro\u0111ena te\u017enja dodira s prirodom koja je nu\u017ena na\u0161em fizi\u010dkom i mentalnom zdravlju, produktivnosti i blagostanju. Zadovoljenje potrebe za vezom s prirodom u moderno izgra\u0111enoj okolini zovemo biofilni dizajn. \u201eHybrid\u201c je dizajn koji je tako\u0111er osmi\u0161ljen kako bi izdr\u017eao tegobe gustog prometa u komercijalnim projektima. Prijelazi, mrlje i sli\u010dno, magi\u010dno \u0107e nastati. Nova \u201eHybrid\u201c kolekcija ima profinjen izgled sli\u010dan tepihu i probuditi \u0107e znati\u017eelju dizajnera interijera. S ovakvim izgledom, dojmom i superiornim svojstvima tkanog vinila poput snage i otpornosti na o\u0161te\u0107enja, ova nova kolekcija \u010dini revoluciju podnih obloga. \u201eHybrid\u201c je savr\u0161ena ravnote\u017ea izme\u0111u tvrde i meke podne podloge, kombiniraju\u0107i tako najbolje od oba svijeta.<br \/>\n2tec2 \u201eHybrid\u201c dolazi s \u010duvenim \u201eComfort Backing-om\u201c, akusti\u010dnom podr\u0161kom koja smanjuje udarne zvukove za 19 decibela i pobolj\u0161ava op\u0107u udobnost. \u201eComfort Backing\u201c standard je u cijeloj 2tec2 kolekciji, \u0161to ju \u010dini omiljenom podnom podlogom arhitekata i dizajnera interijera diljem svijeta. Mo\u017ee se koristiti i kao aukusti\u010dna obloga na zidu.<br \/>\n\u201eHybrid\u201c je dostupna u rolama i raznim oblicima podloge izme\u0111u kojih su prijelazi uvijek nevidljivi.<\/p>\n","protected":false},"excerpt":{"rendered":"<p>KOLEKCIJA HYBRID 2tec2 \u201eHybrid\u201c kolekcija inspirirana je filozofijom biofilnog dizajna. Biofilija je uro\u0111ena te\u017enja dodira s prirodom koja je nu\u017ena na\u0161em fizi\u010dkom i mentalnom zdravlju, produktivnosti i blagostanju. Zadovoljenje potrebe za vezom s prirodom u moderno izgra\u0111enoj okolini zovemo biofilni dizajn. \u201eHybrid\u201c je dizajn koji je tako\u0111er osmi\u0161ljen kako bi izdr\u017eao tegobe gustog prometa u [&hellip;]<\/p>\n","protected":false},"featured_media":41092,"template":"","meta":{"_acf_changed":false},"product_brand":[],"product_cat":[2111,2105,2187,2061,2188,2068,2193,2190,2192,2191,2189,2073,2092],"product_tag":[],"berocket_brand":[519],"class_list":{"0":"post-92451","1":"product","2":"type-product","3":"status-publish","4":"has-post-thumbnail","6":"product_cat-dvorane","7":"product_cat-javni","8":"product_cat-podne-obloge","9":"product_cat-proizvodi","10":"product_cat-proizvodi-podne-obloge-obloge-od-isprepletenih-pvc-vlakana","11":"product_cat-prostori","12":"product_cat-prostori-dvorane-podne-obloge","13":"product_cat-prostori-horeca-podne-obloge","14":"product_cat-prostori-javni-podne-obloge","15":"product_cat-prostori-rezidencijalni-podne-obloge","16":"product_cat-prostori-uredi-podne-obloge","17":"product_cat-rezidencijalni","18":"product_cat-uredi","19":"berocket_brand-2tec2","21":"first","22":"instock","23":"product-type-grouped"},"acf":[],"_links":{"self":[{"href":"https:\/\/cernelic.hr\/en\/wp-json\/wp\/v2\/product\/92451","targetHints":{"allow":["GET"]}}],"collection":[{"href":"https:\/\/cernelic.hr\/en\/wp-json\/wp\/v2\/product"}],"about":[{"href":"https:\/\/cernelic.hr\/en\/wp-json\/wp\/v2\/types\/product"}],"wp:featuredmedia":[{"embeddable":true,"href":"https:\/\/cernelic.hr\/en\/wp-json\/wp\/v2\/media\/41092"}],"wp:attachment":[{"href":"https:\/\/cernelic.hr\/en\/wp-json\/wp\/v2\/media?parent=92451"}],"wp:term":[{"taxonomy":"product_brand","embeddable":true,"href":"https:\/\/cernelic.hr\/en\/wp-json\/wp\/v2\/product_brand?post=92451"},{"taxonomy":"product_cat","embeddable":true,"href":"https:\/\/cernelic.hr\/en\/wp-json\/wp\/v2\/product_cat?post=92451"},{"taxonomy":"product_tag","embeddable":true,"href":"https:\/\/cernelic.hr\/en\/wp-json\/wp\/v2\/product_tag?post=92451"},{"taxonomy":"berocket_brand","embeddable":true,"href":"https:\/\/cernelic.hr\/en\/wp-json\/wp\/v2\/berocket_brand?post=92451"}],"curies":[{"name":"wp","href":"https:\/\/api.w.org\/{rel}","templated":true}]}}