{"id":92490,"date":"2021-03-19T12:59:56","date_gmt":"2021-03-19T12:59:56","guid":{"rendered":"https:\/\/cernelic.hr\/katalog\/Bez%20kategorije\/adada-by-fermob-2\/"},"modified":"2023-12-08T02:25:16","modified_gmt":"2023-12-08T02:25:16","slug":"adada-by-fermob","status":"publish","type":"product","link":"https:\/\/cernelic.hr\/en\/proizvod\/adada-by-fermob\/","title":{"rendered":"ADADA by Fermob"},"content":{"rendered":"<p>\u201eOvo se ljuja!\u201c Roditeljima \u0107e se svidjeti dizajn ovog konja za ljuljanje, a djeca \u0107e jednostavno obo\u017eavati u\u017eivati u njemu. Razigrajte se!<br \/>\nOvaj neobi\u010dni \u010detverono\u017eac ima sve: dizajn u skladu sa sigurnosnim standardima, lagani aluminijski okvir i jastu\u010di\u0107e koji ne\u0107e ogrebati pod. Tako\u0111er je ekolo\u0161ki prihvatljiv komad, izra\u0111en od postoje\u0107ih dijelova i cijevi iz drugih predmeta Fermob namje\u0161taja, inspiriran estetikom kultne luksembur\u0161ke kolekcije. \u201eAdada\u201c je jednostavno fantasti\u010dna &#8211; prava je Ideja za ure\u0111enje koja \u0107e sigurno odu\u0161eviti va\u0161e mali\u0161ane!<\/p>\n","protected":false},"excerpt":{"rendered":"<p>\u201eOvo se ljuja!\u201c Roditeljima \u0107e se svidjeti dizajn ovog konja za ljuljanje, a djeca \u0107e jednostavno obo\u017eavati u\u017eivati u njemu. Razigrajte se! Ovaj neobi\u010dni \u010detverono\u017eac ima sve: dizajn u skladu sa sigurnosnim standardima, lagani aluminijski okvir i jastu\u010di\u0107e koji ne\u0107e ogrebati pod. Tako\u0111er je ekolo\u0161ki prihvatljiv komad, izra\u0111en od postoje\u0107ih dijelova i cijevi iz drugih [&hellip;]<\/p>\n","protected":false},"featured_media":91811,"template":"","meta":{"_acf_changed":false},"product_brand":[],"product_cat":[2514,2513,2061,2196,2197,2068,2199,2198,2181,2073],"product_tag":[],"berocket_brand":[524],"class_list":{"0":"post-92490","1":"product","2":"type-product","3":"status-publish","4":"has-post-thumbnail","6":"product_cat-accessories","7":"product_cat-outdoor","8":"product_cat-proizvodi","9":"product_cat-proizvodi-accessories-accessories-za-unutarnje-prostore","10":"product_cat-proizvodi-accessories-accessories-za-vanjske-prostore","11":"product_cat-prostori","12":"product_cat-prostori-outdoor-accesories","13":"product_cat-prostori-rezidencijalni-accessories","14":"product_cat-prostori-rezidencijalni-namjestaj-za-djecje-sobe","15":"product_cat-rezidencijalni","16":"berocket_brand-fermob","18":"first","19":"instock","20":"product-type-grouped"},"acf":[],"_links":{"self":[{"href":"https:\/\/cernelic.hr\/en\/wp-json\/wp\/v2\/product\/92490","targetHints":{"allow":["GET"]}}],"collection":[{"href":"https:\/\/cernelic.hr\/en\/wp-json\/wp\/v2\/product"}],"about":[{"href":"https:\/\/cernelic.hr\/en\/wp-json\/wp\/v2\/types\/product"}],"wp:featuredmedia":[{"embeddable":true,"href":"https:\/\/cernelic.hr\/en\/wp-json\/wp\/v2\/media\/91811"}],"wp:attachment":[{"href":"https:\/\/cernelic.hr\/en\/wp-json\/wp\/v2\/media?parent=92490"}],"wp:term":[{"taxonomy":"product_brand","embeddable":true,"href":"https:\/\/cernelic.hr\/en\/wp-json\/wp\/v2\/product_brand?post=92490"},{"taxonomy":"product_cat","embeddable":true,"href":"https:\/\/cernelic.hr\/en\/wp-json\/wp\/v2\/product_cat?post=92490"},{"taxonomy":"product_tag","embeddable":true,"href":"https:\/\/cernelic.hr\/en\/wp-json\/wp\/v2\/product_tag?post=92490"},{"taxonomy":"berocket_brand","embeddable":true,"href":"https:\/\/cernelic.hr\/en\/wp-json\/wp\/v2\/berocket_brand?post=92490"}],"curies":[{"name":"wp","href":"https:\/\/api.w.org\/{rel}","templated":true}]}}