{"id":92493,"date":"2021-03-19T12:59:56","date_gmt":"2021-03-19T12:59:56","guid":{"rendered":"https:\/\/cernelic.hr\/katalog\/Bez%20kategorije\/ange-by-fermob-2\/"},"modified":"2023-12-08T02:25:21","modified_gmt":"2023-12-08T02:25:21","slug":"ange-by-fermob","status":"publish","type":"product","link":"https:\/\/cernelic.hr\/en\/proizvod\/ange-by-fermob\/","title":{"rendered":"ANGE by Fermob"},"content":{"rendered":"<p>U stvaranju \u201eAngea\u201c, dizajner interijera Jean-Charles de Castelbajac restilizirao je \u201e1900\u201c stolicu, jednu od simboli\u010dnih referenci Fermob kataloga. Dizajner vas poziva da poletite na ovoj stolici, \u0161iroko ra\u0161irenih krila&#8230; za trenutak bijega me\u0111u oblake.<\/p>\n","protected":false},"excerpt":{"rendered":"<p>U stvaranju \u201eAngea\u201c, dizajner interijera Jean-Charles de Castelbajac restilizirao je \u201e1900\u201c stolicu, jednu od simboli\u010dnih referenci Fermob kataloga. Dizajner vas poziva da poletite na ovoj stolici, \u0161iroko ra\u0161irenih krila&#8230; za trenutak bijega me\u0111u oblake.<\/p>\n","protected":false},"featured_media":91814,"template":"","meta":{"_acf_changed":false},"product_brand":[],"product_cat":[2105,2513,2061,2068,2070,2125,2080,2075,2073,2087,2124],"product_tag":[],"berocket_brand":[524],"class_list":{"0":"post-92493","1":"product","2":"type-product","3":"status-publish","4":"has-post-thumbnail","6":"product_cat-javni","7":"product_cat-outdoor","8":"product_cat-proizvodi","9":"product_cat-prostori","10":"product_cat-prostori-horeca-stolice-za-vanjske-prostore","11":"product_cat-prostori-javni-stolice-za-vanjske-prostore","12":"product_cat-prostori-outdoor-stolice-za-vanjske-prostore","13":"product_cat-prostori-rezidencijalni-stolice-za-vanjske-prostore","14":"product_cat-rezidencijalni","15":"product_cat-stolice","16":"product_cat-proizvodi-stolice-stolice-za-vanjske-prostore","17":"berocket_brand-fermob","19":"first","20":"instock","21":"product-type-grouped"},"acf":[],"_links":{"self":[{"href":"https:\/\/cernelic.hr\/en\/wp-json\/wp\/v2\/product\/92493","targetHints":{"allow":["GET"]}}],"collection":[{"href":"https:\/\/cernelic.hr\/en\/wp-json\/wp\/v2\/product"}],"about":[{"href":"https:\/\/cernelic.hr\/en\/wp-json\/wp\/v2\/types\/product"}],"wp:featuredmedia":[{"embeddable":true,"href":"https:\/\/cernelic.hr\/en\/wp-json\/wp\/v2\/media\/91814"}],"wp:attachment":[{"href":"https:\/\/cernelic.hr\/en\/wp-json\/wp\/v2\/media?parent=92493"}],"wp:term":[{"taxonomy":"product_brand","embeddable":true,"href":"https:\/\/cernelic.hr\/en\/wp-json\/wp\/v2\/product_brand?post=92493"},{"taxonomy":"product_cat","embeddable":true,"href":"https:\/\/cernelic.hr\/en\/wp-json\/wp\/v2\/product_cat?post=92493"},{"taxonomy":"product_tag","embeddable":true,"href":"https:\/\/cernelic.hr\/en\/wp-json\/wp\/v2\/product_tag?post=92493"},{"taxonomy":"berocket_brand","embeddable":true,"href":"https:\/\/cernelic.hr\/en\/wp-json\/wp\/v2\/berocket_brand?post=92493"}],"curies":[{"name":"wp","href":"https:\/\/api.w.org\/{rel}","templated":true}]}}