{"id":92496,"date":"2021-03-19T12:59:56","date_gmt":"2021-03-19T12:59:56","guid":{"rendered":"https:\/\/cernelic.hr\/katalog\/Bez%20kategorije\/basket-by-fermob-2\/"},"modified":"2023-12-08T02:25:27","modified_gmt":"2023-12-08T02:25:27","slug":"basket-by-fermob","status":"publish","type":"product","link":"https:\/\/cernelic.hr\/en\/proizvod\/basket-by-fermob\/","title":{"rendered":"BASKET by Fermob"},"content":{"rendered":"<p>Fermob posude za cvije\u0107e \u201eBasket\u201c obavezne su za prolje\u0107e! Prve zrake sunca&#8230; Fermob nudi elegantne, \u010diste i \u0161arene posude za cvije\u0107e koje su tako\u0111er iznimno funkcionalne.<br \/>\nSvojim jasnim dizajnom i glatkim linijama posude \u201eBasket\u201c isti\u010du se u vanjskom krajoliku. Svaka biljka ima svoju boju. \u201ePoppy\u201c, \u201eHoney\u201c ili \u201eLagoon Blue\u201c, slobodno birajte izme\u0111u 24 Fermobove boje, savr\u0161enih za ure\u0111enje javnih objekata.<\/p>\n","protected":false},"excerpt":{"rendered":"<p>Fermob posude za cvije\u0107e \u201eBasket\u201c obavezne su za prolje\u0107e! Prve zrake sunca&#8230; Fermob nudi elegantne, \u010diste i \u0161arene posude za cvije\u0107e koje su tako\u0111er iznimno funkcionalne. Svojim jasnim dizajnom i glatkim linijama posude \u201eBasket\u201c isti\u010du se u vanjskom krajoliku. Svaka biljka ima svoju boju. \u201ePoppy\u201c, \u201eHoney\u201c ili \u201eLagoon Blue\u201c, slobodno birajte izme\u0111u 24 Fermobove boje, [&hellip;]<\/p>\n","protected":false},"featured_media":91817,"template":"","meta":{"_acf_changed":false},"product_brand":[],"product_cat":[2514,2111,2105,2513,2061,2197,2068,2209,2207,2208,2199,2210,2198,2073],"product_tag":[],"berocket_brand":[524],"class_list":{"0":"post-92496","1":"product","2":"type-product","3":"status-publish","4":"has-post-thumbnail","6":"product_cat-accessories","7":"product_cat-dvorane","8":"product_cat-javni","9":"product_cat-outdoor","10":"product_cat-proizvodi","11":"product_cat-proizvodi-accessories-accessories-za-vanjske-prostore","12":"product_cat-prostori","13":"product_cat-prostori-dvorane-accessories","14":"product_cat-prostori-horeca-accessories","15":"product_cat-prostori-javni-accessories","16":"product_cat-prostori-outdoor-accesories","17":"product_cat-prostori-outdoor-posude-za-biljke","18":"product_cat-prostori-rezidencijalni-accessories","19":"product_cat-rezidencijalni","20":"berocket_brand-fermob","22":"first","23":"instock","24":"product-type-grouped"},"acf":[],"_links":{"self":[{"href":"https:\/\/cernelic.hr\/en\/wp-json\/wp\/v2\/product\/92496","targetHints":{"allow":["GET"]}}],"collection":[{"href":"https:\/\/cernelic.hr\/en\/wp-json\/wp\/v2\/product"}],"about":[{"href":"https:\/\/cernelic.hr\/en\/wp-json\/wp\/v2\/types\/product"}],"wp:featuredmedia":[{"embeddable":true,"href":"https:\/\/cernelic.hr\/en\/wp-json\/wp\/v2\/media\/91817"}],"wp:attachment":[{"href":"https:\/\/cernelic.hr\/en\/wp-json\/wp\/v2\/media?parent=92496"}],"wp:term":[{"taxonomy":"product_brand","embeddable":true,"href":"https:\/\/cernelic.hr\/en\/wp-json\/wp\/v2\/product_brand?post=92496"},{"taxonomy":"product_cat","embeddable":true,"href":"https:\/\/cernelic.hr\/en\/wp-json\/wp\/v2\/product_cat?post=92496"},{"taxonomy":"product_tag","embeddable":true,"href":"https:\/\/cernelic.hr\/en\/wp-json\/wp\/v2\/product_tag?post=92496"},{"taxonomy":"berocket_brand","embeddable":true,"href":"https:\/\/cernelic.hr\/en\/wp-json\/wp\/v2\/berocket_brand?post=92496"}],"curies":[{"name":"wp","href":"https:\/\/api.w.org\/{rel}","templated":true}]}}