{"id":92497,"date":"2021-03-19T12:59:56","date_gmt":"2021-03-19T12:59:56","guid":{"rendered":"https:\/\/cernelic.hr\/katalog\/Bez%20kategorije\/bebop-by-fermob-2\/"},"modified":"2023-12-08T02:25:29","modified_gmt":"2023-12-08T02:25:29","slug":"bebop-by-fermob","status":"publish","type":"product","link":"https:\/\/cernelic.hr\/en\/proizvod\/bebop-by-fermob\/","title":{"rendered":"BEBOP by Fermob"},"content":{"rendered":"<p>Fermob namje\u0161taj po mjeri dostupan u tri oblika &#8211; okrugli, kvadratni i pravokutni, u pet visina i sedam veli\u010dina, \u201eBebop\u201c kolekcija ispunjava sve funkcije: stoli\u0107 za kavu, no\u0107ni ormari\u0107, postolje&#8230; bilo da se nalazi u dnevnoj sobi, u spava\u0107oj sobi, vani, u dvori\u0161tu ili na terasi, u privatnoj ku\u0107i ili u hotelu.<br \/>\nRaznolikost visina i boja, raznovrsnost kori\u0161tenja i geometrija karakteriziraju \u201eBebop\u201c, kolekciju s ritmom, koja je uz sve svoje prednosti i vrlo stabilna, \u0161to se \u010dini nevjerojatnim s obzirom na oblik njenih nogu.<\/p>\n","protected":false},"excerpt":{"rendered":"<p>Fermob namje\u0161taj po mjeri dostupan u tri oblika &#8211; okrugli, kvadratni i pravokutni, u pet visina i sedam veli\u010dina, \u201eBebop\u201c kolekcija ispunjava sve funkcije: stoli\u0107 za kavu, no\u0107ni ormari\u0107, postolje&#8230; bilo da se nalazi u dnevnoj sobi, u spava\u0107oj sobi, vani, u dvori\u0161tu ili na terasi, u privatnoj ku\u0107i ili u hotelu. Raznolikost visina i [&hellip;]<\/p>\n","protected":false},"featured_media":91818,"template":"","meta":{"_acf_changed":false},"product_brand":[],"product_cat":[2105,2142,2513,2061,2068,2144,2147,2186,2146,2073,2118],"product_tag":[],"berocket_brand":[524],"class_list":{"0":"post-92497","1":"product","2":"type-product","3":"status-publish","4":"has-post-thumbnail","6":"product_cat-javni","7":"product_cat-proizvodi-stolovi-niski-stolovi-vanjske-prostore","8":"product_cat-outdoor","9":"product_cat-proizvodi","10":"product_cat-prostori","11":"product_cat-prostori-horeca-stolovi-za-vanjske-prostore","12":"product_cat-prostori-javni-stolovi-za-vanjske-prostore","13":"product_cat-prostori-outdoor-stolovi","14":"product_cat-prostori-rezidencijalni-niski-klubski-stolici-za-vanjske-prostore","15":"product_cat-rezidencijalni","16":"product_cat-stolovi","17":"berocket_brand-fermob","19":"first","20":"instock","21":"product-type-grouped"},"acf":[],"_links":{"self":[{"href":"https:\/\/cernelic.hr\/en\/wp-json\/wp\/v2\/product\/92497","targetHints":{"allow":["GET"]}}],"collection":[{"href":"https:\/\/cernelic.hr\/en\/wp-json\/wp\/v2\/product"}],"about":[{"href":"https:\/\/cernelic.hr\/en\/wp-json\/wp\/v2\/types\/product"}],"wp:featuredmedia":[{"embeddable":true,"href":"https:\/\/cernelic.hr\/en\/wp-json\/wp\/v2\/media\/91818"}],"wp:attachment":[{"href":"https:\/\/cernelic.hr\/en\/wp-json\/wp\/v2\/media?parent=92497"}],"wp:term":[{"taxonomy":"product_brand","embeddable":true,"href":"https:\/\/cernelic.hr\/en\/wp-json\/wp\/v2\/product_brand?post=92497"},{"taxonomy":"product_cat","embeddable":true,"href":"https:\/\/cernelic.hr\/en\/wp-json\/wp\/v2\/product_cat?post=92497"},{"taxonomy":"product_tag","embeddable":true,"href":"https:\/\/cernelic.hr\/en\/wp-json\/wp\/v2\/product_tag?post=92497"},{"taxonomy":"berocket_brand","embeddable":true,"href":"https:\/\/cernelic.hr\/en\/wp-json\/wp\/v2\/berocket_brand?post=92497"}],"curies":[{"name":"wp","href":"https:\/\/api.w.org\/{rel}","templated":true}]}}