{"id":92498,"date":"2021-03-19T12:59:56","date_gmt":"2021-03-19T12:59:56","guid":{"rendered":"https:\/\/cernelic.hr\/katalog\/Bez%20kategorije\/bellevie-by-fermob-2\/"},"modified":"2023-12-08T02:25:31","modified_gmt":"2023-12-08T02:25:31","slug":"bellevie-by-fermob","status":"publish","type":"product","link":"https:\/\/cernelic.hr\/en\/proizvod\/bellevie-by-fermob\/","title":{"rendered":"BELLEVIE by Fermob"},"content":{"rendered":"<p>Klju\u010d ove kolekcije le\u017ei u njenom nazivu, odra\u017eavaju\u0107i radost \u017eivota koju donosi na bilo koju terasu, vrt ili \u010dak u interijer.<br \/>\nOvu suvremenu liniju dugujemo dizajnerskom studiju Pagnon &amp; Pelha\u00eetre koji je nacrtao njegove jednostavne, odva\u017ene oblike kako bi reflektirao na\u0161 \u017eivotni stil.<br \/>\nFermobov namje\u0161taj mo\u017ee se pohvaliti svojim geometrijskim oblicima i mekim zaobljenjima koja nadilaze stilove i ere, kombiniraju\u0107i robusnost \u010delika i oblikovnost aluminija. Mo\u017eete se zabaviti pretvaraju\u0107i namje\u0161taj za terasu u pravi mali dnevni boravak.<\/p>\n","protected":false},"excerpt":{"rendered":"<p>Klju\u010d ove kolekcije le\u017ei u njenom nazivu, odra\u017eavaju\u0107i radost \u017eivota koju donosi na bilo koju terasu, vrt ili \u010dak u interijer. Ovu suvremenu liniju dugujemo dizajnerskom studiju Pagnon &amp; Pelha\u00eetre koji je nacrtao njegove jednostavne, odva\u017ene oblike kako bi reflektirao na\u0161 \u017eivotni stil. Fermobov namje\u0161taj mo\u017ee se pohvaliti svojim geometrijskim oblicima i mekim zaobljenjima koja [&hellip;]<\/p>\n","protected":false},"featured_media":91819,"template":"","meta":{"_acf_changed":false},"product_brand":[],"product_cat":[2154,2111,2062,2105,2142,2061,2066,2127,2068,2112,2155,2071,2129,2070,2144,2157,2141,2125,2147,2158,2079,2080,2186,2156,2074,2146,2075,2073,2087,2124,2118],"product_tag":[],"berocket_brand":[524],"class_list":{"0":"post-92498","1":"product","2":"type-product","3":"status-publish","4":"has-post-thumbnail","6":"product_cat-proizvodi-stolice-barske-stolice-za-vanjske-prostore","7":"product_cat-dvorane","8":"product_cat-fotelje-i-garniture-za-sjedenje","9":"product_cat-javni","10":"product_cat-proizvodi-stolovi-niski-stolovi-vanjske-prostore","11":"product_cat-proizvodi","12":"product_cat-proizvodi-fotelje-garniture-fotelje-i-garniture-za-vanjske-prostore","13":"product_cat-proizvodi-fotelje-garniture-klupe-i-separei","14":"product_cat-prostori","15":"product_cat-prostori-dvorane-fotelje-i-garniture-za-vanjske-prostore","16":"product_cat-prostori-horeca-barske-stolice-za-vanjske-prostore","17":"product_cat-prostori-horeca-fotelje-i-garniture-za-vanjske-prostore","18":"product_cat-prostori-horeca-klupe-i-separei","19":"product_cat-prostori-horeca-stolice-za-vanjske-prostore","20":"product_cat-prostori-horeca-stolovi-za-vanjske-prostore","21":"product_cat-prostori-javni-barske-stolice-za-vanjske-prostore","22":"product_cat-prostori-javni-fotelje-i-garniture-za-vanjske-prostore","23":"product_cat-prostori-javni-stolice-za-vanjske-prostore","24":"product_cat-prostori-javni-stolovi-za-vanjske-prostore","25":"product_cat-prostori-outdoor-barske-stolice-za-vanjske-prostore","26":"product_cat-prostori-outdoor-fotelje-i-garniture-za-vanjske-prostore","27":"product_cat-prostori-outdoor-stolice-za-vanjske-prostore","28":"product_cat-prostori-outdoor-stolovi","29":"product_cat-prostori-rezidencijalni-barske-stolice-za-vanjske-prostore","30":"product_cat-prostori-rezidencijalni-fotelje-i-garniture-za-vanjske-prostore","31":"product_cat-prostori-rezidencijalni-niski-klubski-stolici-za-vanjske-prostore","32":"product_cat-prostori-rezidencijalni-stolice-za-vanjske-prostore","33":"product_cat-rezidencijalni","34":"product_cat-stolice","35":"product_cat-proizvodi-stolice-stolice-za-vanjske-prostore","36":"product_cat-stolovi","37":"berocket_brand-fermob","39":"first","40":"instock","41":"product-type-grouped"},"acf":[],"_links":{"self":[{"href":"https:\/\/cernelic.hr\/en\/wp-json\/wp\/v2\/product\/92498","targetHints":{"allow":["GET"]}}],"collection":[{"href":"https:\/\/cernelic.hr\/en\/wp-json\/wp\/v2\/product"}],"about":[{"href":"https:\/\/cernelic.hr\/en\/wp-json\/wp\/v2\/types\/product"}],"wp:featuredmedia":[{"embeddable":true,"href":"https:\/\/cernelic.hr\/en\/wp-json\/wp\/v2\/media\/91819"}],"wp:attachment":[{"href":"https:\/\/cernelic.hr\/en\/wp-json\/wp\/v2\/media?parent=92498"}],"wp:term":[{"taxonomy":"product_brand","embeddable":true,"href":"https:\/\/cernelic.hr\/en\/wp-json\/wp\/v2\/product_brand?post=92498"},{"taxonomy":"product_cat","embeddable":true,"href":"https:\/\/cernelic.hr\/en\/wp-json\/wp\/v2\/product_cat?post=92498"},{"taxonomy":"product_tag","embeddable":true,"href":"https:\/\/cernelic.hr\/en\/wp-json\/wp\/v2\/product_tag?post=92498"},{"taxonomy":"berocket_brand","embeddable":true,"href":"https:\/\/cernelic.hr\/en\/wp-json\/wp\/v2\/berocket_brand?post=92498"}],"curies":[{"name":"wp","href":"https:\/\/api.w.org\/{rel}","templated":true}]}}