{"id":92500,"date":"2021-03-19T12:59:56","date_gmt":"2021-03-19T12:59:56","guid":{"rendered":"https:\/\/cernelic.hr\/katalog\/Bez%20kategorije\/bistro-by-fermob-2\/"},"modified":"2023-12-08T02:25:35","modified_gmt":"2023-12-08T02:25:35","slug":"bistro-by-fermob","status":"publish","type":"product","link":"https:\/\/cernelic.hr\/en\/proizvod\/bistro-by-fermob\/","title":{"rendered":"BISTRO by Fermob"},"content":{"rendered":"<p>Sklopivi namje\u0161taj, razvijen krajem 19. stolje\u0107a, odmah je postao popularan me\u0111u tada\u0161njim prodava\u010dima limunade, jer se brzo i jednostavno pakirao (posebno sklopive stolice), \u0161to im je omogu\u0107ilo da izbjegnu pla\u0107anje dozvole za stalnu terasu!<br \/>\nFermob je razvio \u201eBistro\u201c asortiman od originalnog modela opisanog u patentu \u201eSimplex&#8221;&#8221; registriranom 1889. \u2013 i \u010diju sada ima licencu \u2013 i proizveo genijalnu, jednostavnu kolekciju koja pr\u0161ti od radosti i koja nije izgubila ni\u0161ta od svog \u0161arma i autenti\u010dnosti!<br \/>\n\u201eBistro\u201c nastavlja odu\u0161evljavati i danas, sa svojim prepoznatljivim stolicama u tipi\u010dno francuskom stilu koje su osvojile i obo\u017eavatelje na Times Squareu i Bryant Parku u New Yorku.<\/p>\n","protected":false},"excerpt":{"rendered":"<p>Sklopivi namje\u0161taj, razvijen krajem 19. stolje\u0107a, odmah je postao popularan me\u0111u tada\u0161njim prodava\u010dima limunade, jer se brzo i jednostavno pakirao (posebno sklopive stolice), \u0161to im je omogu\u0107ilo da izbjegnu pla\u0107anje dozvole za stalnu terasu! Fermob je razvio \u201eBistro\u201c asortiman od originalnog modela opisanog u patentu \u201eSimplex&#8221;&#8221; registriranom 1889. \u2013 i \u010diju sada ima licencu \u2013 [&hellip;]<\/p>\n","protected":false},"featured_media":91821,"template":"","meta":{"_acf_changed":false},"product_brand":[],"product_cat":[2514,2154,2105,2159,2513,2061,2197,2160,2068,2207,2155,2072,2070,2144,2157,2125,2147,2199,2158,2081,2080,2186,2198,2156,2076,2075,2145,2073,2087,2124,2118,2143,2162],"product_tag":[],"berocket_brand":[524],"class_list":{"0":"post-92500","1":"product","2":"type-product","3":"status-publish","4":"has-post-thumbnail","6":"product_cat-accessories","7":"product_cat-proizvodi-stolice-barske-stolice-za-vanjske-prostore","8":"product_cat-javni","9":"product_cat-lezaljke","10":"product_cat-outdoor","11":"product_cat-proizvodi","12":"product_cat-proizvodi-accessories-accessories-za-vanjske-prostore","13":"product_cat-proizvodi-lezaljke-lezaljke","14":"product_cat-prostori","15":"product_cat-prostori-horeca-accessories","16":"product_cat-prostori-horeca-barske-stolice-za-vanjske-prostore","17":"product_cat-prostori-horeca-lezaljke","18":"product_cat-prostori-horeca-stolice-za-vanjske-prostore","19":"product_cat-prostori-horeca-stolovi-za-vanjske-prostore","20":"product_cat-prostori-javni-barske-stolice-za-vanjske-prostore","21":"product_cat-prostori-javni-stolice-za-vanjske-prostore","22":"product_cat-prostori-javni-stolovi-za-vanjske-prostore","23":"product_cat-prostori-outdoor-accesories","24":"product_cat-prostori-outdoor-barske-stolice-za-vanjske-prostore","25":"product_cat-prostori-outdoor-lezaljke","26":"product_cat-prostori-outdoor-stolice-za-vanjske-prostore","27":"product_cat-prostori-outdoor-stolovi","28":"product_cat-prostori-rezidencijalni-accessories","29":"product_cat-prostori-rezidencijalni-barske-stolice-za-vanjske-prostore","30":"product_cat-prostori-rezidencijalni-lezaljke","31":"product_cat-prostori-rezidencijalni-stolice-za-vanjske-prostore","32":"product_cat-prostori-rezidencijalni-stolovi-za-vanjske-prostore","33":"product_cat-rezidencijalni","34":"product_cat-stolice","35":"product_cat-proizvodi-stolice-stolice-za-vanjske-prostore","36":"product_cat-stolovi","37":"product_cat-proizvodi-stolovi-stolovi-za-vanjske-prostore","38":"product_cat-proizvodi-stolovi-visoki-barski-stolovi-vanjske-prostore","39":"berocket_brand-fermob","41":"first","42":"instock","43":"product-type-grouped"},"acf":[],"_links":{"self":[{"href":"https:\/\/cernelic.hr\/en\/wp-json\/wp\/v2\/product\/92500","targetHints":{"allow":["GET"]}}],"collection":[{"href":"https:\/\/cernelic.hr\/en\/wp-json\/wp\/v2\/product"}],"about":[{"href":"https:\/\/cernelic.hr\/en\/wp-json\/wp\/v2\/types\/product"}],"wp:featuredmedia":[{"embeddable":true,"href":"https:\/\/cernelic.hr\/en\/wp-json\/wp\/v2\/media\/91821"}],"wp:attachment":[{"href":"https:\/\/cernelic.hr\/en\/wp-json\/wp\/v2\/media?parent=92500"}],"wp:term":[{"taxonomy":"product_brand","embeddable":true,"href":"https:\/\/cernelic.hr\/en\/wp-json\/wp\/v2\/product_brand?post=92500"},{"taxonomy":"product_cat","embeddable":true,"href":"https:\/\/cernelic.hr\/en\/wp-json\/wp\/v2\/product_cat?post=92500"},{"taxonomy":"product_tag","embeddable":true,"href":"https:\/\/cernelic.hr\/en\/wp-json\/wp\/v2\/product_tag?post=92500"},{"taxonomy":"berocket_brand","embeddable":true,"href":"https:\/\/cernelic.hr\/en\/wp-json\/wp\/v2\/berocket_brand?post=92500"}],"curies":[{"name":"wp","href":"https:\/\/api.w.org\/{rel}","templated":true}]}}