{"id":92501,"date":"2021-03-19T12:59:56","date_gmt":"2021-03-19T12:59:56","guid":{"rendered":"https:\/\/cernelic.hr\/katalog\/Bez%20kategorije\/cadiz-by-fermob-2\/"},"modified":"2023-12-08T02:26:48","modified_gmt":"2023-12-08T02:26:48","slug":"cadiz-by-fermob","status":"publish","type":"product","link":"https:\/\/cernelic.hr\/en\/proizvod\/cadiz-by-fermob\/","title":{"rendered":"CADIZ by Fermob"},"content":{"rendered":"<p>Kolekcija \u201eCadiz\u201c, koju je dizajnirao Antoine Lesur, nudi \u0161iroku paletu sjedala suvremenog izgleda.<br \/>\nKombinacija aluminija i vanjskog tehni\u010dkog platna, koju je Fermob popularizirao prije vi\u0161e od 22 godine, ponovno postaje hit, i to pru\u017eaju\u0107i udobnost i otpornost za kori\u0161tenje na otvorenom, \u010dak i u te\u0161kim klimatskim uvjetima (obalna podru\u010dja).<br \/>\n\u201eCadiz\u201c nudi vi\u0161estruke prednosti. Aluminijska konstrukcija osigurava lako\u0107u i upravljivost. Prekid u linijama naslona i sjedala donosi moderan izgled vanjskom namje\u0161taju; to je znak njegovog jedinstvenog dizajna. Stolice za terasu, za pla\u017ee, za opremanje restorana i kafi\u0107a.<\/p>\n","protected":false},"excerpt":{"rendered":"<p>Kolekcija \u201eCadiz\u201c, koju je dizajnirao Antoine Lesur, nudi \u0161iroku paletu sjedala suvremenog izgleda. Kombinacija aluminija i vanjskog tehni\u010dkog platna, koju je Fermob popularizirao prije vi\u0161e od 22 godine, ponovno postaje hit, i to pru\u017eaju\u0107i udobnost i otpornost za kori\u0161tenje na otvorenom, \u010dak i u te\u0161kim klimatskim uvjetima (obalna podru\u010dja). \u201eCadiz\u201c nudi vi\u0161estruke prednosti. Aluminijska konstrukcija [&hellip;]<\/p>\n","protected":false},"featured_media":91822,"template":"","meta":{"_acf_changed":false},"product_brand":[],"product_cat":[2154,2105,2513,2061,2068,2155,2070,2157,2125,2158,2080,2156,2075,2073,2087,2124],"product_tag":[],"berocket_brand":[524],"class_list":{"0":"post-92501","1":"product","2":"type-product","3":"status-publish","4":"has-post-thumbnail","6":"product_cat-proizvodi-stolice-barske-stolice-za-vanjske-prostore","7":"product_cat-javni","8":"product_cat-outdoor","9":"product_cat-proizvodi","10":"product_cat-prostori","11":"product_cat-prostori-horeca-barske-stolice-za-vanjske-prostore","12":"product_cat-prostori-horeca-stolice-za-vanjske-prostore","13":"product_cat-prostori-javni-barske-stolice-za-vanjske-prostore","14":"product_cat-prostori-javni-stolice-za-vanjske-prostore","15":"product_cat-prostori-outdoor-barske-stolice-za-vanjske-prostore","16":"product_cat-prostori-outdoor-stolice-za-vanjske-prostore","17":"product_cat-prostori-rezidencijalni-barske-stolice-za-vanjske-prostore","18":"product_cat-prostori-rezidencijalni-stolice-za-vanjske-prostore","19":"product_cat-rezidencijalni","20":"product_cat-stolice","21":"product_cat-proizvodi-stolice-stolice-za-vanjske-prostore","22":"berocket_brand-fermob","24":"first","25":"instock","26":"product-type-grouped"},"acf":[],"_links":{"self":[{"href":"https:\/\/cernelic.hr\/en\/wp-json\/wp\/v2\/product\/92501","targetHints":{"allow":["GET"]}}],"collection":[{"href":"https:\/\/cernelic.hr\/en\/wp-json\/wp\/v2\/product"}],"about":[{"href":"https:\/\/cernelic.hr\/en\/wp-json\/wp\/v2\/types\/product"}],"wp:featuredmedia":[{"embeddable":true,"href":"https:\/\/cernelic.hr\/en\/wp-json\/wp\/v2\/media\/91822"}],"wp:attachment":[{"href":"https:\/\/cernelic.hr\/en\/wp-json\/wp\/v2\/media?parent=92501"}],"wp:term":[{"taxonomy":"product_brand","embeddable":true,"href":"https:\/\/cernelic.hr\/en\/wp-json\/wp\/v2\/product_brand?post=92501"},{"taxonomy":"product_cat","embeddable":true,"href":"https:\/\/cernelic.hr\/en\/wp-json\/wp\/v2\/product_cat?post=92501"},{"taxonomy":"product_tag","embeddable":true,"href":"https:\/\/cernelic.hr\/en\/wp-json\/wp\/v2\/product_tag?post=92501"},{"taxonomy":"berocket_brand","embeddable":true,"href":"https:\/\/cernelic.hr\/en\/wp-json\/wp\/v2\/berocket_brand?post=92501"}],"curies":[{"name":"wp","href":"https:\/\/api.w.org\/{rel}","templated":true}]}}