{"id":92502,"date":"2021-03-19T12:59:56","date_gmt":"2021-03-19T12:59:56","guid":{"rendered":"https:\/\/cernelic.hr\/katalog\/Bez%20kategorije\/calvi-by-fermob-2\/"},"modified":"2023-12-08T02:26:51","modified_gmt":"2023-12-08T02:26:51","slug":"calvi-by-fermob","status":"publish","type":"product","link":"https:\/\/cernelic.hr\/en\/proizvod\/calvi-by-fermob\/","title":{"rendered":"CALVI by Fermob"},"content":{"rendered":"<p>\u017delite impresionirati svoje goste ne\u010dim neobi\u010dnim? Onda su Vam Fermob \u201eCalvi\u201c stolovi za vanjsku upotrebu najbolja opcija.<br \/>\nZa\u0161to? Zato \u0161to kao primjerci vrtnog namje\u0161taja od aluminija mogu izdr\u017eati \u010dak i najekstremnije vremenske uvjete &#8211; i jednako su kao kod ku\u0107e u zatvorenom ili na otvorenom.<\/p>\n","protected":false},"excerpt":{"rendered":"<p>\u017delite impresionirati svoje goste ne\u010dim neobi\u010dnim? Onda su Vam Fermob \u201eCalvi\u201c stolovi za vanjsku upotrebu najbolja opcija. Za\u0161to? Zato \u0161to kao primjerci vrtnog namje\u0161taja od aluminija mogu izdr\u017eati \u010dak i najekstremnije vremenske uvjete &#8211; i jednako su kao kod ku\u0107e u zatvorenom ili na otvorenom.<\/p>\n","protected":false},"featured_media":91823,"template":"","meta":{"_acf_changed":false},"product_brand":[],"product_cat":[2105,2513,2061,2068,2144,2147,2186,2145,2073,2118,2143],"product_tag":[],"berocket_brand":[524],"class_list":{"0":"post-92502","1":"product","2":"type-product","3":"status-publish","4":"has-post-thumbnail","6":"product_cat-javni","7":"product_cat-outdoor","8":"product_cat-proizvodi","9":"product_cat-prostori","10":"product_cat-prostori-horeca-stolovi-za-vanjske-prostore","11":"product_cat-prostori-javni-stolovi-za-vanjske-prostore","12":"product_cat-prostori-outdoor-stolovi","13":"product_cat-prostori-rezidencijalni-stolovi-za-vanjske-prostore","14":"product_cat-rezidencijalni","15":"product_cat-stolovi","16":"product_cat-proizvodi-stolovi-stolovi-za-vanjske-prostore","17":"berocket_brand-fermob","19":"first","20":"instock","21":"product-type-grouped"},"acf":[],"_links":{"self":[{"href":"https:\/\/cernelic.hr\/en\/wp-json\/wp\/v2\/product\/92502","targetHints":{"allow":["GET"]}}],"collection":[{"href":"https:\/\/cernelic.hr\/en\/wp-json\/wp\/v2\/product"}],"about":[{"href":"https:\/\/cernelic.hr\/en\/wp-json\/wp\/v2\/types\/product"}],"wp:featuredmedia":[{"embeddable":true,"href":"https:\/\/cernelic.hr\/en\/wp-json\/wp\/v2\/media\/91823"}],"wp:attachment":[{"href":"https:\/\/cernelic.hr\/en\/wp-json\/wp\/v2\/media?parent=92502"}],"wp:term":[{"taxonomy":"product_brand","embeddable":true,"href":"https:\/\/cernelic.hr\/en\/wp-json\/wp\/v2\/product_brand?post=92502"},{"taxonomy":"product_cat","embeddable":true,"href":"https:\/\/cernelic.hr\/en\/wp-json\/wp\/v2\/product_cat?post=92502"},{"taxonomy":"product_tag","embeddable":true,"href":"https:\/\/cernelic.hr\/en\/wp-json\/wp\/v2\/product_tag?post=92502"},{"taxonomy":"berocket_brand","embeddable":true,"href":"https:\/\/cernelic.hr\/en\/wp-json\/wp\/v2\/berocket_brand?post=92502"}],"curies":[{"name":"wp","href":"https:\/\/api.w.org\/{rel}","templated":true}]}}