{"id":92506,"date":"2021-03-19T13:03:14","date_gmt":"2021-03-19T13:03:14","guid":{"rendered":"https:\/\/cernelic.hr\/katalog\/Bez%20kategorije\/cocotte-by-fermob-2\/"},"modified":"2023-12-08T02:26:58","modified_gmt":"2023-12-08T02:26:58","slug":"cocotte-by-fermob","status":"publish","type":"product","link":"https:\/\/cernelic.hr\/en\/proizvod\/cocotte-by-fermob\/","title":{"rendered":"COCOTTE by Fermob"},"content":{"rendered":"<p>Ovaj mali komad namje\u0161taja nadimka \u201eCocotte\u201c mo\u017ee se koristiti na razli\u010dite na\u010dine i nalazi svoje mjesto posvuda! Mo\u017eete ga staviti u svaki kutak vrta ili ku\u0107e, a dobro \u0107e se uklopiti i u projektiranje raznih javnih objekata. Dodajte tome \u0161irok izbor Fermob boja i dobili ste idealan recept za vrlo dekorativan detalj.<\/p>\n","protected":false},"excerpt":{"rendered":"<p>Ovaj mali komad namje\u0161taja nadimka \u201eCocotte\u201c mo\u017ee se koristiti na razli\u010dite na\u010dine i nalazi svoje mjesto posvuda! Mo\u017eete ga staviti u svaki kutak vrta ili ku\u0107e, a dobro \u0107e se uklopiti i u projektiranje raznih javnih objekata. Dodajte tome \u0161irok izbor Fermob boja i dobili ste idealan recept za vrlo dekorativan detalj.<\/p>\n","protected":false},"featured_media":91827,"template":"","meta":{"_acf_changed":false},"product_brand":[],"product_cat":[2105,2142,2513,2061,2068,2144,2147,2186,2146,2073,2118],"product_tag":[],"berocket_brand":[524],"class_list":{"0":"post-92506","1":"product","2":"type-product","3":"status-publish","4":"has-post-thumbnail","6":"product_cat-javni","7":"product_cat-proizvodi-stolovi-niski-stolovi-vanjske-prostore","8":"product_cat-outdoor","9":"product_cat-proizvodi","10":"product_cat-prostori","11":"product_cat-prostori-horeca-stolovi-za-vanjske-prostore","12":"product_cat-prostori-javni-stolovi-za-vanjske-prostore","13":"product_cat-prostori-outdoor-stolovi","14":"product_cat-prostori-rezidencijalni-niski-klubski-stolici-za-vanjske-prostore","15":"product_cat-rezidencijalni","16":"product_cat-stolovi","17":"berocket_brand-fermob","19":"first","20":"instock","21":"product-type-grouped"},"acf":[],"_links":{"self":[{"href":"https:\/\/cernelic.hr\/en\/wp-json\/wp\/v2\/product\/92506","targetHints":{"allow":["GET"]}}],"collection":[{"href":"https:\/\/cernelic.hr\/en\/wp-json\/wp\/v2\/product"}],"about":[{"href":"https:\/\/cernelic.hr\/en\/wp-json\/wp\/v2\/types\/product"}],"wp:featuredmedia":[{"embeddable":true,"href":"https:\/\/cernelic.hr\/en\/wp-json\/wp\/v2\/media\/91827"}],"wp:attachment":[{"href":"https:\/\/cernelic.hr\/en\/wp-json\/wp\/v2\/media?parent=92506"}],"wp:term":[{"taxonomy":"product_brand","embeddable":true,"href":"https:\/\/cernelic.hr\/en\/wp-json\/wp\/v2\/product_brand?post=92506"},{"taxonomy":"product_cat","embeddable":true,"href":"https:\/\/cernelic.hr\/en\/wp-json\/wp\/v2\/product_cat?post=92506"},{"taxonomy":"product_tag","embeddable":true,"href":"https:\/\/cernelic.hr\/en\/wp-json\/wp\/v2\/product_tag?post=92506"},{"taxonomy":"berocket_brand","embeddable":true,"href":"https:\/\/cernelic.hr\/en\/wp-json\/wp\/v2\/berocket_brand?post=92506"}],"curies":[{"name":"wp","href":"https:\/\/api.w.org\/{rel}","templated":true}]}}