{"id":92508,"date":"2021-03-19T13:03:14","date_gmt":"2021-03-19T13:03:14","guid":{"rendered":"https:\/\/cernelic.hr\/katalog\/Bez%20kategorije\/costa-by-fermob-2\/"},"modified":"2025-12-03T09:28:32","modified_gmt":"2025-12-03T09:28:32","slug":"costa-by-fermob","status":"publish","type":"product","link":"https:\/\/cernelic.hr\/en\/proizvod\/costa-by-fermob\/","title":{"rendered":"COSTA by Fermob"},"content":{"rendered":"<p>Kolekcija \u201eCosta\u201c prikladna je za sve stilove dizajna. Ova elegantna, udobna i lagana linija iznimno je popularna me\u0111u odraslima i djecom. Kao i uvijek, Fermob je iskoristio svoju stru\u010dnost za stvaranje pa\u017eljivo izra\u0111enih boja koje nude otpornost bez premca. Vanjski tehni\u010dki materijal otporan na trganje (OTF) \u010dini sjedala posebno udobnima, dok mu je aluminijski okvir od iznimne izdr\u017eljivosti.<br \/>\nKolekcija \u201eCosta\u201c sigurna je oklada kada je rije\u010d o udobnosti i otpornosti.<\/p>\n","protected":false},"excerpt":{"rendered":"<p>Kolekcija \u201eCosta\u201c prikladna je za sve stilove dizajna. Ova elegantna, udobna i lagana linija iznimno je popularna me\u0111u odraslima i djecom. Kao i uvijek, Fermob je iskoristio svoju stru\u010dnost za stvaranje pa\u017eljivo izra\u0111enih boja koje nude otpornost bez premca. Vanjski tehni\u010dki materijal otporan na trganje (OTF) \u010dini sjedala posebno udobnima, dok mu je aluminijski okvir [&hellip;]<\/p>\n","protected":false},"featured_media":91829,"template":"","meta":{"_acf_changed":false},"product_brand":[],"product_cat":[2154,2111,2062,2105,2142,2513,2061,2066,2068,2112,2155,2071,2070,2144,2157,2141,2125,2147,2158,2079,2080,2186,2156,2074,2146,2075,2145,2073,2087,2124,2118,2143,2162],"product_tag":[],"berocket_brand":[524],"class_list":{"0":"post-92508","1":"product","2":"type-product","3":"status-publish","4":"has-post-thumbnail","6":"product_cat-proizvodi-stolice-barske-stolice-za-vanjske-prostore","7":"product_cat-dvorane","8":"product_cat-fotelje-i-garniture-za-sjedenje","9":"product_cat-javni","10":"product_cat-proizvodi-stolovi-niski-stolovi-vanjske-prostore","11":"product_cat-outdoor","12":"product_cat-proizvodi","13":"product_cat-proizvodi-fotelje-garniture-fotelje-i-garniture-za-vanjske-prostore","14":"product_cat-prostori","15":"product_cat-prostori-dvorane-fotelje-i-garniture-za-vanjske-prostore","16":"product_cat-prostori-horeca-barske-stolice-za-vanjske-prostore","17":"product_cat-prostori-horeca-fotelje-i-garniture-za-vanjske-prostore","18":"product_cat-prostori-horeca-stolice-za-vanjske-prostore","19":"product_cat-prostori-horeca-stolovi-za-vanjske-prostore","20":"product_cat-prostori-javni-barske-stolice-za-vanjske-prostore","21":"product_cat-prostori-javni-fotelje-i-garniture-za-vanjske-prostore","22":"product_cat-prostori-javni-stolice-za-vanjske-prostore","23":"product_cat-prostori-javni-stolovi-za-vanjske-prostore","24":"product_cat-prostori-outdoor-barske-stolice-za-vanjske-prostore","25":"product_cat-prostori-outdoor-fotelje-i-garniture-za-vanjske-prostore","26":"product_cat-prostori-outdoor-stolice-za-vanjske-prostore","27":"product_cat-prostori-outdoor-stolovi","28":"product_cat-prostori-rezidencijalni-barske-stolice-za-vanjske-prostore","29":"product_cat-prostori-rezidencijalni-fotelje-i-garniture-za-vanjske-prostore","30":"product_cat-prostori-rezidencijalni-niski-klubski-stolici-za-vanjske-prostore","31":"product_cat-prostori-rezidencijalni-stolice-za-vanjske-prostore","32":"product_cat-prostori-rezidencijalni-stolovi-za-vanjske-prostore","33":"product_cat-rezidencijalni","34":"product_cat-stolice","35":"product_cat-proizvodi-stolice-stolice-za-vanjske-prostore","36":"product_cat-stolovi","37":"product_cat-proizvodi-stolovi-stolovi-za-vanjske-prostore","38":"product_cat-proizvodi-stolovi-visoki-barski-stolovi-vanjske-prostore","39":"berocket_brand-fermob","41":"first","42":"instock","43":"product-type-grouped"},"acf":[],"_links":{"self":[{"href":"https:\/\/cernelic.hr\/en\/wp-json\/wp\/v2\/product\/92508","targetHints":{"allow":["GET"]}}],"collection":[{"href":"https:\/\/cernelic.hr\/en\/wp-json\/wp\/v2\/product"}],"about":[{"href":"https:\/\/cernelic.hr\/en\/wp-json\/wp\/v2\/types\/product"}],"wp:featuredmedia":[{"embeddable":true,"href":"https:\/\/cernelic.hr\/en\/wp-json\/wp\/v2\/media\/91829"}],"wp:attachment":[{"href":"https:\/\/cernelic.hr\/en\/wp-json\/wp\/v2\/media?parent=92508"}],"wp:term":[{"taxonomy":"product_brand","embeddable":true,"href":"https:\/\/cernelic.hr\/en\/wp-json\/wp\/v2\/product_brand?post=92508"},{"taxonomy":"product_cat","embeddable":true,"href":"https:\/\/cernelic.hr\/en\/wp-json\/wp\/v2\/product_cat?post=92508"},{"taxonomy":"product_tag","embeddable":true,"href":"https:\/\/cernelic.hr\/en\/wp-json\/wp\/v2\/product_tag?post=92508"},{"taxonomy":"berocket_brand","embeddable":true,"href":"https:\/\/cernelic.hr\/en\/wp-json\/wp\/v2\/berocket_brand?post=92508"}],"curies":[{"name":"wp","href":"https:\/\/api.w.org\/{rel}","templated":true}]}}