{"id":92510,"date":"2021-03-19T13:03:14","date_gmt":"2021-03-19T13:03:14","guid":{"rendered":"https:\/\/cernelic.hr\/katalog\/Bez%20kategorije\/croisette-by-fermob-2\/"},"modified":"2023-12-08T02:27:05","modified_gmt":"2023-12-08T02:27:05","slug":"croisette-by-fermob","status":"publish","type":"product","link":"https:\/\/cernelic.hr\/en\/proizvod\/croisette-by-fermob\/","title":{"rendered":"CROISETTE by Fermob"},"content":{"rendered":"<p>Fermob outdoor proizvod koji nudi jedinstvenu perspektivu na tradicionalni unutarnji pleteni namje\u0161taj od pru\u0107a, s modernim dodirom. Perspektivu kakvu treba svaki moderan namje\u0161taj za terasu.<\/p>\n","protected":false},"excerpt":{"rendered":"<p>Fermob outdoor proizvod koji nudi jedinstvenu perspektivu na tradicionalni unutarnji pleteni namje\u0161taj od pru\u0107a, s modernim dodirom. Perspektivu kakvu treba svaki moderan namje\u0161taj za terasu.<\/p>\n","protected":false},"featured_media":91831,"template":"","meta":{"_acf_changed":false},"product_brand":[],"product_cat":[2111,2062,2105,2142,2513,2061,2066,2127,2068,2112,2071,2129,2070,2144,2141,2125,2147,2079,2080,2186,2074,2146,2075,2073,2087,2124,2118],"product_tag":[],"berocket_brand":[524],"class_list":{"0":"post-92510","1":"product","2":"type-product","3":"status-publish","4":"has-post-thumbnail","6":"product_cat-dvorane","7":"product_cat-fotelje-i-garniture-za-sjedenje","8":"product_cat-javni","9":"product_cat-proizvodi-stolovi-niski-stolovi-vanjske-prostore","10":"product_cat-outdoor","11":"product_cat-proizvodi","12":"product_cat-proizvodi-fotelje-garniture-fotelje-i-garniture-za-vanjske-prostore","13":"product_cat-proizvodi-fotelje-garniture-klupe-i-separei","14":"product_cat-prostori","15":"product_cat-prostori-dvorane-fotelje-i-garniture-za-vanjske-prostore","16":"product_cat-prostori-horeca-fotelje-i-garniture-za-vanjske-prostore","17":"product_cat-prostori-horeca-klupe-i-separei","18":"product_cat-prostori-horeca-stolice-za-vanjske-prostore","19":"product_cat-prostori-horeca-stolovi-za-vanjske-prostore","20":"product_cat-prostori-javni-fotelje-i-garniture-za-vanjske-prostore","21":"product_cat-prostori-javni-stolice-za-vanjske-prostore","22":"product_cat-prostori-javni-stolovi-za-vanjske-prostore","23":"product_cat-prostori-outdoor-fotelje-i-garniture-za-vanjske-prostore","24":"product_cat-prostori-outdoor-stolice-za-vanjske-prostore","25":"product_cat-prostori-outdoor-stolovi","26":"product_cat-prostori-rezidencijalni-fotelje-i-garniture-za-vanjske-prostore","27":"product_cat-prostori-rezidencijalni-niski-klubski-stolici-za-vanjske-prostore","28":"product_cat-prostori-rezidencijalni-stolice-za-vanjske-prostore","29":"product_cat-rezidencijalni","30":"product_cat-stolice","31":"product_cat-proizvodi-stolice-stolice-za-vanjske-prostore","32":"product_cat-stolovi","33":"berocket_brand-fermob","35":"first","36":"instock","37":"product-type-grouped"},"acf":[],"_links":{"self":[{"href":"https:\/\/cernelic.hr\/en\/wp-json\/wp\/v2\/product\/92510","targetHints":{"allow":["GET"]}}],"collection":[{"href":"https:\/\/cernelic.hr\/en\/wp-json\/wp\/v2\/product"}],"about":[{"href":"https:\/\/cernelic.hr\/en\/wp-json\/wp\/v2\/types\/product"}],"wp:featuredmedia":[{"embeddable":true,"href":"https:\/\/cernelic.hr\/en\/wp-json\/wp\/v2\/media\/91831"}],"wp:attachment":[{"href":"https:\/\/cernelic.hr\/en\/wp-json\/wp\/v2\/media?parent=92510"}],"wp:term":[{"taxonomy":"product_brand","embeddable":true,"href":"https:\/\/cernelic.hr\/en\/wp-json\/wp\/v2\/product_brand?post=92510"},{"taxonomy":"product_cat","embeddable":true,"href":"https:\/\/cernelic.hr\/en\/wp-json\/wp\/v2\/product_cat?post=92510"},{"taxonomy":"product_tag","embeddable":true,"href":"https:\/\/cernelic.hr\/en\/wp-json\/wp\/v2\/product_tag?post=92510"},{"taxonomy":"berocket_brand","embeddable":true,"href":"https:\/\/cernelic.hr\/en\/wp-json\/wp\/v2\/berocket_brand?post=92510"}],"curies":[{"name":"wp","href":"https:\/\/api.w.org\/{rel}","templated":true}]}}