{"id":92511,"date":"2021-03-19T13:03:14","date_gmt":"2021-03-19T13:03:14","guid":{"rendered":"https:\/\/cernelic.hr\/katalog\/Bez%20kategorije\/cuub-by-fermob-2\/"},"modified":"2023-12-08T02:27:07","modified_gmt":"2023-12-08T02:27:07","slug":"cuub-by-fermob","status":"publish","type":"product","link":"https:\/\/cernelic.hr\/en\/proizvod\/cuub-by-fermob\/","title":{"rendered":"CUUB by Fermob"},"content":{"rendered":"<p>Kada dizajner interijera Tristan Lohner odlu\u010di dizajnirati posudu za svije\u0107e, rezultat je jednako dobar kao i njegove prethodne kreacije!<br \/>\nKao i \u201eBalad\u201c, ovaj mali dodatak savr\u0161enih je proporcija sa svojim mekim, zaobljenim linijama. Svojim kombinacijama boja i prozirnosti donosi zavr\u0161ni pe\u010dat malim ve\u010derama za dvoje.<\/p>\n","protected":false},"excerpt":{"rendered":"<p>Kada dizajner interijera Tristan Lohner odlu\u010di dizajnirati posudu za svije\u0107e, rezultat je jednako dobar kao i njegove prethodne kreacije! Kao i \u201eBalad\u201c, ovaj mali dodatak savr\u0161enih je proporcija sa svojim mekim, zaobljenim linijama. Svojim kombinacijama boja i prozirnosti donosi zavr\u0161ni pe\u010dat malim ve\u010derama za dvoje.<\/p>\n","protected":false},"featured_media":91832,"template":"","meta":{"_acf_changed":false},"product_brand":[],"product_cat":[2514,2513,2061,2196,2197,2068,2199,2198,2073],"product_tag":[],"berocket_brand":[524],"class_list":{"0":"post-92511","1":"product","2":"type-product","3":"status-publish","4":"has-post-thumbnail","6":"product_cat-accessories","7":"product_cat-outdoor","8":"product_cat-proizvodi","9":"product_cat-proizvodi-accessories-accessories-za-unutarnje-prostore","10":"product_cat-proizvodi-accessories-accessories-za-vanjske-prostore","11":"product_cat-prostori","12":"product_cat-prostori-outdoor-accesories","13":"product_cat-prostori-rezidencijalni-accessories","14":"product_cat-rezidencijalni","15":"berocket_brand-fermob","17":"first","18":"instock","19":"product-type-grouped"},"acf":[],"_links":{"self":[{"href":"https:\/\/cernelic.hr\/en\/wp-json\/wp\/v2\/product\/92511","targetHints":{"allow":["GET"]}}],"collection":[{"href":"https:\/\/cernelic.hr\/en\/wp-json\/wp\/v2\/product"}],"about":[{"href":"https:\/\/cernelic.hr\/en\/wp-json\/wp\/v2\/types\/product"}],"wp:featuredmedia":[{"embeddable":true,"href":"https:\/\/cernelic.hr\/en\/wp-json\/wp\/v2\/media\/91832"}],"wp:attachment":[{"href":"https:\/\/cernelic.hr\/en\/wp-json\/wp\/v2\/media?parent=92511"}],"wp:term":[{"taxonomy":"product_brand","embeddable":true,"href":"https:\/\/cernelic.hr\/en\/wp-json\/wp\/v2\/product_brand?post=92511"},{"taxonomy":"product_cat","embeddable":true,"href":"https:\/\/cernelic.hr\/en\/wp-json\/wp\/v2\/product_cat?post=92511"},{"taxonomy":"product_tag","embeddable":true,"href":"https:\/\/cernelic.hr\/en\/wp-json\/wp\/v2\/product_tag?post=92511"},{"taxonomy":"berocket_brand","embeddable":true,"href":"https:\/\/cernelic.hr\/en\/wp-json\/wp\/v2\/berocket_brand?post=92511"}],"curies":[{"name":"wp","href":"https:\/\/api.w.org\/{rel}","templated":true}]}}