{"id":92512,"date":"2021-03-19T13:03:14","date_gmt":"2021-03-19T13:03:14","guid":{"rendered":"https:\/\/cernelic.hr\/katalog\/Bez%20kategorije\/dune-by-fermob-2\/"},"modified":"2023-12-08T02:27:10","modified_gmt":"2023-12-08T02:27:10","slug":"dune-by-fermob","status":"publish","type":"product","link":"https:\/\/cernelic.hr\/en\/proizvod\/dune-by-fermob\/","title":{"rendered":"DUNE by Fermob"},"content":{"rendered":"<p>Fermobov asortiman \u201eDune\u201c, sa svojim prepoznatljivim fluidnim linijama \u010dini kolekciju sjedala koja nisu samo elegantna i lagana, ve\u0107 i udobna i pametno dizajnirana za sve aspekte \u017eivota na otvorenom.<br \/>\nDvije godine usavr\u0161avanja bile su potrebne kako bi se postigla odgovaraju\u0107a razina napetosti u tkanini \u2013 a time i optimalna udobnost koja se danas nudi \u2013 kori\u0161tenjem procesa koji je danas patentirao Fermob za svoj namje\u0161taj za terasu.<\/p>\n","protected":false},"excerpt":{"rendered":"<p>Fermobov asortiman \u201eDune\u201c, sa svojim prepoznatljivim fluidnim linijama \u010dini kolekciju sjedala koja nisu samo elegantna i lagana, ve\u0107 i udobna i pametno dizajnirana za sve aspekte \u017eivota na otvorenom. Dvije godine usavr\u0161avanja bile su potrebne kako bi se postigla odgovaraju\u0107a razina napetosti u tkanini \u2013 a time i optimalna udobnost koja se danas nudi \u2013 [&hellip;]<\/p>\n","protected":false},"featured_media":91833,"template":"","meta":{"_acf_changed":false},"product_brand":[],"product_cat":[2105,2159,2513,2061,2160,2068,2072,2070,2125,2081,2080,2076,2075,2073,2087,2124],"product_tag":[],"berocket_brand":[524],"class_list":{"0":"post-92512","1":"product","2":"type-product","3":"status-publish","4":"has-post-thumbnail","6":"product_cat-javni","7":"product_cat-lezaljke","8":"product_cat-outdoor","9":"product_cat-proizvodi","10":"product_cat-proizvodi-lezaljke-lezaljke","11":"product_cat-prostori","12":"product_cat-prostori-horeca-lezaljke","13":"product_cat-prostori-horeca-stolice-za-vanjske-prostore","14":"product_cat-prostori-javni-stolice-za-vanjske-prostore","15":"product_cat-prostori-outdoor-lezaljke","16":"product_cat-prostori-outdoor-stolice-za-vanjske-prostore","17":"product_cat-prostori-rezidencijalni-lezaljke","18":"product_cat-prostori-rezidencijalni-stolice-za-vanjske-prostore","19":"product_cat-rezidencijalni","20":"product_cat-stolice","21":"product_cat-proizvodi-stolice-stolice-za-vanjske-prostore","22":"berocket_brand-fermob","24":"first","25":"instock","26":"product-type-grouped"},"acf":[],"_links":{"self":[{"href":"https:\/\/cernelic.hr\/en\/wp-json\/wp\/v2\/product\/92512","targetHints":{"allow":["GET"]}}],"collection":[{"href":"https:\/\/cernelic.hr\/en\/wp-json\/wp\/v2\/product"}],"about":[{"href":"https:\/\/cernelic.hr\/en\/wp-json\/wp\/v2\/types\/product"}],"wp:featuredmedia":[{"embeddable":true,"href":"https:\/\/cernelic.hr\/en\/wp-json\/wp\/v2\/media\/91833"}],"wp:attachment":[{"href":"https:\/\/cernelic.hr\/en\/wp-json\/wp\/v2\/media?parent=92512"}],"wp:term":[{"taxonomy":"product_brand","embeddable":true,"href":"https:\/\/cernelic.hr\/en\/wp-json\/wp\/v2\/product_brand?post=92512"},{"taxonomy":"product_cat","embeddable":true,"href":"https:\/\/cernelic.hr\/en\/wp-json\/wp\/v2\/product_cat?post=92512"},{"taxonomy":"product_tag","embeddable":true,"href":"https:\/\/cernelic.hr\/en\/wp-json\/wp\/v2\/product_tag?post=92512"},{"taxonomy":"berocket_brand","embeddable":true,"href":"https:\/\/cernelic.hr\/en\/wp-json\/wp\/v2\/berocket_brand?post=92512"}],"curies":[{"name":"wp","href":"https:\/\/api.w.org\/{rel}","templated":true}]}}