{"id":92516,"date":"2021-03-19T13:03:14","date_gmt":"2021-03-19T13:03:14","guid":{"rendered":"https:\/\/cernelic.hr\/katalog\/Bez%20kategorije\/floreal-by-fermob-2\/"},"modified":"2023-12-08T02:27:15","modified_gmt":"2023-12-08T02:27:15","slug":"floreal-by-fermob","status":"publish","type":"product","link":"https:\/\/cernelic.hr\/en\/proizvod\/floreal-by-fermob\/","title":{"rendered":"FLOREAL by Fermob"},"content":{"rendered":"<p>Ultra prakti\u010dni Fermob preklopni stolovi, koji su tako\u0111er ultra \u0161armantni, zahvaljuju\u0107i svojim nje\u017enim perforacijama savr\u0161eni su za ure\u0111enje balkona i terasa.<\/p>\n","protected":false},"excerpt":{"rendered":"<p>Ultra prakti\u010dni Fermob preklopni stolovi, koji su tako\u0111er ultra \u0161armantni, zahvaljuju\u0107i svojim nje\u017enim perforacijama savr\u0161eni su za ure\u0111enje balkona i terasa.<\/p>\n","protected":false},"featured_media":91836,"template":"","meta":{"_acf_changed":false},"product_brand":[],"product_cat":[2105,2513,2061,2068,2144,2147,2186,2145,2073,2118,2143],"product_tag":[],"berocket_brand":[524],"class_list":{"0":"post-92516","1":"product","2":"type-product","3":"status-publish","4":"has-post-thumbnail","6":"product_cat-javni","7":"product_cat-outdoor","8":"product_cat-proizvodi","9":"product_cat-prostori","10":"product_cat-prostori-horeca-stolovi-za-vanjske-prostore","11":"product_cat-prostori-javni-stolovi-za-vanjske-prostore","12":"product_cat-prostori-outdoor-stolovi","13":"product_cat-prostori-rezidencijalni-stolovi-za-vanjske-prostore","14":"product_cat-rezidencijalni","15":"product_cat-stolovi","16":"product_cat-proizvodi-stolovi-stolovi-za-vanjske-prostore","17":"berocket_brand-fermob","19":"first","20":"instock","21":"product-type-grouped"},"acf":[],"_links":{"self":[{"href":"https:\/\/cernelic.hr\/en\/wp-json\/wp\/v2\/product\/92516","targetHints":{"allow":["GET"]}}],"collection":[{"href":"https:\/\/cernelic.hr\/en\/wp-json\/wp\/v2\/product"}],"about":[{"href":"https:\/\/cernelic.hr\/en\/wp-json\/wp\/v2\/types\/product"}],"wp:featuredmedia":[{"embeddable":true,"href":"https:\/\/cernelic.hr\/en\/wp-json\/wp\/v2\/media\/91836"}],"wp:attachment":[{"href":"https:\/\/cernelic.hr\/en\/wp-json\/wp\/v2\/media?parent=92516"}],"wp:term":[{"taxonomy":"product_brand","embeddable":true,"href":"https:\/\/cernelic.hr\/en\/wp-json\/wp\/v2\/product_brand?post=92516"},{"taxonomy":"product_cat","embeddable":true,"href":"https:\/\/cernelic.hr\/en\/wp-json\/wp\/v2\/product_cat?post=92516"},{"taxonomy":"product_tag","embeddable":true,"href":"https:\/\/cernelic.hr\/en\/wp-json\/wp\/v2\/product_tag?post=92516"},{"taxonomy":"berocket_brand","embeddable":true,"href":"https:\/\/cernelic.hr\/en\/wp-json\/wp\/v2\/berocket_brand?post=92516"}],"curies":[{"name":"wp","href":"https:\/\/api.w.org\/{rel}","templated":true}]}}