{"id":92522,"date":"2021-03-19T13:03:14","date_gmt":"2021-03-19T13:03:14","guid":{"rendered":"https:\/\/cernelic.hr\/katalog\/Bez%20kategorije\/inoui-by-fermob-2\/"},"modified":"2023-12-08T02:27:38","modified_gmt":"2023-12-08T02:27:38","slug":"inoui-by-fermob","status":"publish","type":"product","link":"https:\/\/cernelic.hr\/en\/proizvod\/inoui-by-fermob\/","title":{"rendered":"INOUI by Fermob"},"content":{"rendered":"<p>\u201eInou\u00ef\u201c je 3-u-1 koncept vrtnog namje\u0161taja &#8211; dijelom vanjska rasvjeta, dijelom stolac, dijelom povremeni stol.<br \/>\nOvaj jedinstveni proizvod tako\u0111er dolazi s Bluetooth tehnologijom koja vam omogu\u0107uje daljinsko upravljanje i mijenjanje raspolo\u017eenja rasvjete pomo\u0107u aplikacije Fermob Lighting.<br \/>\nPosljednje, ali ne najmanje va\u017eno, be\u017ei\u010dan je i dolazi s vlastitom bazom za punjenje. Baterija se puni 4 sata i traje 13 sati.<\/p>\n","protected":false},"excerpt":{"rendered":"<p>\u201eInou\u00ef\u201c je 3-u-1 koncept vrtnog namje\u0161taja &#8211; dijelom vanjska rasvjeta, dijelom stolac, dijelom povremeni stol. Ovaj jedinstveni proizvod tako\u0111er dolazi s Bluetooth tehnologijom koja vam omogu\u0107uje daljinsko upravljanje i mijenjanje raspolo\u017eenja rasvjete pomo\u0107u aplikacije Fermob Lighting. Posljednje, ali ne najmanje va\u017eno, be\u017ei\u010dan je i dolazi s vlastitom bazom za punjenje. Baterija se puni 4 sata [&hellip;]<\/p>\n","protected":false},"featured_media":91842,"template":"","meta":{"_acf_changed":false},"product_brand":[],"product_cat":[2105,2513,2061,2201,2202,2068,2203,2205,2206,2204,2200,2073],"product_tag":[],"berocket_brand":[524],"class_list":{"0":"post-92522","1":"product","2":"type-product","3":"status-publish","4":"has-post-thumbnail","6":"product_cat-javni","7":"product_cat-outdoor","8":"product_cat-proizvodi","9":"product_cat-proizvodi-rasvjeta-dekorativna-rasvjeta-za-unutarnje-prostore","10":"product_cat-proizvodi-rasvjeta-dekorativna-rasvjeta-za-vanjske-prostore","11":"product_cat-prostori","12":"product_cat-prostori-horeca-rasvjeta","13":"product_cat-prostori-javni-rasvjeta","14":"product_cat-prostori-outdoor-rasvjeta-za-vanjske-prostore","15":"product_cat-prostori-rezidencijalni-rasvjeta","16":"product_cat-rasvjeta","17":"product_cat-rezidencijalni","18":"berocket_brand-fermob","20":"first","21":"instock","22":"product-type-grouped"},"acf":[],"_links":{"self":[{"href":"https:\/\/cernelic.hr\/en\/wp-json\/wp\/v2\/product\/92522","targetHints":{"allow":["GET"]}}],"collection":[{"href":"https:\/\/cernelic.hr\/en\/wp-json\/wp\/v2\/product"}],"about":[{"href":"https:\/\/cernelic.hr\/en\/wp-json\/wp\/v2\/types\/product"}],"wp:featuredmedia":[{"embeddable":true,"href":"https:\/\/cernelic.hr\/en\/wp-json\/wp\/v2\/media\/91842"}],"wp:attachment":[{"href":"https:\/\/cernelic.hr\/en\/wp-json\/wp\/v2\/media?parent=92522"}],"wp:term":[{"taxonomy":"product_brand","embeddable":true,"href":"https:\/\/cernelic.hr\/en\/wp-json\/wp\/v2\/product_brand?post=92522"},{"taxonomy":"product_cat","embeddable":true,"href":"https:\/\/cernelic.hr\/en\/wp-json\/wp\/v2\/product_cat?post=92522"},{"taxonomy":"product_tag","embeddable":true,"href":"https:\/\/cernelic.hr\/en\/wp-json\/wp\/v2\/product_tag?post=92522"},{"taxonomy":"berocket_brand","embeddable":true,"href":"https:\/\/cernelic.hr\/en\/wp-json\/wp\/v2\/berocket_brand?post=92522"}],"curies":[{"name":"wp","href":"https:\/\/api.w.org\/{rel}","templated":true}]}}