{"id":92524,"date":"2021-03-19T13:06:29","date_gmt":"2021-03-19T13:06:29","guid":{"rendered":"https:\/\/cernelic.hr\/katalog\/Bez%20kategorije\/kate-by-fermob-2\/"},"modified":"2023-12-08T02:27:43","modified_gmt":"2023-12-08T02:27:43","slug":"kate-by-fermob","status":"publish","type":"product","link":"https:\/\/cernelic.hr\/en\/proizvod\/kate-by-fermob\/","title":{"rendered":"KATE by Fermob"},"content":{"rendered":"<p>S ovim komadom, Patrick Jouin daje novu perspektivu na ikoni\u010dnu stolicu \u201eFacto\u201c, svoj prvi komad, koji je prvi put u\u0161ao u Fermob katalog davne 1998. To su stolice za vanjsku upotrebu jednostavne siluete izra\u0111ene od jednog materijala: mekog \u010deli\u010dnog lima. Patrick koristi ove zna\u010dajke kako bi stvorio divan, elegantan, jednostavan i ugodan naslonja\u010d koji je prakti\u010dan i udoban. Cjelokupni dizajn koketira s haute coutureom kako bi se postiglo ovo tehni\u010dki zahtjevno estetsko postignu\u0107e.<\/p>\n","protected":false},"excerpt":{"rendered":"<p>S ovim komadom, Patrick Jouin daje novu perspektivu na ikoni\u010dnu stolicu \u201eFacto\u201c, svoj prvi komad, koji je prvi put u\u0161ao u Fermob katalog davne 1998. To su stolice za vanjsku upotrebu jednostavne siluete izra\u0111ene od jednog materijala: mekog \u010deli\u010dnog lima. Patrick koristi ove zna\u010dajke kako bi stvorio divan, elegantan, jednostavan i ugodan naslonja\u010d koji je [&hellip;]<\/p>\n","protected":false},"featured_media":91844,"template":"","meta":{"_acf_changed":false},"product_brand":[],"product_cat":[2105,2513,2061,2068,2070,2125,2080,2075,2073,2087,2124],"product_tag":[],"berocket_brand":[524],"class_list":{"0":"post-92524","1":"product","2":"type-product","3":"status-publish","4":"has-post-thumbnail","6":"product_cat-javni","7":"product_cat-outdoor","8":"product_cat-proizvodi","9":"product_cat-prostori","10":"product_cat-prostori-horeca-stolice-za-vanjske-prostore","11":"product_cat-prostori-javni-stolice-za-vanjske-prostore","12":"product_cat-prostori-outdoor-stolice-za-vanjske-prostore","13":"product_cat-prostori-rezidencijalni-stolice-za-vanjske-prostore","14":"product_cat-rezidencijalni","15":"product_cat-stolice","16":"product_cat-proizvodi-stolice-stolice-za-vanjske-prostore","17":"berocket_brand-fermob","19":"first","20":"instock","21":"product-type-grouped"},"acf":[],"_links":{"self":[{"href":"https:\/\/cernelic.hr\/en\/wp-json\/wp\/v2\/product\/92524","targetHints":{"allow":["GET"]}}],"collection":[{"href":"https:\/\/cernelic.hr\/en\/wp-json\/wp\/v2\/product"}],"about":[{"href":"https:\/\/cernelic.hr\/en\/wp-json\/wp\/v2\/types\/product"}],"wp:featuredmedia":[{"embeddable":true,"href":"https:\/\/cernelic.hr\/en\/wp-json\/wp\/v2\/media\/91844"}],"wp:attachment":[{"href":"https:\/\/cernelic.hr\/en\/wp-json\/wp\/v2\/media?parent=92524"}],"wp:term":[{"taxonomy":"product_brand","embeddable":true,"href":"https:\/\/cernelic.hr\/en\/wp-json\/wp\/v2\/product_brand?post=92524"},{"taxonomy":"product_cat","embeddable":true,"href":"https:\/\/cernelic.hr\/en\/wp-json\/wp\/v2\/product_cat?post=92524"},{"taxonomy":"product_tag","embeddable":true,"href":"https:\/\/cernelic.hr\/en\/wp-json\/wp\/v2\/product_tag?post=92524"},{"taxonomy":"berocket_brand","embeddable":true,"href":"https:\/\/cernelic.hr\/en\/wp-json\/wp\/v2\/berocket_brand?post=92524"}],"curies":[{"name":"wp","href":"https:\/\/api.w.org\/{rel}","templated":true}]}}