{"id":92525,"date":"2021-03-19T13:06:29","date_gmt":"2021-03-19T13:06:29","guid":{"rendered":"https:\/\/cernelic.hr\/katalog\/Bez%20kategorije\/kintbury-by-fermob-2\/"},"modified":"2023-12-08T02:27:45","modified_gmt":"2023-12-08T02:27:45","slug":"kintbury-by-fermob","status":"publish","type":"product","link":"https:\/\/cernelic.hr\/en\/proizvod\/kintbury-by-fermob\/","title":{"rendered":"KINTBURY by Fermob"},"content":{"rendered":"<p>Kao kreator i producent namje\u0161taja, Terence Conran svoj kreativni talent unio je u brojne dizajne pa tako i u Fermobovu kolekciju &#8220;&#8221;Kintbury&#8221;&#8221;.<br \/>\nNa neki na\u010din to nije iznena\u0111uju\u0107i susret, jer prema vlastitom priznanju, njegov vrt jedno je od njegovih omiljenih mjesta, gdje se dolazi opustiti, sanjati i prona\u0107i ideje za ure\u0111enje.<\/p>\n","protected":false},"excerpt":{"rendered":"<p>Kao kreator i producent namje\u0161taja, Terence Conran svoj kreativni talent unio je u brojne dizajne pa tako i u Fermobovu kolekciju &#8220;&#8221;Kintbury&#8221;&#8221;. Na neki na\u010din to nije iznena\u0111uju\u0107i susret, jer prema vlastitom priznanju, njegov vrt jedno je od njegovih omiljenih mjesta, gdje se dolazi opustiti, sanjati i prona\u0107i ideje za ure\u0111enje.<\/p>\n","protected":false},"featured_media":91845,"template":"","meta":{"_acf_changed":false},"product_brand":[],"product_cat":[2105,2513,2061,2068,2070,2125,2080,2075,2073,2087,2124],"product_tag":[],"berocket_brand":[524],"class_list":{"0":"post-92525","1":"product","2":"type-product","3":"status-publish","4":"has-post-thumbnail","6":"product_cat-javni","7":"product_cat-outdoor","8":"product_cat-proizvodi","9":"product_cat-prostori","10":"product_cat-prostori-horeca-stolice-za-vanjske-prostore","11":"product_cat-prostori-javni-stolice-za-vanjske-prostore","12":"product_cat-prostori-outdoor-stolice-za-vanjske-prostore","13":"product_cat-prostori-rezidencijalni-stolice-za-vanjske-prostore","14":"product_cat-rezidencijalni","15":"product_cat-stolice","16":"product_cat-proizvodi-stolice-stolice-za-vanjske-prostore","17":"berocket_brand-fermob","19":"first","20":"instock","21":"product-type-grouped"},"acf":[],"_links":{"self":[{"href":"https:\/\/cernelic.hr\/en\/wp-json\/wp\/v2\/product\/92525","targetHints":{"allow":["GET"]}}],"collection":[{"href":"https:\/\/cernelic.hr\/en\/wp-json\/wp\/v2\/product"}],"about":[{"href":"https:\/\/cernelic.hr\/en\/wp-json\/wp\/v2\/types\/product"}],"wp:featuredmedia":[{"embeddable":true,"href":"https:\/\/cernelic.hr\/en\/wp-json\/wp\/v2\/media\/91845"}],"wp:attachment":[{"href":"https:\/\/cernelic.hr\/en\/wp-json\/wp\/v2\/media?parent=92525"}],"wp:term":[{"taxonomy":"product_brand","embeddable":true,"href":"https:\/\/cernelic.hr\/en\/wp-json\/wp\/v2\/product_brand?post=92525"},{"taxonomy":"product_cat","embeddable":true,"href":"https:\/\/cernelic.hr\/en\/wp-json\/wp\/v2\/product_cat?post=92525"},{"taxonomy":"product_tag","embeddable":true,"href":"https:\/\/cernelic.hr\/en\/wp-json\/wp\/v2\/product_tag?post=92525"},{"taxonomy":"berocket_brand","embeddable":true,"href":"https:\/\/cernelic.hr\/en\/wp-json\/wp\/v2\/berocket_brand?post=92525"}],"curies":[{"name":"wp","href":"https:\/\/api.w.org\/{rel}","templated":true}]}}