{"id":92526,"date":"2021-03-19T13:06:29","date_gmt":"2021-03-19T13:06:29","guid":{"rendered":"https:\/\/cernelic.hr\/katalog\/Bez%20kategorije\/la-mome-by-fermob-2\/"},"modified":"2023-12-08T02:27:49","modified_gmt":"2023-12-08T02:27:49","slug":"la-mome-by-fermob","status":"publish","type":"product","link":"https:\/\/cernelic.hr\/en\/proizvod\/la-mome-by-fermob\/","title":{"rendered":"LA MOME by Fermob"},"content":{"rendered":"<p>Tipi\u010dna pari\u0161ka dama!<br \/>\nIza ove \u201ezgodne dame\u201c krije se impresivna pri\u010da. Svoje atraktivne linije duguje Olivieru Genceu, studentu dizajna s ENSAAMA-e i jednom od 58 prijavljenih na natjecanju za redizajn legendarne stolice za vanjsku upotrebu \u201eBistro\u201c. Osje\u0107aju\u0107i popularni duh stolice, Olivier je proizveo pobjedni\u010dku ponudu nazvanu po Edith Piaf (tipi\u010dnoj pari\u0161ki dami): moderna, mobilna stolica s ru\u010dkom koja se sa velikom jednostavno\u0161\u0107u sklapa i rasklapa. Njene \u0161ire letvice \u010dine je jo\u0161 udobnijom. Rezultat je drski naklon njezinoj slavnoj starijoj sestri: sklopive stolice koje se ne srame snage svog karaktera.<\/p>\n","protected":false},"excerpt":{"rendered":"<p>Tipi\u010dna pari\u0161ka dama! Iza ove \u201ezgodne dame\u201c krije se impresivna pri\u010da. Svoje atraktivne linije duguje Olivieru Genceu, studentu dizajna s ENSAAMA-e i jednom od 58 prijavljenih na natjecanju za redizajn legendarne stolice za vanjsku upotrebu \u201eBistro\u201c. Osje\u0107aju\u0107i popularni duh stolice, Olivier je proizveo pobjedni\u010dku ponudu nazvanu po Edith Piaf (tipi\u010dnoj pari\u0161ki dami): moderna, mobilna stolica [&hellip;]<\/p>\n","protected":false},"featured_media":91847,"template":"","meta":{"_acf_changed":false},"product_brand":[],"product_cat":[2105,2513,2061,2068,2070,2125,2080,2075,2073,2087,2124],"product_tag":[],"berocket_brand":[524],"class_list":{"0":"post-92526","1":"product","2":"type-product","3":"status-publish","4":"has-post-thumbnail","6":"product_cat-javni","7":"product_cat-outdoor","8":"product_cat-proizvodi","9":"product_cat-prostori","10":"product_cat-prostori-horeca-stolice-za-vanjske-prostore","11":"product_cat-prostori-javni-stolice-za-vanjske-prostore","12":"product_cat-prostori-outdoor-stolice-za-vanjske-prostore","13":"product_cat-prostori-rezidencijalni-stolice-za-vanjske-prostore","14":"product_cat-rezidencijalni","15":"product_cat-stolice","16":"product_cat-proizvodi-stolice-stolice-za-vanjske-prostore","17":"berocket_brand-fermob","19":"first","20":"instock","21":"product-type-grouped"},"acf":[],"_links":{"self":[{"href":"https:\/\/cernelic.hr\/en\/wp-json\/wp\/v2\/product\/92526","targetHints":{"allow":["GET"]}}],"collection":[{"href":"https:\/\/cernelic.hr\/en\/wp-json\/wp\/v2\/product"}],"about":[{"href":"https:\/\/cernelic.hr\/en\/wp-json\/wp\/v2\/types\/product"}],"wp:featuredmedia":[{"embeddable":true,"href":"https:\/\/cernelic.hr\/en\/wp-json\/wp\/v2\/media\/91847"}],"wp:attachment":[{"href":"https:\/\/cernelic.hr\/en\/wp-json\/wp\/v2\/media?parent=92526"}],"wp:term":[{"taxonomy":"product_brand","embeddable":true,"href":"https:\/\/cernelic.hr\/en\/wp-json\/wp\/v2\/product_brand?post=92526"},{"taxonomy":"product_cat","embeddable":true,"href":"https:\/\/cernelic.hr\/en\/wp-json\/wp\/v2\/product_cat?post=92526"},{"taxonomy":"product_tag","embeddable":true,"href":"https:\/\/cernelic.hr\/en\/wp-json\/wp\/v2\/product_tag?post=92526"},{"taxonomy":"berocket_brand","embeddable":true,"href":"https:\/\/cernelic.hr\/en\/wp-json\/wp\/v2\/berocket_brand?post=92526"}],"curies":[{"name":"wp","href":"https:\/\/api.w.org\/{rel}","templated":true}]}}