{"id":92529,"date":"2021-03-19T13:06:29","date_gmt":"2021-03-19T13:06:29","guid":{"rendered":"https:\/\/cernelic.hr\/katalog\/Bez%20kategorije\/louisiane-by-fermob-2\/"},"modified":"2023-12-08T02:27:52","modified_gmt":"2023-12-08T02:27:52","slug":"louisiane-by-fermob","status":"publish","type":"product","link":"https:\/\/cernelic.hr\/en\/proizvod\/louisiane-by-fermob\/","title":{"rendered":"LOUISIANE by Fermob"},"content":{"rendered":"<p>Ova klupa, sa svojim \u010deli\u010dnim letvicama i bezvremenskim oblikom koristi se kod opremanja razli\u010ditih javnih objekata.<\/p>\n","protected":false},"excerpt":{"rendered":"<p>Ova klupa, sa svojim \u010deli\u010dnim letvicama i bezvremenskim oblikom koristi se kod opremanja razli\u010ditih javnih objekata.<\/p>\n","protected":false},"featured_media":91849,"template":"","meta":{"_acf_changed":false},"product_brand":[],"product_cat":[2062,2105,2513,2061,2066,2127,2068,2071,2129,2141,2079,2211,2074,2073],"product_tag":[],"berocket_brand":[524],"class_list":{"0":"post-92529","1":"product","2":"type-product","3":"status-publish","4":"has-post-thumbnail","6":"product_cat-fotelje-i-garniture-za-sjedenje","7":"product_cat-javni","8":"product_cat-outdoor","9":"product_cat-proizvodi","10":"product_cat-proizvodi-fotelje-garniture-fotelje-i-garniture-za-vanjske-prostore","11":"product_cat-proizvodi-fotelje-garniture-klupe-i-separei","12":"product_cat-prostori","13":"product_cat-prostori-horeca-fotelje-i-garniture-za-vanjske-prostore","14":"product_cat-prostori-horeca-klupe-i-separei","15":"product_cat-prostori-javni-fotelje-i-garniture-za-vanjske-prostore","16":"product_cat-prostori-outdoor-fotelje-i-garniture-za-vanjske-prostore","17":"product_cat-prostori-outdoor-urbana-oprema","18":"product_cat-prostori-rezidencijalni-fotelje-i-garniture-za-vanjske-prostore","19":"product_cat-rezidencijalni","20":"berocket_brand-fermob","22":"first","23":"instock","24":"product-type-grouped"},"acf":[],"_links":{"self":[{"href":"https:\/\/cernelic.hr\/en\/wp-json\/wp\/v2\/product\/92529","targetHints":{"allow":["GET"]}}],"collection":[{"href":"https:\/\/cernelic.hr\/en\/wp-json\/wp\/v2\/product"}],"about":[{"href":"https:\/\/cernelic.hr\/en\/wp-json\/wp\/v2\/types\/product"}],"wp:featuredmedia":[{"embeddable":true,"href":"https:\/\/cernelic.hr\/en\/wp-json\/wp\/v2\/media\/91849"}],"wp:attachment":[{"href":"https:\/\/cernelic.hr\/en\/wp-json\/wp\/v2\/media?parent=92529"}],"wp:term":[{"taxonomy":"product_brand","embeddable":true,"href":"https:\/\/cernelic.hr\/en\/wp-json\/wp\/v2\/product_brand?post=92529"},{"taxonomy":"product_cat","embeddable":true,"href":"https:\/\/cernelic.hr\/en\/wp-json\/wp\/v2\/product_cat?post=92529"},{"taxonomy":"product_tag","embeddable":true,"href":"https:\/\/cernelic.hr\/en\/wp-json\/wp\/v2\/product_tag?post=92529"},{"taxonomy":"berocket_brand","embeddable":true,"href":"https:\/\/cernelic.hr\/en\/wp-json\/wp\/v2\/berocket_brand?post=92529"}],"curies":[{"name":"wp","href":"https:\/\/api.w.org\/{rel}","templated":true}]}}