{"id":92531,"date":"2021-03-19T13:06:29","date_gmt":"2021-03-19T13:06:29","guid":{"rendered":"https:\/\/cernelic.hr\/katalog\/Bez%20kategorije\/luxembourg-by-fermob-2\/"},"modified":"2023-12-08T02:27:57","modified_gmt":"2023-12-08T02:27:57","slug":"luxembourg-by-fermob","status":"publish","type":"product","link":"https:\/\/cernelic.hr\/en\/proizvod\/luxembourg-by-fermob\/","title":{"rendered":"LUXEMBOURG by Fermob"},"content":{"rendered":"<p>Asortiman \u201eLuxembourg\u201c, prvobitno proizveden za Jardin du Luxembourg u Parizu, postao je legenda za sebe. Njegov stil je amblem francuskog dizajna \u2013 izraz francuske kulture u obliku namje\u0161taja! Danas je \u201eLuxembourg\u201c nevjerojatna kolekcija izra\u0111ena od aluminija \u010diji su slogani lako\u0107a, joie de vivre i dru\u017eeljubivost. Fermob je zamolio Fr\u00e9d\u00e9rica Sofia da reinterpretira legendarne stolice i fotelje za terasu \u201eJardin du Luxembourg\u201c, stvorene 1923. u pari\u0161kim radionicama, a koje Fermob i danas proizvodi za gradske javne vrtove i projektiranje javnih objekata. Rezultat je bila cijela kolekcija namje\u0161taja s istim prepoznatljivim linijama i oblicima, kombiniraju\u0107i lako\u0107u i otpornost aluminija s udobno\u0161\u0107u zakrivljenih letvica sjedala.<\/p>\n","protected":false},"excerpt":{"rendered":"<p>Asortiman \u201eLuxembourg\u201c, prvobitno proizveden za Jardin du Luxembourg u Parizu, postao je legenda za sebe. Njegov stil je amblem francuskog dizajna \u2013 izraz francuske kulture u obliku namje\u0161taja! Danas je \u201eLuxembourg\u201c nevjerojatna kolekcija izra\u0111ena od aluminija \u010diji su slogani lako\u0107a, joie de vivre i dru\u017eeljubivost. Fermob je zamolio Fr\u00e9d\u00e9rica Sofia da reinterpretira legendarne stolice i [&hellip;]<\/p>\n","protected":false},"featured_media":91852,"template":"","meta":{"_acf_changed":false},"product_brand":[],"product_cat":[2154,2111,2062,2105,2142,2513,2061,2066,2127,2068,2112,2155,2071,2129,2070,2144,2157,2141,2125,2147,2158,2079,2080,2186,2156,2074,2146,2075,2145,2073,2087,2124,2118,2143,2162],"product_tag":[],"berocket_brand":[524],"class_list":{"0":"post-92531","1":"product","2":"type-product","3":"status-publish","4":"has-post-thumbnail","6":"product_cat-proizvodi-stolice-barske-stolice-za-vanjske-prostore","7":"product_cat-dvorane","8":"product_cat-fotelje-i-garniture-za-sjedenje","9":"product_cat-javni","10":"product_cat-proizvodi-stolovi-niski-stolovi-vanjske-prostore","11":"product_cat-outdoor","12":"product_cat-proizvodi","13":"product_cat-proizvodi-fotelje-garniture-fotelje-i-garniture-za-vanjske-prostore","14":"product_cat-proizvodi-fotelje-garniture-klupe-i-separei","15":"product_cat-prostori","16":"product_cat-prostori-dvorane-fotelje-i-garniture-za-vanjske-prostore","17":"product_cat-prostori-horeca-barske-stolice-za-vanjske-prostore","18":"product_cat-prostori-horeca-fotelje-i-garniture-za-vanjske-prostore","19":"product_cat-prostori-horeca-klupe-i-separei","20":"product_cat-prostori-horeca-stolice-za-vanjske-prostore","21":"product_cat-prostori-horeca-stolovi-za-vanjske-prostore","22":"product_cat-prostori-javni-barske-stolice-za-vanjske-prostore","23":"product_cat-prostori-javni-fotelje-i-garniture-za-vanjske-prostore","24":"product_cat-prostori-javni-stolice-za-vanjske-prostore","25":"product_cat-prostori-javni-stolovi-za-vanjske-prostore","26":"product_cat-prostori-outdoor-barske-stolice-za-vanjske-prostore","27":"product_cat-prostori-outdoor-fotelje-i-garniture-za-vanjske-prostore","28":"product_cat-prostori-outdoor-stolice-za-vanjske-prostore","29":"product_cat-prostori-outdoor-stolovi","30":"product_cat-prostori-rezidencijalni-barske-stolice-za-vanjske-prostore","31":"product_cat-prostori-rezidencijalni-fotelje-i-garniture-za-vanjske-prostore","32":"product_cat-prostori-rezidencijalni-niski-klubski-stolici-za-vanjske-prostore","33":"product_cat-prostori-rezidencijalni-stolice-za-vanjske-prostore","34":"product_cat-prostori-rezidencijalni-stolovi-za-vanjske-prostore","35":"product_cat-rezidencijalni","36":"product_cat-stolice","37":"product_cat-proizvodi-stolice-stolice-za-vanjske-prostore","38":"product_cat-stolovi","39":"product_cat-proizvodi-stolovi-stolovi-za-vanjske-prostore","40":"product_cat-proizvodi-stolovi-visoki-barski-stolovi-vanjske-prostore","41":"berocket_brand-fermob","43":"first","44":"instock","45":"product-type-grouped"},"acf":[],"_links":{"self":[{"href":"https:\/\/cernelic.hr\/en\/wp-json\/wp\/v2\/product\/92531","targetHints":{"allow":["GET"]}}],"collection":[{"href":"https:\/\/cernelic.hr\/en\/wp-json\/wp\/v2\/product"}],"about":[{"href":"https:\/\/cernelic.hr\/en\/wp-json\/wp\/v2\/types\/product"}],"wp:featuredmedia":[{"embeddable":true,"href":"https:\/\/cernelic.hr\/en\/wp-json\/wp\/v2\/media\/91852"}],"wp:attachment":[{"href":"https:\/\/cernelic.hr\/en\/wp-json\/wp\/v2\/media?parent=92531"}],"wp:term":[{"taxonomy":"product_brand","embeddable":true,"href":"https:\/\/cernelic.hr\/en\/wp-json\/wp\/v2\/product_brand?post=92531"},{"taxonomy":"product_cat","embeddable":true,"href":"https:\/\/cernelic.hr\/en\/wp-json\/wp\/v2\/product_cat?post=92531"},{"taxonomy":"product_tag","embeddable":true,"href":"https:\/\/cernelic.hr\/en\/wp-json\/wp\/v2\/product_tag?post=92531"},{"taxonomy":"berocket_brand","embeddable":true,"href":"https:\/\/cernelic.hr\/en\/wp-json\/wp\/v2\/berocket_brand?post=92531"}],"curies":[{"name":"wp","href":"https:\/\/api.w.org\/{rel}","templated":true}]}}