{"id":92532,"date":"2021-03-19T13:06:29","date_gmt":"2021-03-19T13:06:29","guid":{"rendered":"https:\/\/cernelic.hr\/katalog\/Bez%20kategorije\/luxembourg-kid-by-fermob-2\/"},"modified":"2023-12-08T02:27:56","modified_gmt":"2023-12-08T02:27:56","slug":"luxembourg-kid-by-fermob","status":"publish","type":"product","link":"https:\/\/cernelic.hr\/en\/proizvod\/luxembourg-kid-by-fermob\/","title":{"rendered":"LUXEMBOURG KID by Fermob"},"content":{"rendered":"<p>S ovom minijaturnom verzijom legendarne \u201eLuxembourg\u201c sjedalice, dizajnirane za djecu od tri do \u0161est godina vi\u0161e nema potrebe da mali\u0161ani budu ljubomorni. Doista, vi\u0161e nego slu\u010dajno podsje\u0107a na svog velikog brata, sa svojim udobnim sjedalom sa zakrivljenim letvicama, laganim aluminijskim cijevnim okvirom koji je jednostavan za rukovanje&#8230; i \u010dinjenicom da je dostupna u mno\u0161tvu \u017eivih boja!<\/p>\n","protected":false},"excerpt":{"rendered":"<p>S ovom minijaturnom verzijom legendarne \u201eLuxembourg\u201c sjedalice, dizajnirane za djecu od tri do \u0161est godina vi\u0161e nema potrebe da mali\u0161ani budu ljubomorni. Doista, vi\u0161e nego slu\u010dajno podsje\u0107a na svog velikog brata, sa svojim udobnim sjedalom sa zakrivljenim letvicama, laganim aluminijskim cijevnim okvirom koji je jednostavan za rukovanje&#8230; i \u010dinjenicom da je dostupna u mno\u0161tvu \u017eivih [&hellip;]<\/p>\n","protected":false},"featured_media":91851,"template":"","meta":{"_acf_changed":false},"product_brand":[],"product_cat":[2062,2105,2142,2513,2061,2127,2068,2144,2147,2080,2186,2181,2146,2073,2087,2124,2118],"product_tag":[],"berocket_brand":[524],"class_list":{"0":"post-92532","1":"product","2":"type-product","3":"status-publish","4":"has-post-thumbnail","6":"product_cat-fotelje-i-garniture-za-sjedenje","7":"product_cat-javni","8":"product_cat-proizvodi-stolovi-niski-stolovi-vanjske-prostore","9":"product_cat-outdoor","10":"product_cat-proizvodi","11":"product_cat-proizvodi-fotelje-garniture-klupe-i-separei","12":"product_cat-prostori","13":"product_cat-prostori-horeca-stolovi-za-vanjske-prostore","14":"product_cat-prostori-javni-stolovi-za-vanjske-prostore","15":"product_cat-prostori-outdoor-stolice-za-vanjske-prostore","16":"product_cat-prostori-outdoor-stolovi","17":"product_cat-prostori-rezidencijalni-namjestaj-za-djecje-sobe","18":"product_cat-prostori-rezidencijalni-niski-klubski-stolici-za-vanjske-prostore","19":"product_cat-rezidencijalni","20":"product_cat-stolice","21":"product_cat-proizvodi-stolice-stolice-za-vanjske-prostore","22":"product_cat-stolovi","23":"berocket_brand-fermob","25":"first","26":"instock","27":"product-type-grouped"},"acf":[],"_links":{"self":[{"href":"https:\/\/cernelic.hr\/en\/wp-json\/wp\/v2\/product\/92532","targetHints":{"allow":["GET"]}}],"collection":[{"href":"https:\/\/cernelic.hr\/en\/wp-json\/wp\/v2\/product"}],"about":[{"href":"https:\/\/cernelic.hr\/en\/wp-json\/wp\/v2\/types\/product"}],"wp:featuredmedia":[{"embeddable":true,"href":"https:\/\/cernelic.hr\/en\/wp-json\/wp\/v2\/media\/91851"}],"wp:attachment":[{"href":"https:\/\/cernelic.hr\/en\/wp-json\/wp\/v2\/media?parent=92532"}],"wp:term":[{"taxonomy":"product_brand","embeddable":true,"href":"https:\/\/cernelic.hr\/en\/wp-json\/wp\/v2\/product_brand?post=92532"},{"taxonomy":"product_cat","embeddable":true,"href":"https:\/\/cernelic.hr\/en\/wp-json\/wp\/v2\/product_cat?post=92532"},{"taxonomy":"product_tag","embeddable":true,"href":"https:\/\/cernelic.hr\/en\/wp-json\/wp\/v2\/product_tag?post=92532"},{"taxonomy":"berocket_brand","embeddable":true,"href":"https:\/\/cernelic.hr\/en\/wp-json\/wp\/v2\/berocket_brand?post=92532"}],"curies":[{"name":"wp","href":"https:\/\/api.w.org\/{rel}","templated":true}]}}