{"id":92536,"date":"2021-03-19T13:06:29","date_gmt":"2021-03-19T13:06:29","guid":{"rendered":"https:\/\/cernelic.hr\/katalog\/Bez%20kategorije\/montmartre-by-fermob-2\/"},"modified":"2023-12-08T02:28:02","modified_gmt":"2023-12-08T02:28:02","slug":"montmartre-by-fermob","status":"publish","type":"product","link":"https:\/\/cernelic.hr\/en\/proizvod\/montmartre-by-fermob\/","title":{"rendered":"MONTMARTRE by Fermob"},"content":{"rendered":"<p>Godine nenadma\u0161nog know-howa oblikovale su karakter ove kolekcije, \u010diji nje\u017eni oblici i zaobljenost nose sva obilje\u017eja proizvoda tradicije! Doista, \u201eMontmartre\u201c sa sobom donosi sav duh i atmosferu staromodnih parkova, trgova i pozornica u va\u0161 vrt. <\/p>\n","protected":false},"excerpt":{"rendered":"<p>Godine nenadma\u0161nog know-howa oblikovale su karakter ove kolekcije, \u010diji nje\u017eni oblici i zaobljenost nose sva obilje\u017eja proizvoda tradicije! Doista, \u201eMontmartre\u201c sa sobom donosi sav duh i atmosferu staromodnih parkova, trgova i pozornica u va\u0161 vrt.<\/p>\n","protected":false},"featured_media":91855,"template":"","meta":{"_acf_changed":false},"product_brand":[],"product_cat":[2514,2105,2513,2061,2197,2068,2207,2070,2144,2208,2125,2147,2199,2080,2186,2198,2075,2145,2073,2087,2124,2118,2143],"product_tag":[],"berocket_brand":[524],"class_list":{"0":"post-92536","1":"product","2":"type-product","3":"status-publish","4":"has-post-thumbnail","6":"product_cat-accessories","7":"product_cat-javni","8":"product_cat-outdoor","9":"product_cat-proizvodi","10":"product_cat-proizvodi-accessories-accessories-za-vanjske-prostore","11":"product_cat-prostori","12":"product_cat-prostori-horeca-accessories","13":"product_cat-prostori-horeca-stolice-za-vanjske-prostore","14":"product_cat-prostori-horeca-stolovi-za-vanjske-prostore","15":"product_cat-prostori-javni-accessories","16":"product_cat-prostori-javni-stolice-za-vanjske-prostore","17":"product_cat-prostori-javni-stolovi-za-vanjske-prostore","18":"product_cat-prostori-outdoor-accesories","19":"product_cat-prostori-outdoor-stolice-za-vanjske-prostore","20":"product_cat-prostori-outdoor-stolovi","21":"product_cat-prostori-rezidencijalni-accessories","22":"product_cat-prostori-rezidencijalni-stolice-za-vanjske-prostore","23":"product_cat-prostori-rezidencijalni-stolovi-za-vanjske-prostore","24":"product_cat-rezidencijalni","25":"product_cat-stolice","26":"product_cat-proizvodi-stolice-stolice-za-vanjske-prostore","27":"product_cat-stolovi","28":"product_cat-proizvodi-stolovi-stolovi-za-vanjske-prostore","29":"berocket_brand-fermob","31":"first","32":"instock","33":"product-type-grouped"},"acf":[],"_links":{"self":[{"href":"https:\/\/cernelic.hr\/en\/wp-json\/wp\/v2\/product\/92536","targetHints":{"allow":["GET"]}}],"collection":[{"href":"https:\/\/cernelic.hr\/en\/wp-json\/wp\/v2\/product"}],"about":[{"href":"https:\/\/cernelic.hr\/en\/wp-json\/wp\/v2\/types\/product"}],"wp:featuredmedia":[{"embeddable":true,"href":"https:\/\/cernelic.hr\/en\/wp-json\/wp\/v2\/media\/91855"}],"wp:attachment":[{"href":"https:\/\/cernelic.hr\/en\/wp-json\/wp\/v2\/media?parent=92536"}],"wp:term":[{"taxonomy":"product_brand","embeddable":true,"href":"https:\/\/cernelic.hr\/en\/wp-json\/wp\/v2\/product_brand?post=92536"},{"taxonomy":"product_cat","embeddable":true,"href":"https:\/\/cernelic.hr\/en\/wp-json\/wp\/v2\/product_cat?post=92536"},{"taxonomy":"product_tag","embeddable":true,"href":"https:\/\/cernelic.hr\/en\/wp-json\/wp\/v2\/product_tag?post=92536"},{"taxonomy":"berocket_brand","embeddable":true,"href":"https:\/\/cernelic.hr\/en\/wp-json\/wp\/v2\/berocket_brand?post=92536"}],"curies":[{"name":"wp","href":"https:\/\/api.w.org\/{rel}","templated":true}]}}