{"id":92537,"date":"2021-03-19T13:06:29","date_gmt":"2021-03-19T13:06:29","guid":{"rendered":"https:\/\/cernelic.hr\/katalog\/Bez%20kategorije\/mooon-by-fermob-2\/"},"modified":"2023-12-08T02:28:05","modified_gmt":"2023-12-08T02:28:05","slug":"mooon-by-fermob","status":"publish","type":"product","link":"https:\/\/cernelic.hr\/en\/proizvod\/mooon-by-fermob\/","title":{"rendered":"MOOON! by Fermob"},"content":{"rendered":"<p>Inspiriran uli\u010dnim svjetiljkama u 19. pari\u0161kom okrugu,\u201c Mooon!\u201c, kojeg je dizajnirao Tristan Lohner, nudi fluidne linije i skladnu ravnote\u017eu izme\u0111u materijala i boja. Moderna vanjska rasvjeta, odlu\u010dno trijezna i stoga ludo chic! Ovaj inspirativni komad dostupan je u nekoliko boja na Fermob karti boja.<\/p>\n","protected":false},"excerpt":{"rendered":"<p>Inspiriran uli\u010dnim svjetiljkama u 19. pari\u0161kom okrugu,\u201c Mooon!\u201c, kojeg je dizajnirao Tristan Lohner, nudi fluidne linije i skladnu ravnote\u017eu izme\u0111u materijala i boja. Moderna vanjska rasvjeta, odlu\u010dno trijezna i stoga ludo chic! Ovaj inspirativni komad dostupan je u nekoliko boja na Fermob karti boja.<\/p>\n","protected":false},"featured_media":91856,"template":"","meta":{"_acf_changed":false},"product_brand":[],"product_cat":[2105,2513,2061,2201,2202,2068,2203,2205,2206,2204,2200,2073],"product_tag":[],"berocket_brand":[524],"class_list":{"0":"post-92537","1":"product","2":"type-product","3":"status-publish","4":"has-post-thumbnail","6":"product_cat-javni","7":"product_cat-outdoor","8":"product_cat-proizvodi","9":"product_cat-proizvodi-rasvjeta-dekorativna-rasvjeta-za-unutarnje-prostore","10":"product_cat-proizvodi-rasvjeta-dekorativna-rasvjeta-za-vanjske-prostore","11":"product_cat-prostori","12":"product_cat-prostori-horeca-rasvjeta","13":"product_cat-prostori-javni-rasvjeta","14":"product_cat-prostori-outdoor-rasvjeta-za-vanjske-prostore","15":"product_cat-prostori-rezidencijalni-rasvjeta","16":"product_cat-rasvjeta","17":"product_cat-rezidencijalni","18":"berocket_brand-fermob","20":"first","21":"instock","22":"product-type-grouped"},"acf":[],"_links":{"self":[{"href":"https:\/\/cernelic.hr\/en\/wp-json\/wp\/v2\/product\/92537","targetHints":{"allow":["GET"]}}],"collection":[{"href":"https:\/\/cernelic.hr\/en\/wp-json\/wp\/v2\/product"}],"about":[{"href":"https:\/\/cernelic.hr\/en\/wp-json\/wp\/v2\/types\/product"}],"wp:featuredmedia":[{"embeddable":true,"href":"https:\/\/cernelic.hr\/en\/wp-json\/wp\/v2\/media\/91856"}],"wp:attachment":[{"href":"https:\/\/cernelic.hr\/en\/wp-json\/wp\/v2\/media?parent=92537"}],"wp:term":[{"taxonomy":"product_brand","embeddable":true,"href":"https:\/\/cernelic.hr\/en\/wp-json\/wp\/v2\/product_brand?post=92537"},{"taxonomy":"product_cat","embeddable":true,"href":"https:\/\/cernelic.hr\/en\/wp-json\/wp\/v2\/product_cat?post=92537"},{"taxonomy":"product_tag","embeddable":true,"href":"https:\/\/cernelic.hr\/en\/wp-json\/wp\/v2\/product_tag?post=92537"},{"taxonomy":"berocket_brand","embeddable":true,"href":"https:\/\/cernelic.hr\/en\/wp-json\/wp\/v2\/berocket_brand?post=92537"}],"curies":[{"name":"wp","href":"https:\/\/api.w.org\/{rel}","templated":true}]}}