{"id":92538,"date":"2021-03-19T13:06:29","date_gmt":"2021-03-19T13:06:29","guid":{"rendered":"https:\/\/cernelic.hr\/katalog\/Bez%20kategorije\/nevado-by-fermob-2\/"},"modified":"2023-12-08T02:28:07","modified_gmt":"2023-12-08T02:28:07","slug":"nevado-by-fermob","status":"publish","type":"product","link":"https:\/\/cernelic.hr\/en\/proizvod\/nevado-by-fermob\/","title":{"rendered":"NEVADO by Fermob"},"content":{"rendered":"<p>Tko se briljantno sjetio imati dr\u017ea\u010d za komade drva koji tako\u0111er slu\u017ei kao pomo\u0107ni stol? Fermobov dizajner interijera, naravno! Okrugle linije tako\u0111er \u010dine ovaj stoli\u0107 vrlo po\u017eeljnim objektom dizajna.<br \/>\nPostavljen u blizini ognji\u0161ta, uljep\u0161at \u0107e prostor oko kamina u Va\u0161em dnevnom boravku. Ljeti \u0107e Vam dobro do\u0107i na terasi ili u vrtu. Polivalentni stolovi dostupni u pet boja kako bi odgovarali ostatku va\u0161eg vrtnog namje\u0161taja. Dopustite si isku\u0161enje ovog finog ukrasnog predmeta! Pametno i prakti\u010dno&#8230;<\/p>\n","protected":false},"excerpt":{"rendered":"<p>Tko se briljantno sjetio imati dr\u017ea\u010d za komade drva koji tako\u0111er slu\u017ei kao pomo\u0107ni stol? Fermobov dizajner interijera, naravno! Okrugle linije tako\u0111er \u010dine ovaj stoli\u0107 vrlo po\u017eeljnim objektom dizajna. Postavljen u blizini ognji\u0161ta, uljep\u0161at \u0107e prostor oko kamina u Va\u0161em dnevnom boravku. Ljeti \u0107e Vam dobro do\u0107i na terasi ili u vrtu. Polivalentni stolovi dostupni [&hellip;]<\/p>\n","protected":false},"featured_media":91857,"template":"","meta":{"_acf_changed":false},"product_brand":[],"product_cat":[2514,2513,2061,2196,2197,2068,2199,2198,2073],"product_tag":[],"berocket_brand":[524],"class_list":{"0":"post-92538","1":"product","2":"type-product","3":"status-publish","4":"has-post-thumbnail","6":"product_cat-accessories","7":"product_cat-outdoor","8":"product_cat-proizvodi","9":"product_cat-proizvodi-accessories-accessories-za-unutarnje-prostore","10":"product_cat-proizvodi-accessories-accessories-za-vanjske-prostore","11":"product_cat-prostori","12":"product_cat-prostori-outdoor-accesories","13":"product_cat-prostori-rezidencijalni-accessories","14":"product_cat-rezidencijalni","15":"berocket_brand-fermob","17":"first","18":"instock","19":"product-type-grouped"},"acf":[],"_links":{"self":[{"href":"https:\/\/cernelic.hr\/en\/wp-json\/wp\/v2\/product\/92538","targetHints":{"allow":["GET"]}}],"collection":[{"href":"https:\/\/cernelic.hr\/en\/wp-json\/wp\/v2\/product"}],"about":[{"href":"https:\/\/cernelic.hr\/en\/wp-json\/wp\/v2\/types\/product"}],"wp:featuredmedia":[{"embeddable":true,"href":"https:\/\/cernelic.hr\/en\/wp-json\/wp\/v2\/media\/91857"}],"wp:attachment":[{"href":"https:\/\/cernelic.hr\/en\/wp-json\/wp\/v2\/media?parent=92538"}],"wp:term":[{"taxonomy":"product_brand","embeddable":true,"href":"https:\/\/cernelic.hr\/en\/wp-json\/wp\/v2\/product_brand?post=92538"},{"taxonomy":"product_cat","embeddable":true,"href":"https:\/\/cernelic.hr\/en\/wp-json\/wp\/v2\/product_cat?post=92538"},{"taxonomy":"product_tag","embeddable":true,"href":"https:\/\/cernelic.hr\/en\/wp-json\/wp\/v2\/product_tag?post=92538"},{"taxonomy":"berocket_brand","embeddable":true,"href":"https:\/\/cernelic.hr\/en\/wp-json\/wp\/v2\/berocket_brand?post=92538"}],"curies":[{"name":"wp","href":"https:\/\/api.w.org\/{rel}","templated":true}]}}