{"id":92540,"date":"2021-03-19T13:06:29","date_gmt":"2021-03-19T13:06:29","guid":{"rendered":"https:\/\/cernelic.hr\/katalog\/Bez%20kategorije\/opera-by-fermob-3\/"},"modified":"2023-12-08T02:28:14","modified_gmt":"2023-12-08T02:28:14","slug":"opera-by-fermob-2","status":"publish","type":"product","link":"https:\/\/cernelic.hr\/en\/proizvod\/opera-by-fermob-2\/","title":{"rendered":"OPERA by Fermob"},"content":{"rendered":"<p>Lako\u0107a i elegancija slogani su \u201eOp\u00e9ra\u201c stolova, koji se uklapaju u sve stilove, od najklasi\u010dnijih do ultra-suvremenih. Dakle, pustite svoju kreativnu stranu, jer ovi polivalentni stolovi \u017eele da mije\u0161ajte, uskla\u0111ujete \u201eOp\u00e9ru\u201c s bojama i stolicama po Va\u0161em izboru! <\/p>\n","protected":false},"excerpt":{"rendered":"<p>Lako\u0107a i elegancija slogani su \u201eOp\u00e9ra\u201c stolova, koji se uklapaju u sve stilove, od najklasi\u010dnijih do ultra-suvremenih. Dakle, pustite svoju kreativnu stranu, jer ovi polivalentni stolovi \u017eele da mije\u0161ajte, uskla\u0111ujete \u201eOp\u00e9ru\u201c s bojama i stolicama po Va\u0161em izboru!<\/p>\n","protected":false},"featured_media":91860,"template":"","meta":{"_acf_changed":false},"product_brand":[],"product_cat":[2105,2513,2061,2068,2144,2147,2186,2145,2073,2118,2143],"product_tag":[],"berocket_brand":[524],"class_list":{"0":"post-92540","1":"product","2":"type-product","3":"status-publish","4":"has-post-thumbnail","6":"product_cat-javni","7":"product_cat-outdoor","8":"product_cat-proizvodi","9":"product_cat-prostori","10":"product_cat-prostori-horeca-stolovi-za-vanjske-prostore","11":"product_cat-prostori-javni-stolovi-za-vanjske-prostore","12":"product_cat-prostori-outdoor-stolovi","13":"product_cat-prostori-rezidencijalni-stolovi-za-vanjske-prostore","14":"product_cat-rezidencijalni","15":"product_cat-stolovi","16":"product_cat-proizvodi-stolovi-stolovi-za-vanjske-prostore","17":"berocket_brand-fermob","19":"first","20":"instock","21":"product-type-grouped"},"acf":[],"_links":{"self":[{"href":"https:\/\/cernelic.hr\/en\/wp-json\/wp\/v2\/product\/92540","targetHints":{"allow":["GET"]}}],"collection":[{"href":"https:\/\/cernelic.hr\/en\/wp-json\/wp\/v2\/product"}],"about":[{"href":"https:\/\/cernelic.hr\/en\/wp-json\/wp\/v2\/types\/product"}],"wp:featuredmedia":[{"embeddable":true,"href":"https:\/\/cernelic.hr\/en\/wp-json\/wp\/v2\/media\/91860"}],"wp:attachment":[{"href":"https:\/\/cernelic.hr\/en\/wp-json\/wp\/v2\/media?parent=92540"}],"wp:term":[{"taxonomy":"product_brand","embeddable":true,"href":"https:\/\/cernelic.hr\/en\/wp-json\/wp\/v2\/product_brand?post=92540"},{"taxonomy":"product_cat","embeddable":true,"href":"https:\/\/cernelic.hr\/en\/wp-json\/wp\/v2\/product_cat?post=92540"},{"taxonomy":"product_tag","embeddable":true,"href":"https:\/\/cernelic.hr\/en\/wp-json\/wp\/v2\/product_tag?post=92540"},{"taxonomy":"berocket_brand","embeddable":true,"href":"https:\/\/cernelic.hr\/en\/wp-json\/wp\/v2\/berocket_brand?post=92540"}],"curies":[{"name":"wp","href":"https:\/\/api.w.org\/{rel}","templated":true}]}}