{"id":92541,"date":"2021-03-19T13:06:29","date_gmt":"2021-03-19T13:06:29","guid":{"rendered":"https:\/\/cernelic.hr\/katalog\/Bez%20kategorije\/opera-by-fermob-4\/"},"modified":"2023-12-08T02:28:12","modified_gmt":"2023-12-08T02:28:12","slug":"opera-by-fermob","status":"publish","type":"product","link":"https:\/\/cernelic.hr\/en\/proizvod\/opera-by-fermob\/","title":{"rendered":"OPERA+ by Fermob"},"content":{"rendered":"<p>\u201eOp\u00e9ra+\u201c je bezvremenska, neoromanti\u010dna Fermob kolekcija\u2013 i apsolutni je must-have! Primje\u0107ujete li u njoj ne\u0161to poznato? Mo\u017eda vas podsje\u0107a na vrtni stol Va\u0161ih baka i djedova &#8211; taj komad namje\u0161taja koji je izdr\u017eao test vremena i bio u fokusu obiteljskih dru\u017eenja tijekom godina. Ili je to mo\u017eda zato \u0161to je ova kolekcija doista inspirirana svojim prethodnikom: legendarnim asortimanom \u201eOp\u00e9ra.\u201c<br \/>\n\u201eOp\u00e9ra+\u201c objedinjuje svaku uncu na\u0161e dugogodi\u0161nje stru\u010dnosti. Rezultat? \u010cvrsta kolekcija proizvedena isklju\u010divo u Francuskoj.<br \/>\nKolekcija koja sadr\u017ei ogroman izbor \u2013 stolice, fotelje za terasu, okrugle stolove za vanjsku upotrebu i jo\u0161 mnogo toga \u2013 uklju\u010duju\u0107i i neke jedinstvene oblike!<\/p>\n","protected":false},"excerpt":{"rendered":"<p>\u201eOp\u00e9ra+\u201c je bezvremenska, neoromanti\u010dna Fermob kolekcija\u2013 i apsolutni je must-have! Primje\u0107ujete li u njoj ne\u0161to poznato? Mo\u017eda vas podsje\u0107a na vrtni stol Va\u0161ih baka i djedova &#8211; taj komad namje\u0161taja koji je izdr\u017eao test vremena i bio u fokusu obiteljskih dru\u017eenja tijekom godina. Ili je to mo\u017eda zato \u0161to je ova kolekcija doista inspirirana svojim [&hellip;]<\/p>\n","protected":false},"featured_media":91859,"template":"","meta":{"_acf_changed":false},"product_brand":[],"product_cat":[2105,2513,2061,2068,2070,2144,2125,2147,2080,2186,2075,2145,2073,2087,2124,2118,2143],"product_tag":[],"berocket_brand":[524],"class_list":{"0":"post-92541","1":"product","2":"type-product","3":"status-publish","4":"has-post-thumbnail","6":"product_cat-javni","7":"product_cat-outdoor","8":"product_cat-proizvodi","9":"product_cat-prostori","10":"product_cat-prostori-horeca-stolice-za-vanjske-prostore","11":"product_cat-prostori-horeca-stolovi-za-vanjske-prostore","12":"product_cat-prostori-javni-stolice-za-vanjske-prostore","13":"product_cat-prostori-javni-stolovi-za-vanjske-prostore","14":"product_cat-prostori-outdoor-stolice-za-vanjske-prostore","15":"product_cat-prostori-outdoor-stolovi","16":"product_cat-prostori-rezidencijalni-stolice-za-vanjske-prostore","17":"product_cat-prostori-rezidencijalni-stolovi-za-vanjske-prostore","18":"product_cat-rezidencijalni","19":"product_cat-stolice","20":"product_cat-proizvodi-stolice-stolice-za-vanjske-prostore","21":"product_cat-stolovi","22":"product_cat-proizvodi-stolovi-stolovi-za-vanjske-prostore","23":"berocket_brand-fermob","25":"first","26":"instock","27":"product-type-grouped"},"acf":[],"_links":{"self":[{"href":"https:\/\/cernelic.hr\/en\/wp-json\/wp\/v2\/product\/92541","targetHints":{"allow":["GET"]}}],"collection":[{"href":"https:\/\/cernelic.hr\/en\/wp-json\/wp\/v2\/product"}],"about":[{"href":"https:\/\/cernelic.hr\/en\/wp-json\/wp\/v2\/types\/product"}],"wp:featuredmedia":[{"embeddable":true,"href":"https:\/\/cernelic.hr\/en\/wp-json\/wp\/v2\/media\/91859"}],"wp:attachment":[{"href":"https:\/\/cernelic.hr\/en\/wp-json\/wp\/v2\/media?parent=92541"}],"wp:term":[{"taxonomy":"product_brand","embeddable":true,"href":"https:\/\/cernelic.hr\/en\/wp-json\/wp\/v2\/product_brand?post=92541"},{"taxonomy":"product_cat","embeddable":true,"href":"https:\/\/cernelic.hr\/en\/wp-json\/wp\/v2\/product_cat?post=92541"},{"taxonomy":"product_tag","embeddable":true,"href":"https:\/\/cernelic.hr\/en\/wp-json\/wp\/v2\/product_tag?post=92541"},{"taxonomy":"berocket_brand","embeddable":true,"href":"https:\/\/cernelic.hr\/en\/wp-json\/wp\/v2\/berocket_brand?post=92541"}],"curies":[{"name":"wp","href":"https:\/\/api.w.org\/{rel}","templated":true}]}}