{"id":92546,"date":"2021-03-19T13:09:46","date_gmt":"2021-03-19T13:09:46","guid":{"rendered":"https:\/\/cernelic.hr\/katalog\/Bez%20kategorije\/plein-air-by-fermob-2\/"},"modified":"2023-12-08T02:28:57","modified_gmt":"2023-12-08T02:28:57","slug":"plein-air-by-fermob","status":"publish","type":"product","link":"https:\/\/cernelic.hr\/en\/proizvod\/plein-air-by-fermob\/","title":{"rendered":"PLEIN AIR by Fermob"},"content":{"rendered":"<p>Kada je Pascal Mourgue dizajnirao \u201ePlein Air\u201c, imao je na umu namje\u0161taj koji bi bio dobar za zdravlje i savr\u0161en za u\u017eivanje u svje\u017eem zraku, bilo u gradu ili na selu&#8230; namje\u0161taj za terasu ili vrt. Funkcionalnost koju donose sklopive stolice i preklopni stolovi, te fluidnost \u010distih, o\u0161trih linija \u2013 sve su to karakteristike koje \u201ePlein Air\u201c \u010dine uzorom jednostavnosti, lako\u0107e i mobilnosti koji je potpuno kompatibilan s novim \u017eivotnim stilovima!<\/p>\n","protected":false},"excerpt":{"rendered":"<p>Kada je Pascal Mourgue dizajnirao \u201ePlein Air\u201c, imao je na umu namje\u0161taj koji bi bio dobar za zdravlje i savr\u0161en za u\u017eivanje u svje\u017eem zraku, bilo u gradu ili na selu&#8230; namje\u0161taj za terasu ili vrt. Funkcionalnost koju donose sklopive stolice i preklopni stolovi, te fluidnost \u010distih, o\u0161trih linija \u2013 sve su to karakteristike koje [&hellip;]<\/p>\n","protected":false},"featured_media":91865,"template":"","meta":{"_acf_changed":false},"product_brand":[],"product_cat":[2105,2513,2061,2068,2070,2144,2125,2147,2080,2186,2075,2145,2073,2087,2124,2118,2143],"product_tag":[],"berocket_brand":[524],"class_list":{"0":"post-92546","1":"product","2":"type-product","3":"status-publish","4":"has-post-thumbnail","6":"product_cat-javni","7":"product_cat-outdoor","8":"product_cat-proizvodi","9":"product_cat-prostori","10":"product_cat-prostori-horeca-stolice-za-vanjske-prostore","11":"product_cat-prostori-horeca-stolovi-za-vanjske-prostore","12":"product_cat-prostori-javni-stolice-za-vanjske-prostore","13":"product_cat-prostori-javni-stolovi-za-vanjske-prostore","14":"product_cat-prostori-outdoor-stolice-za-vanjske-prostore","15":"product_cat-prostori-outdoor-stolovi","16":"product_cat-prostori-rezidencijalni-stolice-za-vanjske-prostore","17":"product_cat-prostori-rezidencijalni-stolovi-za-vanjske-prostore","18":"product_cat-rezidencijalni","19":"product_cat-stolice","20":"product_cat-proizvodi-stolice-stolice-za-vanjske-prostore","21":"product_cat-stolovi","22":"product_cat-proizvodi-stolovi-stolovi-za-vanjske-prostore","23":"berocket_brand-fermob","25":"first","26":"instock","27":"product-type-grouped"},"acf":[],"_links":{"self":[{"href":"https:\/\/cernelic.hr\/en\/wp-json\/wp\/v2\/product\/92546","targetHints":{"allow":["GET"]}}],"collection":[{"href":"https:\/\/cernelic.hr\/en\/wp-json\/wp\/v2\/product"}],"about":[{"href":"https:\/\/cernelic.hr\/en\/wp-json\/wp\/v2\/types\/product"}],"wp:featuredmedia":[{"embeddable":true,"href":"https:\/\/cernelic.hr\/en\/wp-json\/wp\/v2\/media\/91865"}],"wp:attachment":[{"href":"https:\/\/cernelic.hr\/en\/wp-json\/wp\/v2\/media?parent=92546"}],"wp:term":[{"taxonomy":"product_brand","embeddable":true,"href":"https:\/\/cernelic.hr\/en\/wp-json\/wp\/v2\/product_brand?post=92546"},{"taxonomy":"product_cat","embeddable":true,"href":"https:\/\/cernelic.hr\/en\/wp-json\/wp\/v2\/product_cat?post=92546"},{"taxonomy":"product_tag","embeddable":true,"href":"https:\/\/cernelic.hr\/en\/wp-json\/wp\/v2\/product_tag?post=92546"},{"taxonomy":"berocket_brand","embeddable":true,"href":"https:\/\/cernelic.hr\/en\/wp-json\/wp\/v2\/berocket_brand?post=92546"}],"curies":[{"name":"wp","href":"https:\/\/api.w.org\/{rel}","templated":true}]}}