{"id":92549,"date":"2021-03-19T13:09:46","date_gmt":"2021-03-19T13:09:46","guid":{"rendered":"https:\/\/cernelic.hr\/katalog\/Bez%20kategorije\/resto-by-fermob-2\/"},"modified":"2023-12-08T02:29:03","modified_gmt":"2023-12-08T02:29:03","slug":"resto-by-fermob","status":"publish","type":"product","link":"https:\/\/cernelic.hr\/en\/proizvod\/resto-by-fermob\/","title":{"rendered":"REST&#8217;O by Fermob"},"content":{"rendered":"<p>Budu\u0107i da je izvorno razvijen za opremanje restorana, dobit \u0107ete prednosti profesionalne kvalitete u svom privatnom vanjskom prostoru ukoliko se odlu\u010dite na ure\u0111enje ku\u0107e.<br \/>\nUklapa se i na naju\u017ea mjesta, uklju\u010duju\u0107i i balkon. A ako ste te sre\u0107e da posjedujete vi\u0161e od jednog, cijenit \u0107ete zna\u010dajke koje \u0161tede prostor: sklopive gornje dijelove s ultra-izdr\u017eljivim sustavom naginjanja i podno\u017eje s utorom za jednostavno pohranjivanje.<\/p>\n","protected":false},"excerpt":{"rendered":"<p>Budu\u0107i da je izvorno razvijen za opremanje restorana, dobit \u0107ete prednosti profesionalne kvalitete u svom privatnom vanjskom prostoru ukoliko se odlu\u010dite na ure\u0111enje ku\u0107e. Uklapa se i na naju\u017ea mjesta, uklju\u010duju\u0107i i balkon. A ako ste te sre\u0107e da posjedujete vi\u0161e od jednog, cijenit \u0107ete zna\u010dajke koje \u0161tede prostor: sklopive gornje dijelove s ultra-izdr\u017eljivim sustavom [&hellip;]<\/p>\n","protected":false},"featured_media":91868,"template":"","meta":{"_acf_changed":false},"product_brand":[],"product_cat":[2105,2513,2061,2068,2144,2147,2186,2145,2073,2118,2143],"product_tag":[],"berocket_brand":[524],"class_list":{"0":"post-92549","1":"product","2":"type-product","3":"status-publish","4":"has-post-thumbnail","6":"product_cat-javni","7":"product_cat-outdoor","8":"product_cat-proizvodi","9":"product_cat-prostori","10":"product_cat-prostori-horeca-stolovi-za-vanjske-prostore","11":"product_cat-prostori-javni-stolovi-za-vanjske-prostore","12":"product_cat-prostori-outdoor-stolovi","13":"product_cat-prostori-rezidencijalni-stolovi-za-vanjske-prostore","14":"product_cat-rezidencijalni","15":"product_cat-stolovi","16":"product_cat-proizvodi-stolovi-stolovi-za-vanjske-prostore","17":"berocket_brand-fermob","19":"first","20":"instock","21":"product-type-grouped"},"acf":[],"_links":{"self":[{"href":"https:\/\/cernelic.hr\/en\/wp-json\/wp\/v2\/product\/92549","targetHints":{"allow":["GET"]}}],"collection":[{"href":"https:\/\/cernelic.hr\/en\/wp-json\/wp\/v2\/product"}],"about":[{"href":"https:\/\/cernelic.hr\/en\/wp-json\/wp\/v2\/types\/product"}],"wp:featuredmedia":[{"embeddable":true,"href":"https:\/\/cernelic.hr\/en\/wp-json\/wp\/v2\/media\/91868"}],"wp:attachment":[{"href":"https:\/\/cernelic.hr\/en\/wp-json\/wp\/v2\/media?parent=92549"}],"wp:term":[{"taxonomy":"product_brand","embeddable":true,"href":"https:\/\/cernelic.hr\/en\/wp-json\/wp\/v2\/product_brand?post=92549"},{"taxonomy":"product_cat","embeddable":true,"href":"https:\/\/cernelic.hr\/en\/wp-json\/wp\/v2\/product_cat?post=92549"},{"taxonomy":"product_tag","embeddable":true,"href":"https:\/\/cernelic.hr\/en\/wp-json\/wp\/v2\/product_tag?post=92549"},{"taxonomy":"berocket_brand","embeddable":true,"href":"https:\/\/cernelic.hr\/en\/wp-json\/wp\/v2\/berocket_brand?post=92549"}],"curies":[{"name":"wp","href":"https:\/\/api.w.org\/{rel}","templated":true}]}}