{"id":92550,"date":"2021-03-19T13:09:46","date_gmt":"2021-03-19T13:09:46","guid":{"rendered":"https:\/\/cernelic.hr\/katalog\/Bez%20kategorije\/ribambelle-by-fermob-2\/"},"modified":"2023-12-08T02:29:05","modified_gmt":"2023-12-08T02:29:05","slug":"ribambelle-by-fermob","status":"publish","type":"product","link":"https:\/\/cernelic.hr\/en\/proizvod\/ribambelle-by-fermob\/","title":{"rendered":"RIBAMBELLE by Fermob"},"content":{"rendered":"<p>\u201eRibambelle\u201c \u2013 francuska rije\u010d koja zna\u010di \u201cstado\u201d \u2013 savr\u0161eno objedinjuje ovu kolekciju. Tako\u0111er se mo\u017ee pohvaliti modularnim dizajnom \u0161to zna\u010di da se stol mo\u017ee prilagoditi za smje\u0161taj do 14 gostiju. Odli\u010dno za opremanje restorana ili opremanje vila.<br \/>\nModularan je &#8211; ali to nikada ne biste primijetili! Kada je zatvoren, apsolutno ni\u0161ta ne kvari njegov elegantan izgled! Jednostavan sustav produ\u017eetaka \u2013 razvijen od strane tvrtke Fermob \u2013 uklju\u010duje mehanizam s teleskopskim le\u017eajem. \u0160tovi\u0161e, nastavci su diskretno smje\u0161teni u pretincu za pohranu skrivenom ispod plo\u010de stola, tako da njegov okvir i privla\u010dan izgled ostaju nepromijenjeni u svakoj konfiguraciji. Stol se s lako\u0107om mo\u017ee pro\u0161iriti, a njegov lagani aluminijski okvir mo\u017ee izdr\u017eati sve \u0161to protok vremena stavi protiv njega!<\/p>\n","protected":false},"excerpt":{"rendered":"<p>\u201eRibambelle\u201c \u2013 francuska rije\u010d koja zna\u010di \u201cstado\u201d \u2013 savr\u0161eno objedinjuje ovu kolekciju. Tako\u0111er se mo\u017ee pohvaliti modularnim dizajnom \u0161to zna\u010di da se stol mo\u017ee prilagoditi za smje\u0161taj do 14 gostiju. Odli\u010dno za opremanje restorana ili opremanje vila. Modularan je &#8211; ali to nikada ne biste primijetili! Kada je zatvoren, apsolutno ni\u0161ta ne kvari njegov elegantan [&hellip;]<\/p>\n","protected":false},"featured_media":91869,"template":"","meta":{"_acf_changed":false},"product_brand":[],"product_cat":[2105,2513,2061,2068,2144,2147,2186,2145,2073,2118,2143],"product_tag":[],"berocket_brand":[524],"class_list":{"0":"post-92550","1":"product","2":"type-product","3":"status-publish","4":"has-post-thumbnail","6":"product_cat-javni","7":"product_cat-outdoor","8":"product_cat-proizvodi","9":"product_cat-prostori","10":"product_cat-prostori-horeca-stolovi-za-vanjske-prostore","11":"product_cat-prostori-javni-stolovi-za-vanjske-prostore","12":"product_cat-prostori-outdoor-stolovi","13":"product_cat-prostori-rezidencijalni-stolovi-za-vanjske-prostore","14":"product_cat-rezidencijalni","15":"product_cat-stolovi","16":"product_cat-proizvodi-stolovi-stolovi-za-vanjske-prostore","17":"berocket_brand-fermob","19":"first","20":"instock","21":"product-type-grouped"},"acf":[],"_links":{"self":[{"href":"https:\/\/cernelic.hr\/en\/wp-json\/wp\/v2\/product\/92550","targetHints":{"allow":["GET"]}}],"collection":[{"href":"https:\/\/cernelic.hr\/en\/wp-json\/wp\/v2\/product"}],"about":[{"href":"https:\/\/cernelic.hr\/en\/wp-json\/wp\/v2\/types\/product"}],"wp:featuredmedia":[{"embeddable":true,"href":"https:\/\/cernelic.hr\/en\/wp-json\/wp\/v2\/media\/91869"}],"wp:attachment":[{"href":"https:\/\/cernelic.hr\/en\/wp-json\/wp\/v2\/media?parent=92550"}],"wp:term":[{"taxonomy":"product_brand","embeddable":true,"href":"https:\/\/cernelic.hr\/en\/wp-json\/wp\/v2\/product_brand?post=92550"},{"taxonomy":"product_cat","embeddable":true,"href":"https:\/\/cernelic.hr\/en\/wp-json\/wp\/v2\/product_cat?post=92550"},{"taxonomy":"product_tag","embeddable":true,"href":"https:\/\/cernelic.hr\/en\/wp-json\/wp\/v2\/product_tag?post=92550"},{"taxonomy":"berocket_brand","embeddable":true,"href":"https:\/\/cernelic.hr\/en\/wp-json\/wp\/v2\/berocket_brand?post=92550"}],"curies":[{"name":"wp","href":"https:\/\/api.w.org\/{rel}","templated":true}]}}