{"id":92551,"date":"2021-03-19T13:09:46","date_gmt":"2021-03-19T13:09:46","guid":{"rendered":"https:\/\/cernelic.hr\/katalog\/Bez%20kategorije\/romane-by-fermob-2\/"},"modified":"2023-12-08T02:29:07","modified_gmt":"2023-12-08T02:29:07","slug":"romane-by-fermob","status":"publish","type":"product","link":"https:\/\/cernelic.hr\/en\/proizvod\/romane-by-fermob\/","title":{"rendered":"ROMANE by Fermob"},"content":{"rendered":"<p>Ovaj stol, pun karaktera, spaja eleganciju sa stabilno\u0161\u0107u i otporom. Nadalje, \u201eRomane\u201c je modularan, \u0161to Vam omogu\u0107uje da pove\u0107ate njegov kapacitet sjedenja s 10 na 14 gostiju u trenu, jednostavnim preklapanjem bo\u010dnih nastavaka. Savr\u0161eni namje\u0161taj po mjeri za Va\u0161e obiteljske ve\u010dere i ru\u010dkove s prijateljima!<\/p>\n","protected":false},"excerpt":{"rendered":"<p>Ovaj stol, pun karaktera, spaja eleganciju sa stabilno\u0161\u0107u i otporom. Nadalje, \u201eRomane\u201c je modularan, \u0161to Vam omogu\u0107uje da pove\u0107ate njegov kapacitet sjedenja s 10 na 14 gostiju u trenu, jednostavnim preklapanjem bo\u010dnih nastavaka. Savr\u0161eni namje\u0161taj po mjeri za Va\u0161e obiteljske ve\u010dere i ru\u010dkove s prijateljima!<\/p>\n","protected":false},"featured_media":91870,"template":"","meta":{"_acf_changed":false},"product_brand":[],"product_cat":[2105,2513,2061,2068,2144,2147,2186,2145,2073,2118,2143],"product_tag":[],"berocket_brand":[524],"class_list":{"0":"post-92551","1":"product","2":"type-product","3":"status-publish","4":"has-post-thumbnail","6":"product_cat-javni","7":"product_cat-outdoor","8":"product_cat-proizvodi","9":"product_cat-prostori","10":"product_cat-prostori-horeca-stolovi-za-vanjske-prostore","11":"product_cat-prostori-javni-stolovi-za-vanjske-prostore","12":"product_cat-prostori-outdoor-stolovi","13":"product_cat-prostori-rezidencijalni-stolovi-za-vanjske-prostore","14":"product_cat-rezidencijalni","15":"product_cat-stolovi","16":"product_cat-proizvodi-stolovi-stolovi-za-vanjske-prostore","17":"berocket_brand-fermob","19":"first","20":"instock","21":"product-type-grouped"},"acf":[],"_links":{"self":[{"href":"https:\/\/cernelic.hr\/en\/wp-json\/wp\/v2\/product\/92551","targetHints":{"allow":["GET"]}}],"collection":[{"href":"https:\/\/cernelic.hr\/en\/wp-json\/wp\/v2\/product"}],"about":[{"href":"https:\/\/cernelic.hr\/en\/wp-json\/wp\/v2\/types\/product"}],"wp:featuredmedia":[{"embeddable":true,"href":"https:\/\/cernelic.hr\/en\/wp-json\/wp\/v2\/media\/91870"}],"wp:attachment":[{"href":"https:\/\/cernelic.hr\/en\/wp-json\/wp\/v2\/media?parent=92551"}],"wp:term":[{"taxonomy":"product_brand","embeddable":true,"href":"https:\/\/cernelic.hr\/en\/wp-json\/wp\/v2\/product_brand?post=92551"},{"taxonomy":"product_cat","embeddable":true,"href":"https:\/\/cernelic.hr\/en\/wp-json\/wp\/v2\/product_cat?post=92551"},{"taxonomy":"product_tag","embeddable":true,"href":"https:\/\/cernelic.hr\/en\/wp-json\/wp\/v2\/product_tag?post=92551"},{"taxonomy":"berocket_brand","embeddable":true,"href":"https:\/\/cernelic.hr\/en\/wp-json\/wp\/v2\/berocket_brand?post=92551"}],"curies":[{"name":"wp","href":"https:\/\/api.w.org\/{rel}","templated":true}]}}