{"id":92553,"date":"2021-03-19T13:09:46","date_gmt":"2021-03-19T13:09:46","guid":{"rendered":"https:\/\/cernelic.hr\/katalog\/Bez%20kategorije\/salsa-by-fermob-2\/"},"modified":"2023-12-08T02:29:11","modified_gmt":"2023-12-08T02:29:11","slug":"salsa-by-fermob","status":"publish","type":"product","link":"https:\/\/cernelic.hr\/en\/proizvod\/salsa-by-fermob\/","title":{"rendered":"SALSA by Fermob"},"content":{"rendered":"<p>Neobi\u010dan proizvod zaobljenog dizajna i asimetri\u010dnog izgleda, s tri iznimno stabilne noge. Vitak, elegantan suputnik koji je idealan namje\u0161taj za terasu. Tako\u0111er je svestran: niski stol za \u201eBellevie\u201c? Stol za teglice za cvije\u0107e? Povremeni stol za \u201eCaract\u00e8re\u201c? Mini bar za \u201eFacto\u201c set? Idealan pomo\u0107ni stoli\u0107 za \u201e1900\u201c? Svojim jednostavnim oblikom savr\u0161en je uz mnoge Fermob kolekcije.<\/p>\n","protected":false},"excerpt":{"rendered":"<p>Neobi\u010dan proizvod zaobljenog dizajna i asimetri\u010dnog izgleda, s tri iznimno stabilne noge. Vitak, elegantan suputnik koji je idealan namje\u0161taj za terasu. Tako\u0111er je svestran: niski stol za \u201eBellevie\u201c? Stol za teglice za cvije\u0107e? Povremeni stol za \u201eCaract\u00e8re\u201c? Mini bar za \u201eFacto\u201c set? Idealan pomo\u0107ni stoli\u0107 za \u201e1900\u201c? Svojim jednostavnim oblikom savr\u0161en je uz mnoge Fermob [&hellip;]<\/p>\n","protected":false},"featured_media":91872,"template":"","meta":{"_acf_changed":false},"product_brand":[],"product_cat":[2105,2142,2513,2061,2068,2144,2147,2186,2146,2145,2073,2118,2143],"product_tag":[],"berocket_brand":[524],"class_list":{"0":"post-92553","1":"product","2":"type-product","3":"status-publish","4":"has-post-thumbnail","6":"product_cat-javni","7":"product_cat-proizvodi-stolovi-niski-stolovi-vanjske-prostore","8":"product_cat-outdoor","9":"product_cat-proizvodi","10":"product_cat-prostori","11":"product_cat-prostori-horeca-stolovi-za-vanjske-prostore","12":"product_cat-prostori-javni-stolovi-za-vanjske-prostore","13":"product_cat-prostori-outdoor-stolovi","14":"product_cat-prostori-rezidencijalni-niski-klubski-stolici-za-vanjske-prostore","15":"product_cat-prostori-rezidencijalni-stolovi-za-vanjske-prostore","16":"product_cat-rezidencijalni","17":"product_cat-stolovi","18":"product_cat-proizvodi-stolovi-stolovi-za-vanjske-prostore","19":"berocket_brand-fermob","21":"first","22":"instock","23":"product-type-grouped"},"acf":[],"_links":{"self":[{"href":"https:\/\/cernelic.hr\/en\/wp-json\/wp\/v2\/product\/92553","targetHints":{"allow":["GET"]}}],"collection":[{"href":"https:\/\/cernelic.hr\/en\/wp-json\/wp\/v2\/product"}],"about":[{"href":"https:\/\/cernelic.hr\/en\/wp-json\/wp\/v2\/types\/product"}],"wp:featuredmedia":[{"embeddable":true,"href":"https:\/\/cernelic.hr\/en\/wp-json\/wp\/v2\/media\/91872"}],"wp:attachment":[{"href":"https:\/\/cernelic.hr\/en\/wp-json\/wp\/v2\/media?parent=92553"}],"wp:term":[{"taxonomy":"product_brand","embeddable":true,"href":"https:\/\/cernelic.hr\/en\/wp-json\/wp\/v2\/product_brand?post=92553"},{"taxonomy":"product_cat","embeddable":true,"href":"https:\/\/cernelic.hr\/en\/wp-json\/wp\/v2\/product_cat?post=92553"},{"taxonomy":"product_tag","embeddable":true,"href":"https:\/\/cernelic.hr\/en\/wp-json\/wp\/v2\/product_tag?post=92553"},{"taxonomy":"berocket_brand","embeddable":true,"href":"https:\/\/cernelic.hr\/en\/wp-json\/wp\/v2\/berocket_brand?post=92553"}],"curies":[{"name":"wp","href":"https:\/\/api.w.org\/{rel}","templated":true}]}}