{"id":92557,"date":"2021-03-19T13:09:46","date_gmt":"2021-03-19T13:09:46","guid":{"rendered":"https:\/\/cernelic.hr\/katalog\/Bez%20kategorije\/somerset-by-fermob-2\/"},"modified":"2023-12-08T02:29:19","modified_gmt":"2023-12-08T02:29:19","slug":"somerset-by-fermob","status":"publish","type":"product","link":"https:\/\/cernelic.hr\/en\/proizvod\/somerset-by-fermob\/","title":{"rendered":"SOMERSET by Fermob"},"content":{"rendered":"<p>\u201eSomerset\u201c inkapsulira Fermobovu privr\u017eenost kombiniranju materijala. \u0160areni metal &#8211; za\u0161titni znak marke &#8211; izgleda sjajno uz toplo drvo \u0161to ga \u010dini Idealnim za ure\u0111enje javnih objekata i opremanje kafi\u0107a i restorana.<br \/>\n\u201eSomerset\u201c je novi pogled na englesku park klupu  \u2013 autenti\u010dno izvorno nadahnuto i odva\u017eno u svojoj izvedbi, s bar\u0161unasto mekanim naslonima za ruke od tikovine integriranim u podno\u017eje kako bi se stvorio prirodan, te\u010dni izgled.<br \/>\nTikovina je prirodno otporna na truljenje, pru\u017eaju\u0107i nenadma\u0161nu otpornost na vanjske uvjete. \u0160tovi\u0161e, Fermob svoju tikovinu nabavlja iz planta\u017ea koje kontrolira indonezijska vlada koje su obuhva\u0107ene certificiranim programom po\u0161umljavanja.<\/p>\n","protected":false},"excerpt":{"rendered":"<p>\u201eSomerset\u201c inkapsulira Fermobovu privr\u017eenost kombiniranju materijala. \u0160areni metal &#8211; za\u0161titni znak marke &#8211; izgleda sjajno uz toplo drvo \u0161to ga \u010dini Idealnim za ure\u0111enje javnih objekata i opremanje kafi\u0107a i restorana. \u201eSomerset\u201c je novi pogled na englesku park klupu \u2013 autenti\u010dno izvorno nadahnuto i odva\u017eno u svojoj izvedbi, s bar\u0161unasto mekanim naslonima za ruke od [&hellip;]<\/p>\n","protected":false},"featured_media":91876,"template":"","meta":{"_acf_changed":false},"product_brand":[],"product_cat":[2062,2105,2513,2061,2127,2068,2129,2141,2079,2074,2073],"product_tag":[],"berocket_brand":[524],"class_list":{"0":"post-92557","1":"product","2":"type-product","3":"status-publish","4":"has-post-thumbnail","6":"product_cat-fotelje-i-garniture-za-sjedenje","7":"product_cat-javni","8":"product_cat-outdoor","9":"product_cat-proizvodi","10":"product_cat-proizvodi-fotelje-garniture-klupe-i-separei","11":"product_cat-prostori","12":"product_cat-prostori-horeca-klupe-i-separei","13":"product_cat-prostori-javni-fotelje-i-garniture-za-vanjske-prostore","14":"product_cat-prostori-outdoor-fotelje-i-garniture-za-vanjske-prostore","15":"product_cat-prostori-rezidencijalni-fotelje-i-garniture-za-vanjske-prostore","16":"product_cat-rezidencijalni","17":"berocket_brand-fermob","19":"first","20":"instock","21":"product-type-grouped"},"acf":[],"_links":{"self":[{"href":"https:\/\/cernelic.hr\/en\/wp-json\/wp\/v2\/product\/92557","targetHints":{"allow":["GET"]}}],"collection":[{"href":"https:\/\/cernelic.hr\/en\/wp-json\/wp\/v2\/product"}],"about":[{"href":"https:\/\/cernelic.hr\/en\/wp-json\/wp\/v2\/types\/product"}],"wp:featuredmedia":[{"embeddable":true,"href":"https:\/\/cernelic.hr\/en\/wp-json\/wp\/v2\/media\/91876"}],"wp:attachment":[{"href":"https:\/\/cernelic.hr\/en\/wp-json\/wp\/v2\/media?parent=92557"}],"wp:term":[{"taxonomy":"product_brand","embeddable":true,"href":"https:\/\/cernelic.hr\/en\/wp-json\/wp\/v2\/product_brand?post=92557"},{"taxonomy":"product_cat","embeddable":true,"href":"https:\/\/cernelic.hr\/en\/wp-json\/wp\/v2\/product_cat?post=92557"},{"taxonomy":"product_tag","embeddable":true,"href":"https:\/\/cernelic.hr\/en\/wp-json\/wp\/v2\/product_tag?post=92557"},{"taxonomy":"berocket_brand","embeddable":true,"href":"https:\/\/cernelic.hr\/en\/wp-json\/wp\/v2\/berocket_brand?post=92557"}],"curies":[{"name":"wp","href":"https:\/\/api.w.org\/{rel}","templated":true}]}}