{"id":92559,"date":"2021-03-19T13:09:46","date_gmt":"2021-03-19T13:09:46","guid":{"rendered":"https:\/\/cernelic.hr\/katalog\/Bez%20kategorije\/surprising-by-fermob-2\/"},"modified":"2023-12-08T02:29:22","modified_gmt":"2023-12-08T02:29:22","slug":"surprising-by-fermob","status":"publish","type":"product","link":"https:\/\/cernelic.hr\/en\/proizvod\/surprising-by-fermob\/","title":{"rendered":"SURPRISING by Fermob"},"content":{"rendered":"<p>\u201eSuprising\u201c, Haralda Guggenbichlera i Fermoba, asortiman je vrtnog namje\u0161taja koji pr\u0161ti jednostavno\u0161\u0107u, elegancijom i fino\u0107om.<br \/>\nKolekcija je prepoznatljiva po estetskom skladu izme\u0111u \u017ei\u010danog okvira i jako fine tkanine. Komadi su izra\u0111eni od jednodijelne \u017eice, obilje\u017eja dizajnera, koja oblikuju neponovljivu siluetu \u2013 prozra\u010dnu i punu volumena sa \u0161to manje materijala.<br \/>\nUdobne stolice iz serije su podvig hrabrosti: udobna, elegantna i iznimno \u010dvrsta zahvaljuju\u0107i fleksibilnosti i robusnosti \u010delika i pametnom ergonomskom dizajnu.<br \/>\nVerzija od tikovine jednako je udobna, donose\u0107i dodatnu toplinu &#8211; i otpornost na vremenske uvjete.<\/p>\n","protected":false},"excerpt":{"rendered":"<p>\u201eSuprising\u201c, Haralda Guggenbichlera i Fermoba, asortiman je vrtnog namje\u0161taja koji pr\u0161ti jednostavno\u0161\u0107u, elegancijom i fino\u0107om. Kolekcija je prepoznatljiva po estetskom skladu izme\u0111u \u017ei\u010danog okvira i jako fine tkanine. Komadi su izra\u0111eni od jednodijelne \u017eice, obilje\u017eja dizajnera, koja oblikuju neponovljivu siluetu \u2013 prozra\u010dnu i punu volumena sa \u0161to manje materijala. Udobne stolice iz serije su podvig [&hellip;]<\/p>\n","protected":false},"featured_media":91878,"template":"","meta":{"_acf_changed":false},"product_brand":[],"product_cat":[2154,2111,2062,2105,2513,2061,2066,2122,2068,2112,2155,2071,2070,2157,2141,2125,2158,2079,2080,2156,2074,2075,2073,2087,2124],"product_tag":[],"berocket_brand":[524],"class_list":{"0":"post-92559","1":"product","2":"type-product","3":"status-publish","4":"has-post-thumbnail","6":"product_cat-proizvodi-stolice-barske-stolice-za-vanjske-prostore","7":"product_cat-dvorane","8":"product_cat-fotelje-i-garniture-za-sjedenje","9":"product_cat-javni","10":"product_cat-outdoor","11":"product_cat-proizvodi","12":"product_cat-proizvodi-fotelje-garniture-fotelje-i-garniture-za-vanjske-prostore","13":"product_cat-proizvodi-fotelje-garniture-taburei","14":"product_cat-prostori","15":"product_cat-prostori-dvorane-fotelje-i-garniture-za-vanjske-prostore","16":"product_cat-prostori-horeca-barske-stolice-za-vanjske-prostore","17":"product_cat-prostori-horeca-fotelje-i-garniture-za-vanjske-prostore","18":"product_cat-prostori-horeca-stolice-za-vanjske-prostore","19":"product_cat-prostori-javni-barske-stolice-za-vanjske-prostore","20":"product_cat-prostori-javni-fotelje-i-garniture-za-vanjske-prostore","21":"product_cat-prostori-javni-stolice-za-vanjske-prostore","22":"product_cat-prostori-outdoor-barske-stolice-za-vanjske-prostore","23":"product_cat-prostori-outdoor-fotelje-i-garniture-za-vanjske-prostore","24":"product_cat-prostori-outdoor-stolice-za-vanjske-prostore","25":"product_cat-prostori-rezidencijalni-barske-stolice-za-vanjske-prostore","26":"product_cat-prostori-rezidencijalni-fotelje-i-garniture-za-vanjske-prostore","27":"product_cat-prostori-rezidencijalni-stolice-za-vanjske-prostore","28":"product_cat-rezidencijalni","29":"product_cat-stolice","30":"product_cat-proizvodi-stolice-stolice-za-vanjske-prostore","31":"berocket_brand-fermob","33":"first","34":"instock","35":"product-type-grouped"},"acf":[],"_links":{"self":[{"href":"https:\/\/cernelic.hr\/en\/wp-json\/wp\/v2\/product\/92559","targetHints":{"allow":["GET"]}}],"collection":[{"href":"https:\/\/cernelic.hr\/en\/wp-json\/wp\/v2\/product"}],"about":[{"href":"https:\/\/cernelic.hr\/en\/wp-json\/wp\/v2\/types\/product"}],"wp:featuredmedia":[{"embeddable":true,"href":"https:\/\/cernelic.hr\/en\/wp-json\/wp\/v2\/media\/91878"}],"wp:attachment":[{"href":"https:\/\/cernelic.hr\/en\/wp-json\/wp\/v2\/media?parent=92559"}],"wp:term":[{"taxonomy":"product_brand","embeddable":true,"href":"https:\/\/cernelic.hr\/en\/wp-json\/wp\/v2\/product_brand?post=92559"},{"taxonomy":"product_cat","embeddable":true,"href":"https:\/\/cernelic.hr\/en\/wp-json\/wp\/v2\/product_cat?post=92559"},{"taxonomy":"product_tag","embeddable":true,"href":"https:\/\/cernelic.hr\/en\/wp-json\/wp\/v2\/product_tag?post=92559"},{"taxonomy":"berocket_brand","embeddable":true,"href":"https:\/\/cernelic.hr\/en\/wp-json\/wp\/v2\/berocket_brand?post=92559"}],"curies":[{"name":"wp","href":"https:\/\/api.w.org\/{rel}","templated":true}]}}