{"id":92560,"date":"2021-03-19T13:09:46","date_gmt":"2021-03-19T13:09:46","guid":{"rendered":"https:\/\/cernelic.hr\/katalog\/Bez%20kategorije\/terrazza-by-fermob-2\/"},"modified":"2023-12-08T02:29:24","modified_gmt":"2023-12-08T02:29:24","slug":"terrazza-by-fermob","status":"publish","type":"product","link":"https:\/\/cernelic.hr\/en\/proizvod\/terrazza-by-fermob\/","title":{"rendered":"TERRAZZA by Fermob"},"content":{"rendered":"<p>Pocci i Dondoli, iz agencije Archirivolto, radili su zajedno s Fermobom na razvoju nove kolekcije posuda za cvije\u0107e. Ova kolekcija prepoznatljiva je po svojim \u010distim linijama! \u010cist dizajn presavijenog \u010deli\u010dnog lima predstavlja izrazit kontrast s biljkama \u0161irokog volumena. Dolazi u jednoj (velikodu\u0161noj) veli\u010dini i u dvije visine, \u0161to zna\u010di da se mo\u017ee rasporediti u razli\u010dito: vodoravno i okomito \u2013 savr\u0161eno za stvaranje pravih urbanih vrtova. Izuzetno je jednostavan za sastavljanje, bez potrebnih vijaka ili alata, zahtijeva samo nekoliko kop\u010di. Ukratko, sastaviti ga dje\u010dja je igra! Genijalni sustav omogu\u0107ava otjecanje vode.<\/p>\n","protected":false},"excerpt":{"rendered":"<p>Pocci i Dondoli, iz agencije Archirivolto, radili su zajedno s Fermobom na razvoju nove kolekcije posuda za cvije\u0107e. Ova kolekcija prepoznatljiva je po svojim \u010distim linijama! \u010cist dizajn presavijenog \u010deli\u010dnog lima predstavlja izrazit kontrast s biljkama \u0161irokog volumena. Dolazi u jednoj (velikodu\u0161noj) veli\u010dini i u dvije visine, \u0161to zna\u010di da se mo\u017ee rasporediti u razli\u010dito: [&hellip;]<\/p>\n","protected":false},"featured_media":91879,"template":"","meta":{"_acf_changed":false},"product_brand":[],"product_cat":[2514,2111,2105,2513,2061,2197,2068,2209,2207,2208,2199,2210,2198,2073],"product_tag":[],"berocket_brand":[524],"class_list":{"0":"post-92560","1":"product","2":"type-product","3":"status-publish","4":"has-post-thumbnail","6":"product_cat-accessories","7":"product_cat-dvorane","8":"product_cat-javni","9":"product_cat-outdoor","10":"product_cat-proizvodi","11":"product_cat-proizvodi-accessories-accessories-za-vanjske-prostore","12":"product_cat-prostori","13":"product_cat-prostori-dvorane-accessories","14":"product_cat-prostori-horeca-accessories","15":"product_cat-prostori-javni-accessories","16":"product_cat-prostori-outdoor-accesories","17":"product_cat-prostori-outdoor-posude-za-biljke","18":"product_cat-prostori-rezidencijalni-accessories","19":"product_cat-rezidencijalni","20":"berocket_brand-fermob","22":"first","23":"instock","24":"product-type-grouped"},"acf":[],"_links":{"self":[{"href":"https:\/\/cernelic.hr\/en\/wp-json\/wp\/v2\/product\/92560","targetHints":{"allow":["GET"]}}],"collection":[{"href":"https:\/\/cernelic.hr\/en\/wp-json\/wp\/v2\/product"}],"about":[{"href":"https:\/\/cernelic.hr\/en\/wp-json\/wp\/v2\/types\/product"}],"wp:featuredmedia":[{"embeddable":true,"href":"https:\/\/cernelic.hr\/en\/wp-json\/wp\/v2\/media\/91879"}],"wp:attachment":[{"href":"https:\/\/cernelic.hr\/en\/wp-json\/wp\/v2\/media?parent=92560"}],"wp:term":[{"taxonomy":"product_brand","embeddable":true,"href":"https:\/\/cernelic.hr\/en\/wp-json\/wp\/v2\/product_brand?post=92560"},{"taxonomy":"product_cat","embeddable":true,"href":"https:\/\/cernelic.hr\/en\/wp-json\/wp\/v2\/product_cat?post=92560"},{"taxonomy":"product_tag","embeddable":true,"href":"https:\/\/cernelic.hr\/en\/wp-json\/wp\/v2\/product_tag?post=92560"},{"taxonomy":"berocket_brand","embeddable":true,"href":"https:\/\/cernelic.hr\/en\/wp-json\/wp\/v2\/berocket_brand?post=92560"}],"curies":[{"name":"wp","href":"https:\/\/api.w.org\/{rel}","templated":true}]}}