{"id":92563,"date":"2021-03-19T13:09:46","date_gmt":"2021-03-19T13:09:46","guid":{"rendered":"https:\/\/cernelic.hr\/katalog\/Bez%20kategorije\/356-by-gandiablasco-2\/"},"modified":"2023-12-08T02:30:11","modified_gmt":"2023-12-08T02:30:11","slug":"356-by-gandiablasco","status":"publish","type":"product","link":"https:\/\/cernelic.hr\/en\/proizvod\/356-by-gandiablasco\/","title":{"rendered":"356 by Gandia Blasco"},"content":{"rendered":"<p>Fotelje za terasu \u201e356\u201c kolekcije jedan su od na\u0161ih dizajna koji mo\u017eete koristiti za izradu garniture s onoliko sjedala koliko \u017eelite, a mogu se koristiti i zasebno. Zaobljeni oblik i elegantne konture garniture za sjedenje odra\u017eavaju isti aerodinami\u010dni izgled kao i ostali predmeti u kolekciji, inspirirani prvim automobilima Porsche 356 iz 1950-ih.<\/p>\n","protected":false},"excerpt":{"rendered":"<p>Fotelje za terasu \u201e356\u201c kolekcije jedan su od na\u0161ih dizajna koji mo\u017eete koristiti za izradu garniture s onoliko sjedala koliko \u017eelite, a mogu se koristiti i zasebno. Zaobljeni oblik i elegantne konture garniture za sjedenje odra\u017eavaju isti aerodinami\u010dni izgled kao i ostali predmeti u kolekciji, inspirirani prvim automobilima Porsche 356 iz 1950-ih.<\/p>\n","protected":false},"featured_media":91915,"template":"","meta":{"_acf_changed":false},"product_brand":[],"product_cat":[2111,2062,2105,2159,2513,2061,2066,2122,2160,2068,2112,2071,2072,2141,2079,2081,2074,2076,2073],"product_tag":[],"berocket_brand":[1112],"class_list":{"0":"post-92563","1":"product","2":"type-product","3":"status-publish","4":"has-post-thumbnail","6":"product_cat-dvorane","7":"product_cat-fotelje-i-garniture-za-sjedenje","8":"product_cat-javni","9":"product_cat-lezaljke","10":"product_cat-outdoor","11":"product_cat-proizvodi","12":"product_cat-proizvodi-fotelje-garniture-fotelje-i-garniture-za-vanjske-prostore","13":"product_cat-proizvodi-fotelje-garniture-taburei","14":"product_cat-proizvodi-lezaljke-lezaljke","15":"product_cat-prostori","16":"product_cat-prostori-dvorane-fotelje-i-garniture-za-vanjske-prostore","17":"product_cat-prostori-horeca-fotelje-i-garniture-za-vanjske-prostore","18":"product_cat-prostori-horeca-lezaljke","19":"product_cat-prostori-javni-fotelje-i-garniture-za-vanjske-prostore","20":"product_cat-prostori-outdoor-fotelje-i-garniture-za-vanjske-prostore","21":"product_cat-prostori-outdoor-lezaljke","22":"product_cat-prostori-rezidencijalni-fotelje-i-garniture-za-vanjske-prostore","23":"product_cat-prostori-rezidencijalni-lezaljke","24":"product_cat-rezidencijalni","25":"berocket_brand-diabla-by-gandia-blasco","27":"first","28":"instock","29":"product-type-grouped"},"acf":[],"_links":{"self":[{"href":"https:\/\/cernelic.hr\/en\/wp-json\/wp\/v2\/product\/92563","targetHints":{"allow":["GET"]}}],"collection":[{"href":"https:\/\/cernelic.hr\/en\/wp-json\/wp\/v2\/product"}],"about":[{"href":"https:\/\/cernelic.hr\/en\/wp-json\/wp\/v2\/types\/product"}],"wp:featuredmedia":[{"embeddable":true,"href":"https:\/\/cernelic.hr\/en\/wp-json\/wp\/v2\/media\/91915"}],"wp:attachment":[{"href":"https:\/\/cernelic.hr\/en\/wp-json\/wp\/v2\/media?parent=92563"}],"wp:term":[{"taxonomy":"product_brand","embeddable":true,"href":"https:\/\/cernelic.hr\/en\/wp-json\/wp\/v2\/product_brand?post=92563"},{"taxonomy":"product_cat","embeddable":true,"href":"https:\/\/cernelic.hr\/en\/wp-json\/wp\/v2\/product_cat?post=92563"},{"taxonomy":"product_tag","embeddable":true,"href":"https:\/\/cernelic.hr\/en\/wp-json\/wp\/v2\/product_tag?post=92563"},{"taxonomy":"berocket_brand","embeddable":true,"href":"https:\/\/cernelic.hr\/en\/wp-json\/wp\/v2\/berocket_brand?post=92563"}],"curies":[{"name":"wp","href":"https:\/\/api.w.org\/{rel}","templated":true}]}}