{"id":92566,"date":"2021-03-19T13:12:53","date_gmt":"2021-03-19T13:12:53","guid":{"rendered":"https:\/\/cernelic.hr\/katalog\/Bez%20kategorije\/arumi-by-gandiablasco-2\/"},"modified":"2023-12-08T02:30:15","modified_gmt":"2023-12-08T02:30:15","slug":"arumi-by-gandiablasco","status":"publish","type":"product","link":"https:\/\/cernelic.hr\/en\/proizvod\/arumi-by-gandiablasco\/","title":{"rendered":"ARUMI by Gandia Blasco"},"content":{"rendered":"<p>\u201eArumi\u201c stolovi za vanjsku upotrebu mogu biti postavljeni u niz ili jedan pored drugog. Prilikom izrade vlastitog aran\u017emana, zapamtite da ih mo\u017eete postaviti vodoravno ili okomito. Izra\u0111eni su od aluminija premazanog prahom, tako da nemaju veliku te\u017einu. Mo\u017eete ih lako pomicati koliko god \u017eelite.<br \/>\nNemojte dopustiti da Vam netko ka\u017ee da je ovaj dizajn samo za vanjsku upotrebu. Ako mislite da se uklapa u Va\u0161e ideje za ure\u0111enje interijera: samo naprijed!<\/p>\n","protected":false},"excerpt":{"rendered":"<p>\u201eArumi\u201c stolovi za vanjsku upotrebu mogu biti postavljeni u niz ili jedan pored drugog. Prilikom izrade vlastitog aran\u017emana, zapamtite da ih mo\u017eete postaviti vodoravno ili okomito. Izra\u0111eni su od aluminija premazanog prahom, tako da nemaju veliku te\u017einu. Mo\u017eete ih lako pomicati koliko god \u017eelite. Nemojte dopustiti da Vam netko ka\u017ee da je ovaj dizajn samo [&hellip;]<\/p>\n","protected":false},"featured_media":91917,"template":"","meta":{"_acf_changed":false},"product_brand":[],"product_cat":[2105,2142,2513,2061,2068,2144,2147,2186,2146,2073,2118],"product_tag":[],"berocket_brand":[1112],"class_list":{"0":"post-92566","1":"product","2":"type-product","3":"status-publish","4":"has-post-thumbnail","6":"product_cat-javni","7":"product_cat-proizvodi-stolovi-niski-stolovi-vanjske-prostore","8":"product_cat-outdoor","9":"product_cat-proizvodi","10":"product_cat-prostori","11":"product_cat-prostori-horeca-stolovi-za-vanjske-prostore","12":"product_cat-prostori-javni-stolovi-za-vanjske-prostore","13":"product_cat-prostori-outdoor-stolovi","14":"product_cat-prostori-rezidencijalni-niski-klubski-stolici-za-vanjske-prostore","15":"product_cat-rezidencijalni","16":"product_cat-stolovi","17":"berocket_brand-diabla-by-gandia-blasco","19":"first","20":"instock","21":"product-type-grouped"},"acf":[],"_links":{"self":[{"href":"https:\/\/cernelic.hr\/en\/wp-json\/wp\/v2\/product\/92566","targetHints":{"allow":["GET"]}}],"collection":[{"href":"https:\/\/cernelic.hr\/en\/wp-json\/wp\/v2\/product"}],"about":[{"href":"https:\/\/cernelic.hr\/en\/wp-json\/wp\/v2\/types\/product"}],"wp:featuredmedia":[{"embeddable":true,"href":"https:\/\/cernelic.hr\/en\/wp-json\/wp\/v2\/media\/91917"}],"wp:attachment":[{"href":"https:\/\/cernelic.hr\/en\/wp-json\/wp\/v2\/media?parent=92566"}],"wp:term":[{"taxonomy":"product_brand","embeddable":true,"href":"https:\/\/cernelic.hr\/en\/wp-json\/wp\/v2\/product_brand?post=92566"},{"taxonomy":"product_cat","embeddable":true,"href":"https:\/\/cernelic.hr\/en\/wp-json\/wp\/v2\/product_cat?post=92566"},{"taxonomy":"product_tag","embeddable":true,"href":"https:\/\/cernelic.hr\/en\/wp-json\/wp\/v2\/product_tag?post=92566"},{"taxonomy":"berocket_brand","embeddable":true,"href":"https:\/\/cernelic.hr\/en\/wp-json\/wp\/v2\/berocket_brand?post=92566"}],"curies":[{"name":"wp","href":"https:\/\/api.w.org\/{rel}","templated":true}]}}