{"id":92567,"date":"2021-03-19T13:12:53","date_gmt":"2021-03-19T13:12:53","guid":{"rendered":"https:\/\/cernelic.hr\/katalog\/Bez%20kategorije\/bali-by-gandiablasco-2\/"},"modified":"2023-12-07T15:55:09","modified_gmt":"2023-12-07T15:55:09","slug":"bali-by-gandiablasco","status":"publish","type":"product","link":"https:\/\/cernelic.hr\/en\/proizvod\/bali-by-gandiablasco\/","title":{"rendered":"BALI by Gandia Blasco"},"content":{"rendered":"<p>\u201eBali\u201c je suncobran sa sustavom ki\u0161obrana dizajniranim da otkrije mehanizme i strukturu koju drugi suncobrani poku\u0161avaju sakriti. Kona\u010dni rezultat je veliki Gandiablasco suncobran s jednostavnim linijama, koji se lako otvara i zatvara okretanjem ru\u010dke, a mo\u017ee se personalizirati prema Va\u0161em ukusu i dekoru.<\/p>\n","protected":false},"excerpt":{"rendered":"<p>\u201eBali\u201c je suncobran sa sustavom ki\u0161obrana dizajniranim da otkrije mehanizme i strukturu koju drugi suncobrani poku\u0161avaju sakriti. Kona\u010dni rezultat je veliki Gandiablasco suncobran s jednostavnim linijama, koji se lako otvara i zatvara okretanjem ru\u010dke, a mo\u017ee se personalizirati prema Va\u0161em ukusu i dekoru.<\/p>\n","protected":false},"featured_media":41486,"template":"","meta":{"_acf_changed":false},"product_brand":[],"product_cat":[2111,2105,2513,2061,2219,2068,2223,2220,2222,2224,2221,2073,2218],"product_tag":[],"berocket_brand":[527],"class_list":{"0":"post-92567","1":"product","2":"type-product","3":"status-publish","4":"has-post-thumbnail","6":"product_cat-dvorane","7":"product_cat-javni","8":"product_cat-outdoor","9":"product_cat-proizvodi","10":"product_cat-proizvodi-zastita-od-sunca-suncobrani","11":"product_cat-prostori","12":"product_cat-prostori-dvorane-zastita-od-sunca","13":"product_cat-prostori-horeca-zastita-od-sunca","14":"product_cat-prostori-javni-zastita-od-sunca","15":"product_cat-prostori-outdoor-zastita-od-sunca","16":"product_cat-prostori-rezidencijalni-zastita-od-sunca","17":"product_cat-rezidencijalni","18":"product_cat-zastita-od-sunca","19":"berocket_brand-gandia-blasco","21":"first","22":"instock","23":"product-type-grouped"},"acf":[],"_links":{"self":[{"href":"https:\/\/cernelic.hr\/en\/wp-json\/wp\/v2\/product\/92567","targetHints":{"allow":["GET"]}}],"collection":[{"href":"https:\/\/cernelic.hr\/en\/wp-json\/wp\/v2\/product"}],"about":[{"href":"https:\/\/cernelic.hr\/en\/wp-json\/wp\/v2\/types\/product"}],"wp:featuredmedia":[{"embeddable":true,"href":"https:\/\/cernelic.hr\/en\/wp-json\/wp\/v2\/media\/41486"}],"wp:attachment":[{"href":"https:\/\/cernelic.hr\/en\/wp-json\/wp\/v2\/media?parent=92567"}],"wp:term":[{"taxonomy":"product_brand","embeddable":true,"href":"https:\/\/cernelic.hr\/en\/wp-json\/wp\/v2\/product_brand?post=92567"},{"taxonomy":"product_cat","embeddable":true,"href":"https:\/\/cernelic.hr\/en\/wp-json\/wp\/v2\/product_cat?post=92567"},{"taxonomy":"product_tag","embeddable":true,"href":"https:\/\/cernelic.hr\/en\/wp-json\/wp\/v2\/product_tag?post=92567"},{"taxonomy":"berocket_brand","embeddable":true,"href":"https:\/\/cernelic.hr\/en\/wp-json\/wp\/v2\/berocket_brand?post=92567"}],"curies":[{"name":"wp","href":"https:\/\/api.w.org\/{rel}","templated":true}]}}