{"id":92568,"date":"2021-03-19T13:12:53","date_gmt":"2021-03-19T13:12:53","guid":{"rendered":"https:\/\/cernelic.hr\/katalog\/Bez%20kategorije\/blau-by-gandiablasco-2\/"},"modified":"2023-12-07T15:55:13","modified_gmt":"2023-12-07T15:55:13","slug":"blau-by-gandiablasco","status":"publish","type":"product","link":"https:\/\/cernelic.hr\/en\/proizvod\/blau-by-gandiablasco\/","title":{"rendered":"BLAU by Gandia Blasco"},"content":{"rendered":"<p>\u201eBlau\u201c kolekcija nastoji razviti tradiciju vanjskog namje\u0161taja, povezuju\u0107i se s mediteranskom arhitekturom i na\u010dinom stanovanja. Inovirana tradicija, izra\u0111ena s konstrukcijskim sustavom koji se temelji na monta\u017ei ekstrudiranih aluminijskih profila. \u201eBlau\u201c je Gandiablasco obitelj predmeta koji imaju dodatnu kvalitetu koju je te\u0161ko odrediti, a koja se odnosi na vrijednost komada kao predmeta.<\/p>\n","protected":false},"excerpt":{"rendered":"<p>\u201eBlau\u201c kolekcija nastoji razviti tradiciju vanjskog namje\u0161taja, povezuju\u0107i se s mediteranskom arhitekturom i na\u010dinom stanovanja. Inovirana tradicija, izra\u0111ena s konstrukcijskim sustavom koji se temelji na monta\u017ei ekstrudiranih aluminijskih profila. \u201eBlau\u201c je Gandiablasco obitelj predmeta koji imaju dodatnu kvalitetu koju je te\u0161ko odrediti, a koja se odnosi na vrijednost komada kao predmeta.<\/p>\n","protected":false},"featured_media":41488,"template":"","meta":{"_acf_changed":false},"product_brand":[],"product_cat":[2514,2154,2111,2062,2105,2159,2142,2513,2061,2196,2197,2066,2127,2160,2068,2209,2112,2207,2155,2071,2129,2072,2070,2144,2208,2157,2141,2125,2147,2199,2158,2079,2081,2080,2186,2198,2156,2074,2076,2146,2075,2145,2073,2087,2124,2118,2143,2162],"product_tag":[],"berocket_brand":[527],"class_list":{"0":"post-92568","1":"product","2":"type-product","3":"status-publish","4":"has-post-thumbnail","6":"product_cat-accessories","7":"product_cat-proizvodi-stolice-barske-stolice-za-vanjske-prostore","8":"product_cat-dvorane","9":"product_cat-fotelje-i-garniture-za-sjedenje","10":"product_cat-javni","11":"product_cat-lezaljke","12":"product_cat-proizvodi-stolovi-niski-stolovi-vanjske-prostore","13":"product_cat-outdoor","14":"product_cat-proizvodi","15":"product_cat-proizvodi-accessories-accessories-za-unutarnje-prostore","16":"product_cat-proizvodi-accessories-accessories-za-vanjske-prostore","17":"product_cat-proizvodi-fotelje-garniture-fotelje-i-garniture-za-vanjske-prostore","18":"product_cat-proizvodi-fotelje-garniture-klupe-i-separei","19":"product_cat-proizvodi-lezaljke-lezaljke","20":"product_cat-prostori","21":"product_cat-prostori-dvorane-accessories","22":"product_cat-prostori-dvorane-fotelje-i-garniture-za-vanjske-prostore","23":"product_cat-prostori-horeca-accessories","24":"product_cat-prostori-horeca-barske-stolice-za-vanjske-prostore","25":"product_cat-prostori-horeca-fotelje-i-garniture-za-vanjske-prostore","26":"product_cat-prostori-horeca-klupe-i-separei","27":"product_cat-prostori-horeca-lezaljke","28":"product_cat-prostori-horeca-stolice-za-vanjske-prostore","29":"product_cat-prostori-horeca-stolovi-za-vanjske-prostore","30":"product_cat-prostori-javni-accessories","31":"product_cat-prostori-javni-barske-stolice-za-vanjske-prostore","32":"product_cat-prostori-javni-fotelje-i-garniture-za-vanjske-prostore","33":"product_cat-prostori-javni-stolice-za-vanjske-prostore","34":"product_cat-prostori-javni-stolovi-za-vanjske-prostore","35":"product_cat-prostori-outdoor-accesories","36":"product_cat-prostori-outdoor-barske-stolice-za-vanjske-prostore","37":"product_cat-prostori-outdoor-fotelje-i-garniture-za-vanjske-prostore","38":"product_cat-prostori-outdoor-lezaljke","39":"product_cat-prostori-outdoor-stolice-za-vanjske-prostore","40":"product_cat-prostori-outdoor-stolovi","41":"product_cat-prostori-rezidencijalni-accessories","42":"product_cat-prostori-rezidencijalni-barske-stolice-za-vanjske-prostore","43":"product_cat-prostori-rezidencijalni-fotelje-i-garniture-za-vanjske-prostore","44":"product_cat-prostori-rezidencijalni-lezaljke","45":"product_cat-prostori-rezidencijalni-niski-klubski-stolici-za-vanjske-prostore","46":"product_cat-prostori-rezidencijalni-stolice-za-vanjske-prostore","47":"product_cat-prostori-rezidencijalni-stolovi-za-vanjske-prostore","48":"product_cat-rezidencijalni","49":"product_cat-stolice","50":"product_cat-proizvodi-stolice-stolice-za-vanjske-prostore","51":"product_cat-stolovi","52":"product_cat-proizvodi-stolovi-stolovi-za-vanjske-prostore","53":"product_cat-proizvodi-stolovi-visoki-barski-stolovi-vanjske-prostore","54":"berocket_brand-gandia-blasco","56":"first","57":"instock","58":"product-type-grouped"},"acf":[],"_links":{"self":[{"href":"https:\/\/cernelic.hr\/en\/wp-json\/wp\/v2\/product\/92568","targetHints":{"allow":["GET"]}}],"collection":[{"href":"https:\/\/cernelic.hr\/en\/wp-json\/wp\/v2\/product"}],"about":[{"href":"https:\/\/cernelic.hr\/en\/wp-json\/wp\/v2\/types\/product"}],"wp:featuredmedia":[{"embeddable":true,"href":"https:\/\/cernelic.hr\/en\/wp-json\/wp\/v2\/media\/41488"}],"wp:attachment":[{"href":"https:\/\/cernelic.hr\/en\/wp-json\/wp\/v2\/media?parent=92568"}],"wp:term":[{"taxonomy":"product_brand","embeddable":true,"href":"https:\/\/cernelic.hr\/en\/wp-json\/wp\/v2\/product_brand?post=92568"},{"taxonomy":"product_cat","embeddable":true,"href":"https:\/\/cernelic.hr\/en\/wp-json\/wp\/v2\/product_cat?post=92568"},{"taxonomy":"product_tag","embeddable":true,"href":"https:\/\/cernelic.hr\/en\/wp-json\/wp\/v2\/product_tag?post=92568"},{"taxonomy":"berocket_brand","embeddable":true,"href":"https:\/\/cernelic.hr\/en\/wp-json\/wp\/v2\/berocket_brand?post=92568"}],"curies":[{"name":"wp","href":"https:\/\/api.w.org\/{rel}","templated":true}]}}