{"id":92569,"date":"2021-03-19T13:12:53","date_gmt":"2021-03-19T13:12:53","guid":{"rendered":"https:\/\/cernelic.hr\/katalog\/Bez%20kategorije\/booth-merendero-by-gandiablasco-2\/"},"modified":"2023-12-07T15:56:14","modified_gmt":"2023-12-07T15:56:14","slug":"booth-merendero-by-gandiablasco","status":"publish","type":"product","link":"https:\/\/cernelic.hr\/en\/proizvod\/booth-merendero-by-gandiablasco\/","title":{"rendered":"MERENDERO by Gandia Blasco"},"content":{"rendered":"<p>Tijekom obroka s prijateljima podijelimo vi\u0161e anegdota i malih pri\u010da nego u bilo koje drugo vrijeme. Na\u0161i vrtni paviljoni nastali su iz te\u017enje da ljudima koji vole jesti zajedno u prirodnom okru\u017eenju pru\u017eimo suvremeni prostor sa za\u0161titom od sunca.<\/p>\n","protected":false},"excerpt":{"rendered":"<p>Tijekom obroka s prijateljima podijelimo vi\u0161e anegdota i malih pri\u010da nego u bilo koje drugo vrijeme. Na\u0161i vrtni paviljoni nastali su iz te\u017enje da ljudima koji vole jesti zajedno u prirodnom okru\u017eenju pru\u017eimo suvremeni prostor sa za\u0161titom od sunca.<\/p>\n","protected":false},"featured_media":41516,"template":"","meta":{"_acf_changed":false},"product_brand":[],"product_cat":[2111,2062,2105,2513,2061,2127,2225,2068,2223,2220,2222,2224,2221,2073,2218],"product_tag":[],"berocket_brand":[527],"class_list":{"0":"post-92569","1":"product","2":"type-product","3":"status-publish","4":"has-post-thumbnail","6":"product_cat-dvorane","7":"product_cat-fotelje-i-garniture-za-sjedenje","8":"product_cat-javni","9":"product_cat-outdoor","10":"product_cat-proizvodi","11":"product_cat-proizvodi-fotelje-garniture-klupe-i-separei","12":"product_cat-proizvodi-zastita-od-sunca-pergole","13":"product_cat-prostori","14":"product_cat-prostori-dvorane-zastita-od-sunca","15":"product_cat-prostori-horeca-zastita-od-sunca","16":"product_cat-prostori-javni-zastita-od-sunca","17":"product_cat-prostori-outdoor-zastita-od-sunca","18":"product_cat-prostori-rezidencijalni-zastita-od-sunca","19":"product_cat-rezidencijalni","20":"product_cat-zastita-od-sunca","21":"berocket_brand-gandia-blasco","23":"first","24":"instock","25":"product-type-grouped"},"acf":[],"_links":{"self":[{"href":"https:\/\/cernelic.hr\/en\/wp-json\/wp\/v2\/product\/92569","targetHints":{"allow":["GET"]}}],"collection":[{"href":"https:\/\/cernelic.hr\/en\/wp-json\/wp\/v2\/product"}],"about":[{"href":"https:\/\/cernelic.hr\/en\/wp-json\/wp\/v2\/types\/product"}],"wp:featuredmedia":[{"embeddable":true,"href":"https:\/\/cernelic.hr\/en\/wp-json\/wp\/v2\/media\/41516"}],"wp:attachment":[{"href":"https:\/\/cernelic.hr\/en\/wp-json\/wp\/v2\/media?parent=92569"}],"wp:term":[{"taxonomy":"product_brand","embeddable":true,"href":"https:\/\/cernelic.hr\/en\/wp-json\/wp\/v2\/product_brand?post=92569"},{"taxonomy":"product_cat","embeddable":true,"href":"https:\/\/cernelic.hr\/en\/wp-json\/wp\/v2\/product_cat?post=92569"},{"taxonomy":"product_tag","embeddable":true,"href":"https:\/\/cernelic.hr\/en\/wp-json\/wp\/v2\/product_tag?post=92569"},{"taxonomy":"berocket_brand","embeddable":true,"href":"https:\/\/cernelic.hr\/en\/wp-json\/wp\/v2\/berocket_brand?post=92569"}],"curies":[{"name":"wp","href":"https:\/\/api.w.org\/{rel}","templated":true}]}}