{"id":92570,"date":"2021-03-19T13:12:53","date_gmt":"2021-03-19T13:12:53","guid":{"rendered":"https:\/\/cernelic.hr\/katalog\/Bez%20kategorije\/chill-by-gandiablasco-2\/"},"modified":"2023-12-07T15:55:17","modified_gmt":"2023-12-07T15:55:17","slug":"chill-by-gandiablasco","status":"publish","type":"product","link":"https:\/\/cernelic.hr\/en\/proizvod\/chill-by-gandiablasco\/","title":{"rendered":"CHILL by Gandia Blasco"},"content":{"rendered":"<p>Opustite se, razgovarajte, jedite, pijte, smijte se, slu\u0161ajte glazbu&#8230; dijele\u0107i vrijeme zajedno na otvorenom, u\u017eivaju\u0107i u svom okru\u017eenju. Kolekcija Gandiablasco \u201eChill\u201c stvorena je za bezbri\u017ean \u017eivot na otvorenom.<\/p>\n","protected":false},"excerpt":{"rendered":"<p>Opustite se, razgovarajte, jedite, pijte, smijte se, slu\u0161ajte glazbu&#8230; dijele\u0107i vrijeme zajedno na otvorenom, u\u017eivaju\u0107i u svom okru\u017eenju. Kolekcija Gandiablasco \u201eChill\u201c stvorena je za bezbri\u017ean \u017eivot na otvorenom.<\/p>\n","protected":false},"featured_media":41490,"template":"","meta":{"_acf_changed":false},"product_brand":[],"product_cat":[2159,2513,2061,2160,2068,2072,2081,2076,2073],"product_tag":[],"berocket_brand":[527],"class_list":{"0":"post-92570","1":"product","2":"type-product","3":"status-publish","4":"has-post-thumbnail","6":"product_cat-lezaljke","7":"product_cat-outdoor","8":"product_cat-proizvodi","9":"product_cat-proizvodi-lezaljke-lezaljke","10":"product_cat-prostori","11":"product_cat-prostori-horeca-lezaljke","12":"product_cat-prostori-outdoor-lezaljke","13":"product_cat-prostori-rezidencijalni-lezaljke","14":"product_cat-rezidencijalni","15":"berocket_brand-gandia-blasco","17":"first","18":"instock","19":"product-type-grouped"},"acf":[],"_links":{"self":[{"href":"https:\/\/cernelic.hr\/en\/wp-json\/wp\/v2\/product\/92570","targetHints":{"allow":["GET"]}}],"collection":[{"href":"https:\/\/cernelic.hr\/en\/wp-json\/wp\/v2\/product"}],"about":[{"href":"https:\/\/cernelic.hr\/en\/wp-json\/wp\/v2\/types\/product"}],"wp:featuredmedia":[{"embeddable":true,"href":"https:\/\/cernelic.hr\/en\/wp-json\/wp\/v2\/media\/41490"}],"wp:attachment":[{"href":"https:\/\/cernelic.hr\/en\/wp-json\/wp\/v2\/media?parent=92570"}],"wp:term":[{"taxonomy":"product_brand","embeddable":true,"href":"https:\/\/cernelic.hr\/en\/wp-json\/wp\/v2\/product_brand?post=92570"},{"taxonomy":"product_cat","embeddable":true,"href":"https:\/\/cernelic.hr\/en\/wp-json\/wp\/v2\/product_cat?post=92570"},{"taxonomy":"product_tag","embeddable":true,"href":"https:\/\/cernelic.hr\/en\/wp-json\/wp\/v2\/product_tag?post=92570"},{"taxonomy":"berocket_brand","embeddable":true,"href":"https:\/\/cernelic.hr\/en\/wp-json\/wp\/v2\/berocket_brand?post=92570"}],"curies":[{"name":"wp","href":"https:\/\/api.w.org\/{rel}","templated":true}]}}