{"id":92577,"date":"2021-03-19T13:12:53","date_gmt":"2021-03-19T13:12:53","guid":{"rendered":"https:\/\/cernelic.hr\/katalog\/Bez%20kategorije\/dna-teak-by-gandiablasco-2\/"},"modified":"2023-12-07T15:55:24","modified_gmt":"2023-12-07T15:55:24","slug":"dna-teak-by-gandiablasco","status":"publish","type":"product","link":"https:\/\/cernelic.hr\/en\/proizvod\/dna-teak-by-gandiablasco\/","title":{"rendered":"DNA TEAK by Gandia Blasco"},"content":{"rendered":"<p>\u201eDNA\u201c, najautenti\u010dnija GANDIABLASCO kolekcija, ove godine u svoj dizajn uklju\u010duje toplinu i postojanost tikovine.<br \/>\nToplina i prirodnost tikovine u kontrastu je s hladno\u0107om aluminija koji uokviruje namje\u0161taj. \u201eDNA\u201c pro\u0161iruje svoje mogu\u0107nosti stvaranja elegantnih i \u010distih vanjskih prostora na malim terasama ili za projektno opremanje javnih objekata.<\/p>\n","protected":false},"excerpt":{"rendered":"<p>\u201eDNA\u201c, najautenti\u010dnija GANDIABLASCO kolekcija, ove godine u svoj dizajn uklju\u010duje toplinu i postojanost tikovine. Toplina i prirodnost tikovine u kontrastu je s hladno\u0107om aluminija koji uokviruje namje\u0161taj. \u201eDNA\u201c pro\u0161iruje svoje mogu\u0107nosti stvaranja elegantnih i \u010distih vanjskih prostora na malim terasama ili za projektno opremanje javnih objekata.<\/p>\n","protected":false},"featured_media":41494,"template":"","meta":{"_acf_changed":false},"product_brand":[],"product_cat":[2514,2154,2111,2062,2105,2159,2142,2513,2061,2197,2066,2127,2160,2068,2209,2112,2207,2155,2071,2129,2072,2070,2144,2208,2157,2141,2125,2147,2158,2079,2081,2210,2080,2186,2198,2156,2074,2076,2146,2075,2145,2073,2087,2124,2118,2143,2162],"product_tag":[],"berocket_brand":[527],"class_list":{"0":"post-92577","1":"product","2":"type-product","3":"status-publish","4":"has-post-thumbnail","6":"product_cat-accessories","7":"product_cat-proizvodi-stolice-barske-stolice-za-vanjske-prostore","8":"product_cat-dvorane","9":"product_cat-fotelje-i-garniture-za-sjedenje","10":"product_cat-javni","11":"product_cat-lezaljke","12":"product_cat-proizvodi-stolovi-niski-stolovi-vanjske-prostore","13":"product_cat-outdoor","14":"product_cat-proizvodi","15":"product_cat-proizvodi-accessories-accessories-za-vanjske-prostore","16":"product_cat-proizvodi-fotelje-garniture-fotelje-i-garniture-za-vanjske-prostore","17":"product_cat-proizvodi-fotelje-garniture-klupe-i-separei","18":"product_cat-proizvodi-lezaljke-lezaljke","19":"product_cat-prostori","20":"product_cat-prostori-dvorane-accessories","21":"product_cat-prostori-dvorane-fotelje-i-garniture-za-vanjske-prostore","22":"product_cat-prostori-horeca-accessories","23":"product_cat-prostori-horeca-barske-stolice-za-vanjske-prostore","24":"product_cat-prostori-horeca-fotelje-i-garniture-za-vanjske-prostore","25":"product_cat-prostori-horeca-klupe-i-separei","26":"product_cat-prostori-horeca-lezaljke","27":"product_cat-prostori-horeca-stolice-za-vanjske-prostore","28":"product_cat-prostori-horeca-stolovi-za-vanjske-prostore","29":"product_cat-prostori-javni-accessories","30":"product_cat-prostori-javni-barske-stolice-za-vanjske-prostore","31":"product_cat-prostori-javni-fotelje-i-garniture-za-vanjske-prostore","32":"product_cat-prostori-javni-stolice-za-vanjske-prostore","33":"product_cat-prostori-javni-stolovi-za-vanjske-prostore","34":"product_cat-prostori-outdoor-barske-stolice-za-vanjske-prostore","35":"product_cat-prostori-outdoor-fotelje-i-garniture-za-vanjske-prostore","36":"product_cat-prostori-outdoor-lezaljke","37":"product_cat-prostori-outdoor-posude-za-biljke","38":"product_cat-prostori-outdoor-stolice-za-vanjske-prostore","39":"product_cat-prostori-outdoor-stolovi","40":"product_cat-prostori-rezidencijalni-accessories","41":"product_cat-prostori-rezidencijalni-barske-stolice-za-vanjske-prostore","42":"product_cat-prostori-rezidencijalni-fotelje-i-garniture-za-vanjske-prostore","43":"product_cat-prostori-rezidencijalni-lezaljke","44":"product_cat-prostori-rezidencijalni-niski-klubski-stolici-za-vanjske-prostore","45":"product_cat-prostori-rezidencijalni-stolice-za-vanjske-prostore","46":"product_cat-prostori-rezidencijalni-stolovi-za-vanjske-prostore","47":"product_cat-rezidencijalni","48":"product_cat-stolice","49":"product_cat-proizvodi-stolice-stolice-za-vanjske-prostore","50":"product_cat-stolovi","51":"product_cat-proizvodi-stolovi-stolovi-za-vanjske-prostore","52":"product_cat-proizvodi-stolovi-visoki-barski-stolovi-vanjske-prostore","53":"berocket_brand-gandia-blasco","55":"first","56":"instock","57":"product-type-grouped"},"acf":[],"_links":{"self":[{"href":"https:\/\/cernelic.hr\/en\/wp-json\/wp\/v2\/product\/92577","targetHints":{"allow":["GET"]}}],"collection":[{"href":"https:\/\/cernelic.hr\/en\/wp-json\/wp\/v2\/product"}],"about":[{"href":"https:\/\/cernelic.hr\/en\/wp-json\/wp\/v2\/types\/product"}],"wp:featuredmedia":[{"embeddable":true,"href":"https:\/\/cernelic.hr\/en\/wp-json\/wp\/v2\/media\/41494"}],"wp:attachment":[{"href":"https:\/\/cernelic.hr\/en\/wp-json\/wp\/v2\/media?parent=92577"}],"wp:term":[{"taxonomy":"product_brand","embeddable":true,"href":"https:\/\/cernelic.hr\/en\/wp-json\/wp\/v2\/product_brand?post=92577"},{"taxonomy":"product_cat","embeddable":true,"href":"https:\/\/cernelic.hr\/en\/wp-json\/wp\/v2\/product_cat?post=92577"},{"taxonomy":"product_tag","embeddable":true,"href":"https:\/\/cernelic.hr\/en\/wp-json\/wp\/v2\/product_tag?post=92577"},{"taxonomy":"berocket_brand","embeddable":true,"href":"https:\/\/cernelic.hr\/en\/wp-json\/wp\/v2\/berocket_brand?post=92577"}],"curies":[{"name":"wp","href":"https:\/\/api.w.org\/{rel}","templated":true}]}}