{"id":92579,"date":"2021-03-19T13:12:53","date_gmt":"2021-03-19T13:12:53","guid":{"rendered":"https:\/\/cernelic.hr\/katalog\/Bez%20kategorije\/donut-stool-by-gandiablasco-2\/"},"modified":"2023-12-08T02:30:24","modified_gmt":"2023-12-08T02:30:24","slug":"donut-stool-by-gandiablasco","status":"publish","type":"product","link":"https:\/\/cernelic.hr\/en\/proizvod\/donut-stool-by-gandiablasco\/","title":{"rendered":"DONUT STOOL by Gandia Blasco"},"content":{"rendered":"<p>Gandiablasco\/Diabla \u201eDonut\u201c stolice za vanjsku upotrebu tako su jednostavnog dizajna da se ne mo\u017eete ne nasmije\u0161iti \u010dim ih vidite.Njihov dizajner, Mikiya Kobayashi, ro\u0111en u Japanu, pri stvaranju sjedala bio je inspiriran oblikom dviju krafni. Zabavna ideja koja \u0107e biti izvrstan dodatak bilo kojem prostoru, a zasigurno i izazvati &#8220;wow&#8221; efekt.<\/p>\n","protected":false},"excerpt":{"rendered":"<p>Gandiablasco\/Diabla \u201eDonut\u201c stolice za vanjsku upotrebu tako su jednostavnog dizajna da se ne mo\u017eete ne nasmije\u0161iti \u010dim ih vidite.Njihov dizajner, Mikiya Kobayashi, ro\u0111en u Japanu, pri stvaranju sjedala bio je inspiriran oblikom dviju krafni. Zabavna ideja koja \u0107e biti izvrstan dodatak bilo kojem prostoru, a zasigurno i izazvati &#8220;wow&#8221; efekt.<\/p>\n","protected":false},"featured_media":91922,"template":"","meta":{"_acf_changed":false},"product_brand":[],"product_cat":[2513,2061,2068,2080,2104,2075,2073,2087,2091,2124],"product_tag":[],"berocket_brand":[1112],"class_list":{"0":"post-92579","1":"product","2":"type-product","3":"status-publish","4":"has-post-thumbnail","6":"product_cat-outdoor","7":"product_cat-proizvodi","8":"product_cat-prostori","9":"product_cat-prostori-outdoor-stolice-za-vanjske-prostore","10":"product_cat-prostori-rezidencijalni-stolice-za-unutarnje-prostore","11":"product_cat-prostori-rezidencijalni-stolice-za-vanjske-prostore","12":"product_cat-rezidencijalni","13":"product_cat-stolice","14":"product_cat-proizvodi-stolice-stolice-za-unutarnje-prostore","15":"product_cat-proizvodi-stolice-stolice-za-vanjske-prostore","16":"berocket_brand-diabla-by-gandia-blasco","18":"first","19":"instock","20":"product-type-grouped"},"acf":[],"_links":{"self":[{"href":"https:\/\/cernelic.hr\/en\/wp-json\/wp\/v2\/product\/92579","targetHints":{"allow":["GET"]}}],"collection":[{"href":"https:\/\/cernelic.hr\/en\/wp-json\/wp\/v2\/product"}],"about":[{"href":"https:\/\/cernelic.hr\/en\/wp-json\/wp\/v2\/types\/product"}],"wp:featuredmedia":[{"embeddable":true,"href":"https:\/\/cernelic.hr\/en\/wp-json\/wp\/v2\/media\/91922"}],"wp:attachment":[{"href":"https:\/\/cernelic.hr\/en\/wp-json\/wp\/v2\/media?parent=92579"}],"wp:term":[{"taxonomy":"product_brand","embeddable":true,"href":"https:\/\/cernelic.hr\/en\/wp-json\/wp\/v2\/product_brand?post=92579"},{"taxonomy":"product_cat","embeddable":true,"href":"https:\/\/cernelic.hr\/en\/wp-json\/wp\/v2\/product_cat?post=92579"},{"taxonomy":"product_tag","embeddable":true,"href":"https:\/\/cernelic.hr\/en\/wp-json\/wp\/v2\/product_tag?post=92579"},{"taxonomy":"berocket_brand","embeddable":true,"href":"https:\/\/cernelic.hr\/en\/wp-json\/wp\/v2\/berocket_brand?post=92579"}],"curies":[{"name":"wp","href":"https:\/\/api.w.org\/{rel}","templated":true}]}}