{"id":92581,"date":"2021-03-19T13:12:53","date_gmt":"2021-03-19T13:12:53","guid":{"rendered":"https:\/\/cernelic.hr\/katalog\/Bez%20kategorije\/ensombra-by-gandiablasco-2\/"},"modified":"2023-12-07T15:55:34","modified_gmt":"2023-12-07T15:55:34","slug":"ensombra-by-gandiablasco","status":"publish","type":"product","link":"https:\/\/cernelic.hr\/en\/proizvod\/ensombra-by-gandiablasco\/","title":{"rendered":"ENSOMBRA by Gandia Blasco"},"content":{"rendered":"<p>Reinterpretirali smo sustav otvaranja i zatvaranja \u017eenskih lepeza u druga\u010dijoj vrsti proizvoda: suncobranu, \u010dime smo dobili jednostavan sustav koji se mo\u017ee rasklopiti i zatvoriti na podlozi. Gandiablasco \u201eEnsombra\u201c je niz svjetala, boja i nijansi; suncobrani prilagodljivi \u017eeljama korisnika koji Va\u0161 vrt ili terasu pretvaraju u idili\u010dno mjesto puno \u017eivota.<\/p>\n","protected":false},"excerpt":{"rendered":"<p>Reinterpretirali smo sustav otvaranja i zatvaranja \u017eenskih lepeza u druga\u010dijoj vrsti proizvoda: suncobranu, \u010dime smo dobili jednostavan sustav koji se mo\u017ee rasklopiti i zatvoriti na podlozi. Gandiablasco \u201eEnsombra\u201c je niz svjetala, boja i nijansi; suncobrani prilagodljivi \u017eeljama korisnika koji Va\u0161 vrt ili terasu pretvaraju u idili\u010dno mjesto puno \u017eivota.<\/p>\n","protected":false},"featured_media":41500,"template":"","meta":{"_acf_changed":false},"product_brand":[],"product_cat":[2111,2105,2513,2061,2219,2068,2223,2220,2222,2224,2221,2073,2218],"product_tag":[],"berocket_brand":[527],"class_list":{"0":"post-92581","1":"product","2":"type-product","3":"status-publish","4":"has-post-thumbnail","6":"product_cat-dvorane","7":"product_cat-javni","8":"product_cat-outdoor","9":"product_cat-proizvodi","10":"product_cat-proizvodi-zastita-od-sunca-suncobrani","11":"product_cat-prostori","12":"product_cat-prostori-dvorane-zastita-od-sunca","13":"product_cat-prostori-horeca-zastita-od-sunca","14":"product_cat-prostori-javni-zastita-od-sunca","15":"product_cat-prostori-outdoor-zastita-od-sunca","16":"product_cat-prostori-rezidencijalni-zastita-od-sunca","17":"product_cat-rezidencijalni","18":"product_cat-zastita-od-sunca","19":"berocket_brand-gandia-blasco","21":"first","22":"instock","23":"product-type-grouped"},"acf":[],"_links":{"self":[{"href":"https:\/\/cernelic.hr\/en\/wp-json\/wp\/v2\/product\/92581","targetHints":{"allow":["GET"]}}],"collection":[{"href":"https:\/\/cernelic.hr\/en\/wp-json\/wp\/v2\/product"}],"about":[{"href":"https:\/\/cernelic.hr\/en\/wp-json\/wp\/v2\/types\/product"}],"wp:featuredmedia":[{"embeddable":true,"href":"https:\/\/cernelic.hr\/en\/wp-json\/wp\/v2\/media\/41500"}],"wp:attachment":[{"href":"https:\/\/cernelic.hr\/en\/wp-json\/wp\/v2\/media?parent=92581"}],"wp:term":[{"taxonomy":"product_brand","embeddable":true,"href":"https:\/\/cernelic.hr\/en\/wp-json\/wp\/v2\/product_brand?post=92581"},{"taxonomy":"product_cat","embeddable":true,"href":"https:\/\/cernelic.hr\/en\/wp-json\/wp\/v2\/product_cat?post=92581"},{"taxonomy":"product_tag","embeddable":true,"href":"https:\/\/cernelic.hr\/en\/wp-json\/wp\/v2\/product_tag?post=92581"},{"taxonomy":"berocket_brand","embeddable":true,"href":"https:\/\/cernelic.hr\/en\/wp-json\/wp\/v2\/berocket_brand?post=92581"}],"curies":[{"name":"wp","href":"https:\/\/api.w.org\/{rel}","templated":true}]}}