{"id":92582,"date":"2021-03-19T13:12:53","date_gmt":"2021-03-19T13:12:53","guid":{"rendered":"https:\/\/cernelic.hr\/katalog\/Bez%20kategorije\/esferas-by-gandiablasco-2\/"},"modified":"2023-12-08T02:30:28","modified_gmt":"2023-12-08T02:30:28","slug":"esferas-by-gandiablasco","status":"publish","type":"product","link":"https:\/\/cernelic.hr\/en\/proizvod\/esferas-by-gandiablasco\/","title":{"rendered":"ESFERAS by Gandia Blasco"},"content":{"rendered":"<p>Zahvaljuju\u0107i svom okruglom, zaobljenom dizajnu nalik balonu, \u201eEsferas\u201c je jedna od na\u0161ih vanjskih svjetiljki s uzbudljivijim, veselim karakterom. Jedinstveni oblik vanjske rasvjete s kojim mo\u017eete posti\u0107i onaj poseban detalj koji \u0107e i\u0107i uz bilo koji namje\u0161taj za terasu. Zapravo, \u201eEsferas\u201c rasvjeta izgleda dobro ne samo u prostorima s kreativnim dizajnom, ve\u0107 i onima s neutralnim stilom ili minimalisti\u010dkim namje\u0161tajem zahvaljuju\u0107i kontrastu koji mo\u017ee pru\u017eiti.<\/p>\n","protected":false},"excerpt":{"rendered":"<p>Zahvaljuju\u0107i svom okruglom, zaobljenom dizajnu nalik balonu, \u201eEsferas\u201c je jedna od na\u0161ih vanjskih svjetiljki s uzbudljivijim, veselim karakterom. Jedinstveni oblik vanjske rasvjete s kojim mo\u017eete posti\u0107i onaj poseban detalj koji \u0107e i\u0107i uz bilo koji namje\u0161taj za terasu. Zapravo, \u201eEsferas\u201c rasvjeta izgleda dobro ne samo u prostorima s kreativnim dizajnom, ve\u0107 i onima s neutralnim [&hellip;]<\/p>\n","protected":false},"featured_media":91924,"template":"","meta":{"_acf_changed":false},"product_brand":[],"product_cat":[2111,2105,2513,2061,2201,2202,2068,2226,2203,2205,2206,2204,2200,2073],"product_tag":[],"berocket_brand":[1112],"class_list":{"0":"post-92582","1":"product","2":"type-product","3":"status-publish","4":"has-post-thumbnail","6":"product_cat-dvorane","7":"product_cat-javni","8":"product_cat-outdoor","9":"product_cat-proizvodi","10":"product_cat-proizvodi-rasvjeta-dekorativna-rasvjeta-za-unutarnje-prostore","11":"product_cat-proizvodi-rasvjeta-dekorativna-rasvjeta-za-vanjske-prostore","12":"product_cat-prostori","13":"product_cat-prostori-dvorane-rasvjeta","14":"product_cat-prostori-horeca-rasvjeta","15":"product_cat-prostori-javni-rasvjeta","16":"product_cat-prostori-outdoor-rasvjeta-za-vanjske-prostore","17":"product_cat-prostori-rezidencijalni-rasvjeta","18":"product_cat-rasvjeta","19":"product_cat-rezidencijalni","20":"berocket_brand-diabla-by-gandia-blasco","22":"first","23":"instock","24":"product-type-grouped"},"acf":[],"_links":{"self":[{"href":"https:\/\/cernelic.hr\/en\/wp-json\/wp\/v2\/product\/92582","targetHints":{"allow":["GET"]}}],"collection":[{"href":"https:\/\/cernelic.hr\/en\/wp-json\/wp\/v2\/product"}],"about":[{"href":"https:\/\/cernelic.hr\/en\/wp-json\/wp\/v2\/types\/product"}],"wp:featuredmedia":[{"embeddable":true,"href":"https:\/\/cernelic.hr\/en\/wp-json\/wp\/v2\/media\/91924"}],"wp:attachment":[{"href":"https:\/\/cernelic.hr\/en\/wp-json\/wp\/v2\/media?parent=92582"}],"wp:term":[{"taxonomy":"product_brand","embeddable":true,"href":"https:\/\/cernelic.hr\/en\/wp-json\/wp\/v2\/product_brand?post=92582"},{"taxonomy":"product_cat","embeddable":true,"href":"https:\/\/cernelic.hr\/en\/wp-json\/wp\/v2\/product_cat?post=92582"},{"taxonomy":"product_tag","embeddable":true,"href":"https:\/\/cernelic.hr\/en\/wp-json\/wp\/v2\/product_tag?post=92582"},{"taxonomy":"berocket_brand","embeddable":true,"href":"https:\/\/cernelic.hr\/en\/wp-json\/wp\/v2\/berocket_brand?post=92582"}],"curies":[{"name":"wp","href":"https:\/\/api.w.org\/{rel}","templated":true}]}}