{"id":92584,"date":"2021-03-19T13:16:05","date_gmt":"2021-03-19T13:16:05","guid":{"rendered":"https:\/\/cernelic.hr\/katalog\/Bez%20kategorije\/fez-by-gandiablasco-2\/"},"modified":"2023-12-07T15:55:38","modified_gmt":"2023-12-07T15:55:38","slug":"fez-by-gandiablasco","status":"publish","type":"product","link":"https:\/\/cernelic.hr\/en\/proizvod\/fez-by-gandiablasco\/","title":{"rendered":"FEZ by Gandia Blasco"},"content":{"rendered":"<p>Sva \u010darolija koja Vam treba za osvijetliti ve\u010deru s prijateljima, zabavu, svoj vrt, pustu pla\u017eu, ili romanti\u010dnu ve\u010deru, na kojoj bi samo mjese\u010dina mogla biti privla\u010dnija\u2026<\/p>\n","protected":false},"excerpt":{"rendered":"<p>Sva \u010darolija koja Vam treba za osvijetliti ve\u010deru s prijateljima, zabavu, svoj vrt, pustu pla\u017eu, ili romanti\u010dnu ve\u010deru, na kojoj bi samo mjese\u010dina mogla biti privla\u010dnija\u2026<\/p>\n","protected":false},"featured_media":41502,"template":"","meta":{"_acf_changed":false},"product_brand":[],"product_cat":[2514,2111,2105,2513,2061,2196,2197,2068,2209,2207,2208,2199,2198,2073],"product_tag":[],"berocket_brand":[527],"class_list":{"0":"post-92584","1":"product","2":"type-product","3":"status-publish","4":"has-post-thumbnail","6":"product_cat-accessories","7":"product_cat-dvorane","8":"product_cat-javni","9":"product_cat-outdoor","10":"product_cat-proizvodi","11":"product_cat-proizvodi-accessories-accessories-za-unutarnje-prostore","12":"product_cat-proizvodi-accessories-accessories-za-vanjske-prostore","13":"product_cat-prostori","14":"product_cat-prostori-dvorane-accessories","15":"product_cat-prostori-horeca-accessories","16":"product_cat-prostori-javni-accessories","17":"product_cat-prostori-outdoor-accesories","18":"product_cat-prostori-rezidencijalni-accessories","19":"product_cat-rezidencijalni","20":"berocket_brand-gandia-blasco","22":"first","23":"instock","24":"product-type-grouped"},"acf":[],"_links":{"self":[{"href":"https:\/\/cernelic.hr\/en\/wp-json\/wp\/v2\/product\/92584","targetHints":{"allow":["GET"]}}],"collection":[{"href":"https:\/\/cernelic.hr\/en\/wp-json\/wp\/v2\/product"}],"about":[{"href":"https:\/\/cernelic.hr\/en\/wp-json\/wp\/v2\/types\/product"}],"wp:featuredmedia":[{"embeddable":true,"href":"https:\/\/cernelic.hr\/en\/wp-json\/wp\/v2\/media\/41502"}],"wp:attachment":[{"href":"https:\/\/cernelic.hr\/en\/wp-json\/wp\/v2\/media?parent=92584"}],"wp:term":[{"taxonomy":"product_brand","embeddable":true,"href":"https:\/\/cernelic.hr\/en\/wp-json\/wp\/v2\/product_brand?post=92584"},{"taxonomy":"product_cat","embeddable":true,"href":"https:\/\/cernelic.hr\/en\/wp-json\/wp\/v2\/product_cat?post=92584"},{"taxonomy":"product_tag","embeddable":true,"href":"https:\/\/cernelic.hr\/en\/wp-json\/wp\/v2\/product_tag?post=92584"},{"taxonomy":"berocket_brand","embeddable":true,"href":"https:\/\/cernelic.hr\/en\/wp-json\/wp\/v2\/berocket_brand?post=92584"}],"curies":[{"name":"wp","href":"https:\/\/api.w.org\/{rel}","templated":true}]}}